{"id":190,"date":"2008-02-07T13:39:42","date_gmt":"2008-02-07T12:39:42","guid":{"rendered":"http:\/\/lubwart.de\/wordpress\/?page_id=190"},"modified":"2025-10-30T14:57:07","modified_gmt":"2025-10-30T13:57:07","slug":"impressum","status":"publish","type":"page","link":"https:\/\/www.bushido-lubwart.de\/wordpress\/impressum\/","title":{"rendered":"Impressum"},"content":{"rendered":"\n<p><strong>Vereinsname:<br><\/strong>Bushido Lubwart Bad Liebenwerda e.V.<br><strong>Anschrift: <\/strong>Waldbadstra\u00dfe 21<br><strong>PLZ\/Ort: <\/strong>04924 Zeischa<br><strong>Tel: <\/strong>(+49) 035341-12867<br><a class=\"link\" href=\"mailto:info@lubwart.de\" target=\"_blank\" rel=\"noopener\"><strong>info@lubwart.de<\/strong><\/a><br><strong>Gl\u00e4ubiger-Identifikationsnummer: <\/strong>DE46ZZZ00000401109<\/p>\n\n\n\n<p><strong>Vereinsregister: <\/strong>AG Cottbus<br><strong>Registernummer:<\/strong> 3648<br><strong>Vorstand: <\/strong>Ralph P. G\u00f6rlach, Sven Schr\u00f6ter, Marco Pfitzmann<br><strong>Umsatzsteuer-ID-Nr.: <\/strong>DE212630085<\/p>\n\n\n\n<p><strong>Verantwortlich f\u00fcr die Website gem. \u00a7 10 Abs. 3 MDStV:<br><\/strong>Dipl.-Finw. (FH) Ralph P. G\u00f6rlach<br>Walther-Rathenau-Str. 19, D-04910 Elsterwerda<\/p>\n\n\n\n<p><strong>Haftungsausschluss:<br><\/strong>Trotz sorgf\u00e4ltiger inhaltlicher Kontrolle \u00fcbernehmen wir keine Haftung f\u00fcr die Inhalte externer Links. F\u00fcr den Inhalt der verlinkten Seiten sind ausschlie\u00dflich deren Betreiber verantwortlich.<\/p>\n\n\n\n<p><a href=\"http:\/\/www.bushido-lubwart.de\/wordpress\/datenschutzerklaerung\/\">Datenschutzerkl\u00e4rung<\/a><\/p>\n","protected":false},"excerpt":{"rendered":"<p>Vereinsname:Bushido Lubwart Bad Liebenwerda e.V.Anschrift: Waldbadstra\u00dfe 21PLZ\/Ort: 04924 ZeischaTel: (+49) 035341-12867info@lubwart.deGl\u00e4ubiger-Identifikationsnummer: DE46ZZZ00000401109 Vereinsregister: AG CottbusRegisternummer: 3648Vorstand: Ralph P. G\u00f6rlach, Sven Schr\u00f6ter, Marco PfitzmannUmsatzsteuer-ID-Nr.: DE212630085 Verantwortlich f\u00fcr die Website gem. \u00a7 10 Abs. 3 MDStV:Dipl.-Finw. (FH) Ralph P. G\u00f6rlachWalther-Rathenau-Str. 19, D-04910 Elsterwerda Haftungsausschluss:Trotz sorgf\u00e4ltiger inhaltlicher Kontrolle \u00fcbernehmen wir keine Haftung f\u00fcr die Inhalte externer Links. F\u00fcr [&hellip;]<\/p>\n","protected":false},"author":1,"featured_media":0,"parent":0,"menu_order":6,"comment_status":"closed","ping_status":"open","template":"","meta":{"ngg_post_thumbnail":0,"footnotes":""},"class_list":["post-190","page","type-page","status-publish","hentry"],"_links":{"self":[{"href":"https:\/\/www.bushido-lubwart.de\/wordpress\/wp-json\/wp\/v2\/pages\/190"}],"collection":[{"href":"https:\/\/www.bushido-lubwart.de\/wordpress\/wp-json\/wp\/v2\/pages"}],"about":[{"href":"https:\/\/www.bushido-lubwart.de\/wordpress\/wp-json\/wp\/v2\/types\/page"}],"author":[{"embeddable":true,"href":"https:\/\/www.bushido-lubwart.de\/wordpress\/wp-json\/wp\/v2\/users\/1"}],"replies":[{"embeddable":true,"href":"https:\/\/www.bushido-lubwart.de\/wordpress\/wp-json\/wp\/v2\/comments?post=190"}],"version-history":[{"count":7,"href":"https:\/\/www.bushido-lubwart.de\/wordpress\/wp-json\/wp\/v2\/pages\/190\/revisions"}],"predecessor-version":[{"id":3711,"href":"https:\/\/www.bushido-lubwart.de\/wordpress\/wp-json\/wp\/v2\/pages\/190\/revisions\/3711"}],"wp:attachment":[{"href":"https:\/\/www.bushido-lubwart.de\/wordpress\/wp-json\/wp\/v2\/media?parent=190"}],"curies":[{"name":"wp","href":"https:\/\/api.w.org\/{rel}","templated":true}]}}