{"id":1671,"date":"2008-04-07T08:25:01","date_gmt":"2008-04-07T07:25:01","guid":{"rendered":"http:\/\/www.bushido-lubwart.de\/wordpress\/?page_id=1671"},"modified":"2011-05-17T09:17:06","modified_gmt":"2011-05-17T08:17:06","slug":"deutsche-meisterschaften-2008","status":"publish","type":"page","link":"https:\/\/www.bushido-lubwart.de\/wordpress\/karate-im-verein\/erfolge\/deutsche-meisterschaften-2008\/","title":{"rendered":"DM 2008"},"content":{"rendered":"<p>In diesem Jahr fanden die Meisterschaften mit dem bisher gr\u00f6\u00dften Teilnehmerfeld statt. Ungef\u00e4hr 180 Teilnehmer wurden gemeldet, 15 davon traten f\u00fcr unseren Verein an.<br \/>\nAm Ende des Tages konnte Bushido 5 Meistertitel, davon ein Doppelmeister, sowie 2 Vizemeistertitel verbuchen.<\/p>\n<table CLASS=\"\">\n<tr>\n<td CLASS=\"\">Platzierung<\/td>\n<td CLASS=\"\">Disziplin<\/td>\n<td CLASS=\"\">Name<\/td>\n<\/tr>\n<tr>\n<td CLASS=\"\">1. Platz<\/td>\n<td CLASS=\"\">Kata<\/td>\n<td CLASS=\"\">Lisa Jablonka (18+)<\/td>\n<\/tr>\n<tr>\n<td CLASS=\"\">1. Platz<\/td>\n<td CLASS=\"\">Kata<\/td>\n<td CLASS=\"\">Dat R\u00f6der (12-13)<\/td>\n<\/tr>\n<tr>\n<td CLASS=\"\">1. Platz<\/td>\n<td CLASS=\"\">Kata<\/td>\n<td CLASS=\"\">Eric Sch\u00fctz (18+)<\/td>\n<\/tr>\n<tr>\n<td CLASS=\"\">2. Platz<\/td>\n<td CLASS=\"\">Kata<\/td>\n<td CLASS=\"\">Robert Vetter (9-11)<\/td>\n<\/tr>\n<tr>\n<td CLASS=\"\">3. Platz<\/td>\n<td CLASS=\"\">Kata<\/td>\n<td CLASS=\"\">Benjamin Richter (12-13)<\/td>\n<\/tr>\n<tr>\n<td CLASS=\"\">3. Platz<\/td>\n<td CLASS=\"\">Kata<\/td>\n<td CLASS=\"\">Lisa Heyne (12-13)<\/td>\n<\/tr>\n<tr>\n<td CLASS=\"\">3. Platz<\/td>\n<td CLASS=\"\">Kata<\/td>\n<td CLASS=\"\">Sven Schr\u00f6ter (18+)<\/td>\n<\/tr>\n<tr>\n<td CLASS=\"\">1. Platz<\/td>\n<td CLASS=\"\">Kumite<\/td>\n<td CLASS=\"\">Lisa Heyne (12-13)<\/td>\n<\/tr>\n<tr>\n<td CLASS=\"\">1. Platz<\/td>\n<td CLASS=\"\">Kumite<\/td>\n<td CLASS=\"\">Eric Sch\u00fctz (18+)<\/td>\n<\/tr>\n<tr>\n<td CLASS=\"\">2. Platz<\/td>\n<td CLASS=\"\">Kumite<\/td>\n<td CLASS=\"\">Benjamin Richter (12-13)<\/td>\n<\/tr>\n<tr>\n<td CLASS=\"\">3. Platz<\/td>\n<td CLASS=\"\">Kumite<\/td>\n<td CLASS=\"\">Dat R\u00f6der (12-13)<\/td>\n<\/tr>\n<tr>\n<td CLASS=\"\">3. Platz<\/td>\n<td CLASS=\"\">Kumite<\/td>\n<td CLASS=\"\">Julian Rei\u00dfig (12-13)<\/td>\n<\/tr>\n<tr>\n<td CLASS=\"\">3. Platz<\/td>\n<td CLASS=\"\">Kata Mannschaft-Mix<\/td>\n<td CLASS=\"\">Nicole Lorenz, Marco Kessler, Christian Kieschnick<\/td>\n<\/tr>\n<\/table>\n","protected":false},"excerpt":{"rendered":"<p>In diesem Jahr fanden die Meisterschaften mit dem bisher gr\u00f6\u00dften Teilnehmerfeld statt. Ungef\u00e4hr 180 Teilnehmer wurden gemeldet, 15 davon traten f\u00fcr unseren Verein an. Am Ende des Tages konnte Bushido 5 Meistertitel, davon ein Doppelmeister, sowie 2 Vizemeistertitel verbuchen. Platzierung Disziplin Name 1. Platz Kata Lisa Jablonka (18+) 1. Platz Kata Dat R\u00f6der (12-13) 1. [&hellip;]<\/p>\n","protected":false},"author":2,"featured_media":0,"parent":1038,"menu_order":2,"comment_status":"open","ping_status":"closed","template":"","meta":{"ngg_post_thumbnail":0,"footnotes":""},"class_list":["post-1671","page","type-page","status-publish","hentry"],"_links":{"self":[{"href":"https:\/\/www.bushido-lubwart.de\/wordpress\/wp-json\/wp\/v2\/pages\/1671"}],"collection":[{"href":"https:\/\/www.bushido-lubwart.de\/wordpress\/wp-json\/wp\/v2\/pages"}],"about":[{"href":"https:\/\/www.bushido-lubwart.de\/wordpress\/wp-json\/wp\/v2\/types\/page"}],"author":[{"embeddable":true,"href":"https:\/\/www.bushido-lubwart.de\/wordpress\/wp-json\/wp\/v2\/users\/2"}],"replies":[{"embeddable":true,"href":"https:\/\/www.bushido-lubwart.de\/wordpress\/wp-json\/wp\/v2\/comments?post=1671"}],"version-history":[{"count":2,"href":"https:\/\/www.bushido-lubwart.de\/wordpress\/wp-json\/wp\/v2\/pages\/1671\/revisions"}],"predecessor-version":[{"id":2093,"href":"https:\/\/www.bushido-lubwart.de\/wordpress\/wp-json\/wp\/v2\/pages\/1671\/revisions\/2093"}],"up":[{"embeddable":true,"href":"https:\/\/www.bushido-lubwart.de\/wordpress\/wp-json\/wp\/v2\/pages\/1038"}],"wp:attachment":[{"href":"https:\/\/www.bushido-lubwart.de\/wordpress\/wp-json\/wp\/v2\/media?parent=1671"}],"curies":[{"name":"wp","href":"https:\/\/api.w.org\/{rel}","templated":true}]}}