{"id":1646,"date":"2008-03-06T09:46:15","date_gmt":"2008-03-06T08:46:15","guid":{"rendered":"http:\/\/www.bushido-lubwart.de\/wordpress\/?page_id=1646"},"modified":"2008-03-06T09:46:15","modified_gmt":"2008-03-06T08:46:15","slug":"der-alte-und-der-samurai","status":"publish","type":"page","link":"https:\/\/www.bushido-lubwart.de\/wordpress\/weisheiten-2\/erzahlungen\/der-alte-und-der-samurai\/","title":{"rendered":"Der Alte und der Samurai"},"content":{"rendered":"<p>Ein alter Mann wanderte gem\u00e4chlich den Waldweg entlang, als ein junger, ungest\u00fcmer Samurai seinen Weg kreuzte. In der Mitte des Weges blieb der Samurai stehen und forderte den Alten auf, ihm Platz zu machen. Der alte Mann ging einfach an ihm vorbei als w\u00fcrde er ihn nicht bemerken. Der Samurai war au\u00dfer sich vor Wut und beschimpfte den Alten. &#8222;Habt Ihr denn keine Augen im Kopf oder seid ihr lebensm\u00fcde?&#8220;<\/p>\n<p>Der Alte ging einfach weiter und l\u00e4chelte nur. Das war zuviel f\u00fcr den jungen Samurai und er griff nach seinem Schwert um dem Alten zu drohen. In diesem Moment drehte sich der Alte um und schaute ihm tief in die Augen und sagte: &#8222;Wer hat hier keine Augen im Kopf?&#8220;<\/p>\n<p>Der Blick in seine Augen war so stark, dass der Samurai zur\u00fcckwich und eine Verteidigungshaltung einnahm. Der Alte musste wieder schmunzeln und sagte: &#8222;Ich werde dir nichts tun&#8220;.<\/p>\n<p>Der Samurai starrte ihn an und fragte: &#8222;Habt ihr keine Angst vor einem Schwert?&#8220; &#8220; Vor einem Schwert habe ich keine Angst, nur vor dem der es benutzt.&#8220;<\/p>\n<p>Der Samurai lie\u00df die Hand vom Schwert gleiten und richtete sich auf. &#8222;Also habt ihr doch Angst vor mir!&#8220;<\/p>\n<p>&#8222;Warum nicht?&#8220; fragte der Alte &#8222;ihr seid jung, stark und mutig, ich bin alt und gebrechlich. Ich muss vor euch Angst haben!&#8220;<\/p>\n<p>Der Samurai war jetzt \u00fcbergl\u00fccklich und setzte ein L\u00e4cheln auf. In diesem Moment schleuderte der Alte blitzschnell seinen Stock in Richtung Gesichtes des Samurai und zog sein Tanto. Er setzte es ihm an die Brust und sagte: &#8222;Ein Samurai sollte nie \u00fcberheblich und eitel sein! Das bringt ihn nur vom Weg ab!&#8220;<\/p>\n","protected":false},"excerpt":{"rendered":"<p>Ein alter Mann wanderte gem\u00e4chlich den Waldweg entlang, als ein junger, ungest\u00fcmer Samurai seinen Weg kreuzte. In der Mitte des Weges blieb der Samurai stehen und forderte den Alten auf, ihm Platz zu machen. Der alte Mann ging einfach an ihm vorbei als w\u00fcrde er ihn nicht bemerken. Der Samurai war au\u00dfer sich vor Wut [&hellip;]<\/p>\n","protected":false},"author":2,"featured_media":0,"parent":1621,"menu_order":8,"comment_status":"open","ping_status":"open","template":"","meta":{"ngg_post_thumbnail":0,"footnotes":""},"class_list":["post-1646","page","type-page","status-publish","hentry"],"_links":{"self":[{"href":"https:\/\/www.bushido-lubwart.de\/wordpress\/wp-json\/wp\/v2\/pages\/1646"}],"collection":[{"href":"https:\/\/www.bushido-lubwart.de\/wordpress\/wp-json\/wp\/v2\/pages"}],"about":[{"href":"https:\/\/www.bushido-lubwart.de\/wordpress\/wp-json\/wp\/v2\/types\/page"}],"author":[{"embeddable":true,"href":"https:\/\/www.bushido-lubwart.de\/wordpress\/wp-json\/wp\/v2\/users\/2"}],"replies":[{"embeddable":true,"href":"https:\/\/www.bushido-lubwart.de\/wordpress\/wp-json\/wp\/v2\/comments?post=1646"}],"version-history":[{"count":0,"href":"https:\/\/www.bushido-lubwart.de\/wordpress\/wp-json\/wp\/v2\/pages\/1646\/revisions"}],"up":[{"embeddable":true,"href":"https:\/\/www.bushido-lubwart.de\/wordpress\/wp-json\/wp\/v2\/pages\/1621"}],"wp:attachment":[{"href":"https:\/\/www.bushido-lubwart.de\/wordpress\/wp-json\/wp\/v2\/media?parent=1646"}],"curies":[{"name":"wp","href":"https:\/\/api.w.org\/{rel}","templated":true}]}}