{"id":1645,"date":"2008-03-06T09:45:17","date_gmt":"2008-03-06T08:45:17","guid":{"rendered":"http:\/\/www.bushido-lubwart.de\/wordpress\/?page_id=1645"},"modified":"2008-03-06T09:45:17","modified_gmt":"2008-03-06T08:45:17","slug":"bunraku","status":"publish","type":"page","link":"https:\/\/www.bushido-lubwart.de\/wordpress\/weisheiten-2\/erzahlungen\/bunraku\/","title":{"rendered":"Bunraku"},"content":{"rendered":"<p>Man erz\u00e4hlt sich folgende Geschichte \u00fcber einen bestimmten Gidayu Meister. Als er noch Sch\u00fcler war, und sich bem\u00fchte jene langen Erz\u00e4hlgeschichten singen zu lernen, hatte er einen \u00e4u\u00dferst strengen Lehrer, der ihm jahrelang nur eine bestimmte Passage aus dem Taikoki, ein Drama \u00fcber das Leben und Zeit von Toyotomi Hideyoshi, lehrte, und sich weigerte ihm irgendetwas anderes lehren. Hunderte Male am Tag, tagaus tagein, mu\u00dfte der Sch\u00fcler immer wieder denselben Auszug anstimmen, und jedesmal war seines Lehrers einzige Bemerkung dazu, &#8222;Nicht richtig.&#8220; Er erlaubte ihm nicht, mit der n\u00e4chsten Passage zu beginnen.<\/p>\n<p>Schlie\u00dflich gelangte der verbitterte Sch\u00fcler zu der \u00dcberzeugung, da\u00df er f\u00fcr diesen Beruf nicht geeignet war und lief mitten in der Nacht davon, um sein Gl\u00fcck in Edo, der Hauptstadt des Shogun&#8217;s, mit etwas zu versuchen, das ihm mehr liegt. Unterwegs, wollte es der Zufall, da\u00df er f\u00fcr die Nacht in ein Gasthaus in der Provinz Suruga (jetzt Pr\u00e4fektur Shizuoka) einkehrte, in dem sich eine Gruppe von Gidayu-Begeisterten f\u00fcr einen Amateur-Wettstreit versammelt hatte. Immer noch tief in der Kunst gefangen, die er so lange Zeit ge\u00fcbt hatte, konnte er dem Drang nicht widerstehen, sich an dem Wettstreit zu beteiligen. Obwohl er ein Au\u00dfenstehender war, ging er auf die B\u00fchne und rezitierte aus ganzem Herzen die einzige, ihm so gut gekannte Stelle. Als er endete, kam der alte Mann auf ihn zu, der den Wettbewerb ausgerichtet hatte. &#8222;Du meine G\u00fcte, das war wirklich gro\u00dfartig,&#8220; rief der Alte aus. &#8222;Ich w\u00fcrde gern Euren richtigen Namen erfahren. Wenn mich meine Augen und Ohren nicht t\u00e4uschen, mu\u00dft Ihr ein ber\u00fchmter Meister sein.&#8220;<\/p>\n<p>Dem ehemaligen Sch\u00fcler verschlug es ob soviel schmeichelhaften Lobes glatt die Sprache. Er kratzte sich am Kopf, und platzte dann heraus; &#8222;Nichts ist weiter von der Wahrheit entfernt als das. Ich bin doch ein offenkundiger Anf\u00e4nger. Ich mu\u00df gestehen, da\u00df ich nicht einmal die Passagen vor oder nach der Textstelle kenne, die ich gerade rezitiert habe.&#8220;<\/p>\n<p>Der alte Mann war au\u00dferordentlich \u00fcberrascht. &#8222;Ist das wahr? Aber Euer K\u00f6nnen ist dem der Bunraku Meister vergleichbar. Wer auf Erden war Euer Lehrer?&#8220;<\/p>\n<p>Der Sch\u00fcler erz\u00e4hlte nun \u00fcber die Strenge seiner Ausbildung und wie er letztendlich aufgegebenen hatte und davongelaufen war.<\/p>\n<p>Mit einem Seufzer sagte der alte Mann, &#8222;Da hast du einen schrecklichen Fehler begangen. Nur weil du das Gl\u00fcck hattest, unter so einem strengen Lehrer lernen zu d\u00fcrfen, war es dir verg\u00f6nnt, so viel in nur wenigen Jahren zu lernen. Folge meinem Rat: Kehre sofort zu deinem Lehrer zur\u00fcck, bitte ihn um Verzeihung, und nimm dein Studium wieder auf.&#8220;<\/p>\n<p>Die Worte des alten Mannes vernehmend, bemerkte der Sch\u00fcler unversehens seinen Fehler und ging zu seinem Lehrer zur\u00fcck. Schlie\u00dflich wurde er ein Meister seiner Kunst.<\/p>\n<p><em>Aus:<a HREF=\"http:\/\/www.budo-shop.net\/_cgi-bin\/shop\/shop.pl?f=NR&amp;c=2080707&amp;t=ddetail&amp;pid=blbl\"> Karate-do Nyumon<\/a> von Funakoshi Gichin, \u00fcbersetzt von Ralph P. G\u00f6rlach<br \/>\nDieses Buch kann bei <a HREF=\"http:\/\/www.bushido-lubwart.de\/lubwart.de\/weisheiten\/erzaehlungen\/index.php\">Budoshop-Online<\/a> bestellt werden. <a HREF=\"http:\/\/www.budo-shop.net\/_cgi-bin\/shop\/shop.pl?f=NR&amp;c=2080707&amp;t=ddetail&amp;pid=blbl\">Einfach hier klicken.<\/a><\/em><\/p>\n","protected":false},"excerpt":{"rendered":"<p>Man erz\u00e4hlt sich folgende Geschichte \u00fcber einen bestimmten Gidayu Meister. Als er noch Sch\u00fcler war, und sich bem\u00fchte jene langen Erz\u00e4hlgeschichten singen zu lernen, hatte er einen \u00e4u\u00dferst strengen Lehrer, der ihm jahrelang nur eine bestimmte Passage aus dem Taikoki, ein Drama \u00fcber das Leben und Zeit von Toyotomi Hideyoshi, lehrte, und sich weigerte ihm [&hellip;]<\/p>\n","protected":false},"author":2,"featured_media":0,"parent":1621,"menu_order":7,"comment_status":"open","ping_status":"open","template":"","meta":{"ngg_post_thumbnail":0,"footnotes":""},"class_list":["post-1645","page","type-page","status-publish","hentry"],"_links":{"self":[{"href":"https:\/\/www.bushido-lubwart.de\/wordpress\/wp-json\/wp\/v2\/pages\/1645"}],"collection":[{"href":"https:\/\/www.bushido-lubwart.de\/wordpress\/wp-json\/wp\/v2\/pages"}],"about":[{"href":"https:\/\/www.bushido-lubwart.de\/wordpress\/wp-json\/wp\/v2\/types\/page"}],"author":[{"embeddable":true,"href":"https:\/\/www.bushido-lubwart.de\/wordpress\/wp-json\/wp\/v2\/users\/2"}],"replies":[{"embeddable":true,"href":"https:\/\/www.bushido-lubwart.de\/wordpress\/wp-json\/wp\/v2\/comments?post=1645"}],"version-history":[{"count":0,"href":"https:\/\/www.bushido-lubwart.de\/wordpress\/wp-json\/wp\/v2\/pages\/1645\/revisions"}],"up":[{"embeddable":true,"href":"https:\/\/www.bushido-lubwart.de\/wordpress\/wp-json\/wp\/v2\/pages\/1621"}],"wp:attachment":[{"href":"https:\/\/www.bushido-lubwart.de\/wordpress\/wp-json\/wp\/v2\/media?parent=1645"}],"curies":[{"name":"wp","href":"https:\/\/api.w.org\/{rel}","templated":true}]}}