{"id":1635,"date":"2008-03-04T12:24:51","date_gmt":"2008-03-04T11:24:51","guid":{"rendered":"http:\/\/www.bushido-lubwart.de\/wordpress\/?page_id=1635"},"modified":"2008-03-04T12:24:51","modified_gmt":"2008-03-04T11:24:51","slug":"weisheit","status":"publish","type":"page","link":"https:\/\/www.bushido-lubwart.de\/wordpress\/weisheiten-2\/chinesische-sprichworter\/weisheit\/","title":{"rendered":"Weisheit"},"content":{"rendered":"<p>So lange Du dem andern<br \/>\nsein Anderssein nicht verzeihen kannst,<br \/>\nbist Du noch weit vom Wege zur Weisheit.<\/p>\n<p>Der Weise legt sich keinen Schatz zur\u00fcck.<br \/>\nJe mehr er gibt, desto mehr hat er.<\/p>\n<p>Willst Du nicht fragen,<br \/>\nso wirst Du auch nicht<br \/>\nans Ziel kommen.<\/p>\n<p>Die Schwierigkeit einer Sache beruht nicht auf ihrer Gr\u00f6\u00dfe,<br \/>\nsondern darauf, die rechte Zeit zu erkennen.<br \/>\n(L\u00fc-Shin Ch&#8217;un Ch&#8217;iu)<\/p>\n<p><a HREF=\"http:\/\/www.bushido-lubwart.de\/wordpress\/wp-content\/uploads\/2008\/03\/pic10.jpg\" TITLE=\"Tori Reihe von Tori in Kobe\"><img ALIGN=\"right\" SRC=\"http:\/\/www.bushido-lubwart.de\/wordpress\/wp-content\/uploads\/2008\/03\/pic10.thumbnail.jpg\" ALT=\"Tori Reihe von Tori in Kobe\" \/><\/a><\/p>\n<p>Lerne, als h\u00e4ttest Du es nicht erreicht<br \/>\nund f\u00fcrchtest, es zu verlieren.<\/p>\n<p>Der wahre Gelehrte scheut sich nicht,<br \/>\nauch jene zu fragen, die unter ihm stehen.<br \/>\nAndere sieht man in einem klaren Licht,<br \/>\nsich selbst aber nicht.<\/p>\n<p>Hast Du Wissen und Weisheit,<br \/>\nso sei deswegen nicht \u00fcberheblich.<\/p>\n<p>Die Geduld nicht verlieren,<br \/>\nauch wenn es unm\u00f6glich erscheint &#8211; das ist Geduld.<\/p>\n<p>Irrlehren bek\u00e4mpfen bringt keinen Gewinn &#8211;<br \/>\nes schadet nur.<br \/>\n(Konfuzius)<\/p>\n<p>In Stille nachdenken, geduldig Wissen erwerben<br \/>\nund dies unerm\u00fcdlich andere lehren &#8211;<br \/>\ndas ist nicht zu lernen, dass muss man haben.<br \/>\n(Konfuzius)<\/p>\n<p>Weisheit, Mitleid und Tapferkeit sind die<br \/>\ndrei wichtigsten sittlichen Eigenschaften des Menschen.<\/p>\n<p>Wer sein Unwissenheit zugibt, zeigt sie einmal;<br \/>\nwer sie zu verbergen sucht, zeigt sie viele Male.<\/p>\n<p>B\u00fccher ersch\u00f6pfen die Worte nicht,<br \/>\nWorte ersch\u00f6pfen die Gedanken nicht.<\/p>\n<p>Selbstbeherrschung ist stets bei<br \/>\neinem Weisen mit Charakter zu finden.<\/p>\n<p>Forschen ist mehr als Wissen.<br \/>\nHeiteres Erkennen ist mehr als Forschen.<br \/>\n(Konfuzius)<\/p>\n<p>Jede Erkenntnis wird durch<br \/>\nZorn und Unbeherrschtheit vereitelt.<\/p>\n<p>Nicht wissen, aber Wissen vort\u00e4uschen, ist ein Laster.<br \/>\nWissen, aber sich dem Unwissenden gleich verhalten, ist Weisheit.<\/p>\n<p>Wissen und Reichtum gewinnen &#8211; das ist schwer.<\/p>\n<p>Ein Mensch lernt weniger von seinen Siegen<br \/>\nals vielmehr von seinen Niederlagen.<\/p>\n<p>Jedes Mal, wenn man ein Buch \u00f6ffnet,<br \/>\nlernt man etwas.<\/p>\n<p>Um weise zu sein, muss man nicht viele Dinge wissen.<br \/>\nWer viele Dinge weiss, ist damit noch nicht weise.<br \/>\n(Lao Tse)<\/p>\n<p>Lernen ohne Denken ist verlorene M\u00fche.<br \/>\nDenken ohne Lernen ist gef\u00e4hrlich.<\/p>\n<p>Frage die um Rat, die mehr wissen als Du.<\/p>\n<p>Wissen, was man weiss,<br \/>\nund wissen, was man nicht weiss,<br \/>\ndas ist wahres Wissen.<br \/>\n(Konfuzius)<\/p>\n<p>Wer sein Wissen angleichen will,<br \/>\ndem Wissen anderer,<br \/>\ndringt nie in die Tiefe und ist verdammt<br \/>\nzur Oberfl\u00e4chlichkeit.<br \/>\n(Dschuang Dse)<\/p>\n<p>Lerne immerfort, wie wenn Du dem Ziel noch nicht nahe<br \/>\nund immer besorgt w\u00e4rst, die Fr\u00fcchte Deines Lernens zu verlieren.<br \/>\n(Konfuzius)<\/p>\n<p>Fehler entstehen in der Eile,<br \/>\nniemals, wenn etwas in aller Ruhe gemacht wird.<\/p>\n<p>Nimm Dir Zeit zum \u00dcberlegen und Beratschlagen.<br \/>\nWenn Du aber wei\u00dft, was Du willst,<br \/>\ndann bringe Dein Vorhaben schnell zum Abschluss.<\/p>\n<p>Auch eine F\u00fclle von B\u00fccher<br \/>\nersetzt den guten Lehrer nicht.<\/p>\n<p>Besser noch ganz und gar unwissend sein,<br \/>\nals nur eine oberfl\u00e4chliche Kenntnis haben.<\/p>\n<p>Du sollst uners\u00e4ttlich im Lernen<br \/>\nund unerm\u00fcdlich im Lehren sein.<br \/>\n(Konfuzius)<\/p>\n<p>Nur wer studiert hat wei\u00df,<br \/>\ndass er nichts weiss.<\/p>\n<p>Es ist schwierig, drei Jahre lange zu lernen,<br \/>\nohne praktischen Nutzen im Auge zu haben.<br \/>\n(Konfuzius)<\/p>\n<p>Der Weise \u00fcbersieht mitunter einen Schlag ins Gesicht.<\/p>\n<p>Wer fragt ist ein Narr f\u00fcr f\u00fcnf Minuten;<br \/>\nwer nicht fragte, bleibt einer f\u00fcr allemal.<\/p>\n<p>Sich selbst strenger beurteilen, als man andere beureilt,<br \/>\nist ein sicherer Weg, um Klagen vorzubeugen.<br \/>\n(Konfuzius)<\/p>\n<p>Seelenruhe erwirbt man durch Wissen,<br \/>\nerworben ohne Vorliebe und Abneigung.<br \/>\n(Mo Dse)<\/p>\n<p>Wer andere kennt, ist klug,<br \/>\nwer sich selbst kennt, ist weise.<br \/>\n(Lao Tse)<\/p>\n<p>Wer das Lernen liebt, der ist dem Wissen nahe.<br \/>\n(Konfuzius)<\/p>\n<p>Erst durch das Studium des Alten<br \/>\nkann man neue Einsichten gewinnen.<\/p>\n<p>Die Wissenden reden nichts,<br \/>\ndie Redenden wissen nichts.<\/p>\n<p>Zu wissen, was gut ist, ist nicht genug,<br \/>\nman muss es auch lieben.<br \/>\nDie G\u00fcte zu lieben, ist nicht genug,<br \/>\nman muss sie auch mit Begeisterung praktizieren.<br \/>\n(Konfuzius)<\/p>\n<p>Je ungebildetet, desto hochm\u00fctiger.<\/p>\n<p>Der Weise arbeitet niemals am Gro\u00dfen.<br \/>\nDeshalb kann er das Gro\u00dfe verwirklichen.<br \/>\n(Lao Tse)<\/p>\n<p>Ein bisschen Wissen ist eine gef\u00e4hrliche Sache.<\/p>\n<p>Wissen zu erwerben, ohne \u00fcber das Erlernte nachzudenken,<br \/>\nist sinnlos.<br \/>\nNur nachzudenken, ohne zu lernen,<br \/>\nf\u00fchrt zu gef\u00e4hrlichen \u00dcberlegungen.<br \/>\n(Konfuzius)<\/p>\n<p>Die Selbsterkenntnis ist die Quelle allen Wissens.<br \/>\n(Lu Chiu-Y\u00fcan)<\/p>\n<p>Ein Gelehrter mag zwar gro\u00dfe Gelehrsamkeit besitzen;<br \/>\naber das Wichtigste ist, wie er sich verh\u00e4lt.<br \/>\n(Mo Dse)<\/p>\n","protected":false},"excerpt":{"rendered":"<p>So lange Du dem andern sein Anderssein nicht verzeihen kannst, bist Du noch weit vom Wege zur Weisheit. Der Weise legt sich keinen Schatz zur\u00fcck. Je mehr er gibt, desto mehr hat er. Willst Du nicht fragen, so wirst Du auch nicht ans Ziel kommen. Die Schwierigkeit einer Sache beruht nicht auf ihrer Gr\u00f6\u00dfe, sondern [&hellip;]<\/p>\n","protected":false},"author":2,"featured_media":0,"parent":1612,"menu_order":11,"comment_status":"open","ping_status":"open","template":"","meta":{"ngg_post_thumbnail":0,"footnotes":""},"class_list":["post-1635","page","type-page","status-publish","hentry"],"_links":{"self":[{"href":"https:\/\/www.bushido-lubwart.de\/wordpress\/wp-json\/wp\/v2\/pages\/1635"}],"collection":[{"href":"https:\/\/www.bushido-lubwart.de\/wordpress\/wp-json\/wp\/v2\/pages"}],"about":[{"href":"https:\/\/www.bushido-lubwart.de\/wordpress\/wp-json\/wp\/v2\/types\/page"}],"author":[{"embeddable":true,"href":"https:\/\/www.bushido-lubwart.de\/wordpress\/wp-json\/wp\/v2\/users\/2"}],"replies":[{"embeddable":true,"href":"https:\/\/www.bushido-lubwart.de\/wordpress\/wp-json\/wp\/v2\/comments?post=1635"}],"version-history":[{"count":0,"href":"https:\/\/www.bushido-lubwart.de\/wordpress\/wp-json\/wp\/v2\/pages\/1635\/revisions"}],"up":[{"embeddable":true,"href":"https:\/\/www.bushido-lubwart.de\/wordpress\/wp-json\/wp\/v2\/pages\/1612"}],"wp:attachment":[{"href":"https:\/\/www.bushido-lubwart.de\/wordpress\/wp-json\/wp\/v2\/media?parent=1635"}],"curies":[{"name":"wp","href":"https:\/\/api.w.org\/{rel}","templated":true}]}}