{"id":1633,"date":"2008-03-04T12:21:06","date_gmt":"2008-03-04T11:21:06","guid":{"rendered":"http:\/\/www.bushido-lubwart.de\/wordpress\/?page_id=1633"},"modified":"2008-03-04T12:21:06","modified_gmt":"2008-03-04T11:21:06","slug":"reichtum","status":"publish","type":"page","link":"https:\/\/www.bushido-lubwart.de\/wordpress\/weisheiten-2\/chinesische-sprichworter\/reichtum\/","title":{"rendered":"Reichtum"},"content":{"rendered":"<p><a HREF=\"http:\/\/www.bushido-lubwart.de\/wordpress\/wp-content\/uploads\/2008\/03\/pic8.jpg\" TITLE=\"Hemeji\"><img ALIGN=\"right\" SRC=\"http:\/\/www.bushido-lubwart.de\/wordpress\/wp-content\/uploads\/2008\/03\/pic8.thumbnail.jpg\" ALT=\"Hemeji\" \/><\/a>Der zufriedene Mensch ist selbst in Armut gl\u00fccklich.<br \/>\nDer reiche Mensch ist selbst in Reichtum traurig.<\/p>\n<p>Ein gesunder armer Mensch ist ein halber Reicher.<\/p>\n<p>Vom Reichen fordere guten F\u00e4hrlohn,<br \/>\nden armen Mann aber hole ins Boot,<br \/>\nohne etwas zu verlangen.<\/p>\n<p>Wer viele Sch\u00e4tze anh\u00e4uft,<br \/>\nhat viel zu verlieren.<br \/>\n(Lao Tse)<\/p>\n<p>Je \u00e4rmer einer ist,<br \/>\ndesto mehr Teufeln begegnet er.<\/p>\n<p>Wer Geld hat, ist ein Drache,<br \/>\nwer keines hat, ein Wurm.<\/p>\n<p>Wer gut verdient, strengt sich nicht an.<br \/>\nWer sich anstrengt, verdient nicht gut.<\/p>\n<p>Wer nichts zu verlieren hat, ist reich.<\/p>\n","protected":false},"excerpt":{"rendered":"<p>Der zufriedene Mensch ist selbst in Armut gl\u00fccklich. Der reiche Mensch ist selbst in Reichtum traurig. Ein gesunder armer Mensch ist ein halber Reicher. Vom Reichen fordere guten F\u00e4hrlohn, den armen Mann aber hole ins Boot, ohne etwas zu verlangen. Wer viele Sch\u00e4tze anh\u00e4uft, hat viel zu verlieren. (Lao Tse) Je \u00e4rmer einer ist, desto [&hellip;]<\/p>\n","protected":false},"author":2,"featured_media":0,"parent":1612,"menu_order":9,"comment_status":"open","ping_status":"open","template":"","meta":{"ngg_post_thumbnail":0,"footnotes":""},"class_list":["post-1633","page","type-page","status-publish","hentry"],"_links":{"self":[{"href":"https:\/\/www.bushido-lubwart.de\/wordpress\/wp-json\/wp\/v2\/pages\/1633"}],"collection":[{"href":"https:\/\/www.bushido-lubwart.de\/wordpress\/wp-json\/wp\/v2\/pages"}],"about":[{"href":"https:\/\/www.bushido-lubwart.de\/wordpress\/wp-json\/wp\/v2\/types\/page"}],"author":[{"embeddable":true,"href":"https:\/\/www.bushido-lubwart.de\/wordpress\/wp-json\/wp\/v2\/users\/2"}],"replies":[{"embeddable":true,"href":"https:\/\/www.bushido-lubwart.de\/wordpress\/wp-json\/wp\/v2\/comments?post=1633"}],"version-history":[{"count":0,"href":"https:\/\/www.bushido-lubwart.de\/wordpress\/wp-json\/wp\/v2\/pages\/1633\/revisions"}],"up":[{"embeddable":true,"href":"https:\/\/www.bushido-lubwart.de\/wordpress\/wp-json\/wp\/v2\/pages\/1612"}],"wp:attachment":[{"href":"https:\/\/www.bushido-lubwart.de\/wordpress\/wp-json\/wp\/v2\/media?parent=1633"}],"curies":[{"name":"wp","href":"https:\/\/api.w.org\/{rel}","templated":true}]}}