{"id":1632,"date":"2008-03-04T12:19:44","date_gmt":"2008-03-04T11:19:44","guid":{"rendered":"http:\/\/www.bushido-lubwart.de\/wordpress\/?page_id=1632"},"modified":"2008-03-04T12:19:44","modified_gmt":"2008-03-04T11:19:44","slug":"herz","status":"publish","type":"page","link":"https:\/\/www.bushido-lubwart.de\/wordpress\/weisheiten-2\/chinesische-sprichworter\/herz\/","title":{"rendered":"Herz"},"content":{"rendered":"<p>Der Menschen Naturen sind sich \u00e4hnlich.<br \/>\nEs sind ihre Gewohnheiten,<br \/>\ndie sie voneinander unterscheiden.<\/p>\n<p>Wer am Morgen die Stimme der Wahrheit vernommen hat,<br \/>\nder mag am Abend zufrieden sterben.<br \/>\nEr hat nicht umsonst gelebt.<br \/>\n(Konfuzius)<\/p>\n<p>Der Mensch erkennt seine Schw\u00e4che so wenig,<br \/>\nwie der Ochse seine St\u00e4rke.<\/p>\n<p><a HREF=\"http:\/\/www.bushido-lubwart.de\/wordpress\/wp-content\/uploads\/2008\/03\/pic6.jpg\" TITLE=\"Kourakuen Okayama, einer der 10 sch\u00f6nsten Parkanlagen Japans\"><img ALIGN=\"right\" SRC=\"http:\/\/www.bushido-lubwart.de\/wordpress\/wp-content\/uploads\/2008\/03\/pic6.thumbnail.jpg\" ALT=\"Kourakuen Okayama, einer der 10 sch\u00f6nsten Parkanlagen Japans\" \/><\/a><\/p>\n<p>Wer nur an die Bequemlichkeiten des Lebens denkt,<br \/>\nkann nicht wahrhaft gebildet sein.<br \/>\n(Konfuzius)<\/p>\n<p>Die Herkunft eines Menschen hat nicht viel zu sagen.<br \/>\nDer Stammbaum eines edlen Menschen ist stets das,<br \/>\nwas er erreicht hat immer Leben.<\/p>\n<p>Die Menschen k\u00f6nnen den Weg der Wahrheit verherrlichen.<br \/>\nNicht aber verherrlicht die Wahrheit die Menschen.<br \/>\n(Konfuzius)<\/p>\n<p>Wenn Du Dein Sinnen und Trachten<br \/>\nernsthaft auf Menschlichkeit richtest,<br \/>\nso wird das B\u00f6se allm\u00e4hlich von selbst \u00fcberwunden.<br \/>\n(Konfuzius)<\/p>\n<p>Das Tor der barmherzigkeit ist<br \/>\nschwer zu \u00f6ffnen und schwer zu schlie\u00dfen.<\/p>\n<p>Der Wert eines Menschen wird davon bestimmt,<br \/>\nworauf sein Sinn und streben gerichtet ist.<\/p>\n<p>Das Andenken eines g\u00fctigen Menschen w\u00e4hret lange.<br \/>\nDer Mann schlechten Rufes ist bald vergessen.<\/p>\n<p>Eine Sache ist nur dann gef\u00e4hrdet,<br \/>\nwenn die Menschen nicht mit<br \/>\ndem Herzen dabei sind.<\/p>\n<p>Wenn Du Dich vor dem Gewaltt\u00e4tigen versteckst,<br \/>\nwer soll dann dem B\u00f6sen wehren?<\/p>\n<p>Die Fehltritte eines jeden Menschen<br \/>\nentsprechen seiner Wesensart.<br \/>\nAchtet man auf sie, so kann man<br \/>\ndaraus auf seine Moral schlie\u00dfen.<br \/>\n(Konfuzius)<\/p>\n<p>Der scharfsinnige Mensch ist immer t\u00e4tig,<br \/>\nder g\u00fctige in sich ruhend,<br \/>\nder scharfsinnige hat viele Freuden,<br \/>\nder g\u00fctige ein langes Leben.<br \/>\n(Konfuzius)<\/p>\n<p>Fest, entschlossen, schlicht und wortkarg &#8211;<br \/>\nso kommt man nah der wahren Menschlichkeit.<br \/>\n(Konfuzius)<\/p>\n<p>Das Leben gleicht einer Stunde;<br \/>\nvertraue daher nie auf die L\u00e4nge<br \/>\nDeiner Jahre und denke daran:<br \/>\nNach dem Tode z\u00e4hlen nur<br \/>\ndie Taten eines Menschen,<br \/>\nnicht mehr sein Geld.<\/p>\n<p>Mit dem Augenblick des vollen Erbl\u00fchens<br \/>\nsetzt der Verfall ein.<\/p>\n<p>Geh Deinen eigenen Weg<br \/>\nund schlag nicht den Pfad<br \/>\ndes andern ein.<\/p>\n<p>Des Menschen Leben ist so<br \/>\nverg\u00e4nglich, wie des Morgens Tau.<\/p>\n<p>Der Irrtum des Augenblicks<br \/>\nwird zur Sorge des Lebens.<\/p>\n<p>Wer in kleinen Dingen nicht zuverl\u00e4ssig ist,<br \/>\nder bringt die gro\u00dfen Vorhaben zum Scheitern.<br \/>\n(Konfuzius)<\/p>\n<p>Hoffe nicht auf Zuk\u00fcnftiges,<br \/>\ndenke \u00fcber Vergangenes nach.<\/p>\n<p>Wer das Morgen nicht bedenkt,<br \/>\nwird Kummer haben, bevor<br \/>\ndas Heute zu Ende ist.<br \/>\n(Konfuzius)<\/p>\n<p>F\u00fcrchte Dich nicht vor dem langsamen Vorankommen.<br \/>\nF\u00fcrchte Dich vor dem Stehenbleiben.<\/p>\n<p>Ein Mensch ist schnell getadelt,<br \/>\ndoch Tadel vergisst sich lange nicht.<\/p>\n<p>Beobachte, was fr\u00fcher war,<br \/>\ndann wei\u00dft Du, was kommen wird.<\/p>\n<p>Ihrer Natur nach sind die Menschen einander sehr nahe.<br \/>\nGew\u00f6hnung aber entfernt sie voneinander.<\/p>\n<p>Wenn ein Mensch parteiisch ist,<br \/>\ndann h\u00e4lt er den Tag f\u00fcr die Nacht<br \/>\nund Wei\u00df f\u00fcr Schwarz.<\/p>\n<p>Ein Mord mag verziehen werden,<br \/>\nUnh\u00f6flichkeit nie.<\/p>\n<p>Wenn eine die Menschen nicht kennen,<br \/>\nist das kein Grund, bek\u00fcmmert zu sein.<br \/>\nBek\u00fcmmern sollte vielmehr fehlende Menschenkenntnis.<br \/>\n(Konfuzius)<\/p>\n<p>Nur derjenige Mensch hat den rechten Vorteil im Auge,<br \/>\nder auch den Vorteil aller anderen mitbedenkt.<\/p>\n<p>Lob ist nicht leicht zu erhalten,<br \/>\naber Tadel ist leicht zu verteilen.<\/p>\n<p>Tadle andere nicht Deiner M\u00e4ngel wegen.<\/p>\n<p>Siehst Du bei einem Menschen einen kleinen Fehler,<br \/>\nso erinnere Dich sogleich, dass Du derer noch viel mehr<br \/>\nund oft weit gr\u00f6\u00dfere hast als er.<\/p>\n<p>\u00dcber Vergangenes mach Dir keine Sorge,<br \/>\ndem Kommenden wende Dich zu.<br \/>\n(Tseng-Kuang)<\/p>\n<p>Wer den Menschen kennt, liebt die Tiere.<\/p>\n","protected":false},"excerpt":{"rendered":"<p>Der Menschen Naturen sind sich \u00e4hnlich. Es sind ihre Gewohnheiten, die sie voneinander unterscheiden. Wer am Morgen die Stimme der Wahrheit vernommen hat, der mag am Abend zufrieden sterben. Er hat nicht umsonst gelebt. (Konfuzius) Der Mensch erkennt seine Schw\u00e4che so wenig, wie der Ochse seine St\u00e4rke. Wer nur an die Bequemlichkeiten des Lebens denkt, [&hellip;]<\/p>\n","protected":false},"author":2,"featured_media":0,"parent":1612,"menu_order":8,"comment_status":"open","ping_status":"open","template":"","meta":{"ngg_post_thumbnail":0,"footnotes":""},"class_list":["post-1632","page","type-page","status-publish","hentry"],"_links":{"self":[{"href":"https:\/\/www.bushido-lubwart.de\/wordpress\/wp-json\/wp\/v2\/pages\/1632"}],"collection":[{"href":"https:\/\/www.bushido-lubwart.de\/wordpress\/wp-json\/wp\/v2\/pages"}],"about":[{"href":"https:\/\/www.bushido-lubwart.de\/wordpress\/wp-json\/wp\/v2\/types\/page"}],"author":[{"embeddable":true,"href":"https:\/\/www.bushido-lubwart.de\/wordpress\/wp-json\/wp\/v2\/users\/2"}],"replies":[{"embeddable":true,"href":"https:\/\/www.bushido-lubwart.de\/wordpress\/wp-json\/wp\/v2\/comments?post=1632"}],"version-history":[{"count":0,"href":"https:\/\/www.bushido-lubwart.de\/wordpress\/wp-json\/wp\/v2\/pages\/1632\/revisions"}],"up":[{"embeddable":true,"href":"https:\/\/www.bushido-lubwart.de\/wordpress\/wp-json\/wp\/v2\/pages\/1612"}],"wp:attachment":[{"href":"https:\/\/www.bushido-lubwart.de\/wordpress\/wp-json\/wp\/v2\/media?parent=1632"}],"curies":[{"name":"wp","href":"https:\/\/api.w.org\/{rel}","templated":true}]}}