{"id":1630,"date":"2008-03-04T12:16:32","date_gmt":"2008-03-04T11:16:32","guid":{"rendered":"http:\/\/www.bushido-lubwart.de\/wordpress\/?page_id=1630"},"modified":"2008-03-04T12:16:32","modified_gmt":"2008-03-04T11:16:32","slug":"gluck","status":"publish","type":"page","link":"https:\/\/www.bushido-lubwart.de\/wordpress\/weisheiten-2\/chinesische-sprichworter\/gluck\/","title":{"rendered":"Gl\u00fcck"},"content":{"rendered":"<p>Gl\u00fcck und Ungl\u00fcck kommen nicht von selber<br \/>\nsondern nur gerufen.<\/p>\n<p>Das Ungl\u00fcck der Menschen ist,<br \/>\ndass sie lieben, sich zum<br \/>\nSchulmeister anderer zu machen.<br \/>\n(Meng Dse)<\/p>\n<p>Wer auf das Gl\u00fcck ein Leben lang wartet,<br \/>\nder wartet oft vergebens.<\/p>\n<p><a HREF=\"http:\/\/www.bushido-lubwart.de\/wordpress\/wp-content\/uploads\/2008\/03\/pic4.jpg\" TITLE=\"Schw\u00e4ne Symbole des Gl\u00fccks und der Harmonie\"><img ALIGN=\"right\" SRC=\"http:\/\/www.bushido-lubwart.de\/wordpress\/wp-content\/uploads\/2008\/03\/pic4.thumbnail.jpg\" ALT=\"Schw\u00e4ne Symbole des Gl\u00fccks und der Harmonie\" \/><\/a><\/p>\n<p>Nach drei Jahren vermag sogar ein Unheil<br \/>\nzu etwas n\u00fctze zu sein.<\/p>\n<p>F\u00fcr Gl\u00fcck und Ungl\u00fcck im Schicksal des Menschen<br \/>\ngibt es keine Hintert\u00fcren.<br \/>\nSie kommen, wie die Menschen sie rufen.<br \/>\nAuf Gut und B\u00f6se folgt deren Vergeltung,<br \/>\nwie der Schatten dem K\u00f6rper folgt.<br \/>\n(T&#8217;ai Shang)<\/p>\n<p>Ein Mensch von Sanftmut und gutem Charakter<br \/>\nschafft sich selbst sein Gl\u00fcck.<\/p>\n<p>Dem Zufriedenen bl\u00fcht auch<br \/>\nin Armut und Bescheidenheit das Gl\u00fcck.<br \/>\nDem Unzufriedenen bringen<br \/>\nReichtum und Ehren der Pein genug.<\/p>\n","protected":false},"excerpt":{"rendered":"<p>Gl\u00fcck und Ungl\u00fcck kommen nicht von selber sondern nur gerufen. Das Ungl\u00fcck der Menschen ist, dass sie lieben, sich zum Schulmeister anderer zu machen. (Meng Dse) Wer auf das Gl\u00fcck ein Leben lang wartet, der wartet oft vergebens. Nach drei Jahren vermag sogar ein Unheil zu etwas n\u00fctze zu sein. F\u00fcr Gl\u00fcck und Ungl\u00fcck im [&hellip;]<\/p>\n","protected":false},"author":2,"featured_media":0,"parent":1612,"menu_order":6,"comment_status":"open","ping_status":"open","template":"","meta":{"ngg_post_thumbnail":0,"footnotes":""},"class_list":["post-1630","page","type-page","status-publish","hentry"],"_links":{"self":[{"href":"https:\/\/www.bushido-lubwart.de\/wordpress\/wp-json\/wp\/v2\/pages\/1630"}],"collection":[{"href":"https:\/\/www.bushido-lubwart.de\/wordpress\/wp-json\/wp\/v2\/pages"}],"about":[{"href":"https:\/\/www.bushido-lubwart.de\/wordpress\/wp-json\/wp\/v2\/types\/page"}],"author":[{"embeddable":true,"href":"https:\/\/www.bushido-lubwart.de\/wordpress\/wp-json\/wp\/v2\/users\/2"}],"replies":[{"embeddable":true,"href":"https:\/\/www.bushido-lubwart.de\/wordpress\/wp-json\/wp\/v2\/comments?post=1630"}],"version-history":[{"count":0,"href":"https:\/\/www.bushido-lubwart.de\/wordpress\/wp-json\/wp\/v2\/pages\/1630\/revisions"}],"up":[{"embeddable":true,"href":"https:\/\/www.bushido-lubwart.de\/wordpress\/wp-json\/wp\/v2\/pages\/1612"}],"wp:attachment":[{"href":"https:\/\/www.bushido-lubwart.de\/wordpress\/wp-json\/wp\/v2\/media?parent=1630"}],"curies":[{"name":"wp","href":"https:\/\/api.w.org\/{rel}","templated":true}]}}