{"id":1455,"date":"2008-02-29T09:48:35","date_gmt":"2008-02-29T08:48:35","guid":{"rendered":"http:\/\/www.bushido-lubwart.de\/wordpress\/?page_id=1455"},"modified":"2008-02-29T10:00:42","modified_gmt":"2008-02-29T09:00:42","slug":"gankaku","status":"publish","type":"page","link":"https:\/\/www.bushido-lubwart.de\/wordpress\/karate-and-more\/trainingbereiche\/gankaku\/","title":{"rendered":"Gankaku"},"content":{"rendered":"<table CLASS=\"\">\n<tr>\n<td CLASS=\"\"><a TARGET=\"_blank\" HREF=\"http:\/\/www.bushido-lubwart.de\/wordpress\/wp-content\/uploads\/2008\/02\/chinto.avi\"><img SRC=\"http:\/\/www.bushido-lubwart.de\/wordpress\/wp-content\/uploads\/2008\/02\/chintocols2.gif\" \/><\/a><\/td>\n<td CLASS=\"\">Gankaku Kata: <a TARGET=\"_blank\" HREF=\"http:\/\/www.bushido-lubwart.de\/wordpress\/wp-content\/uploads\/2008\/02\/chinto.avi\">Gankaku.avi (4.8 MB f\u00fcr 1,18 Minuten)<\/a>   [4.737 KB]<\/td>\n<\/tr>\n<tr>\n<td CLASS=\"\"><a TARGET=\"_blank\" HREF=\"http:\/\/www.bushido-lubwart.de\/wordpress\/wp-content\/uploads\/2008\/02\/chintobunkai.avi\"><img SRC=\"http:\/\/www.bushido-lubwart.de\/wordpress\/wp-content\/uploads\/2008\/02\/chintobunkaicols2.gif\" \/><\/a><\/td>\n<td CLASS=\"\">Gankaku Bunkai: <a TARGET=\"_blank\" HREF=\"http:\/\/www.bushido-lubwart.de\/wordpress\/wp-content\/uploads\/2008\/02\/chintobunkai.avi\">gankaku-bunkai.avi (2,5 MB f\u00fcr 45 Sekunden)<\/a> [2.484 KB]<\/td>\n<\/tr>\n<\/table>\n<p>Dieses Video k\u00f6nnen Sie bei <a HREF=\"http:\/\/www.budoshop-online.de\/\" TARGET=\"_blank\">Budoten<\/a> kaufen. <a HREF=\"http:\/\/www.budo-shop.net\/_cgi-bin\/shop\/shop.pl?f=NR&amp;c=2080583&amp;t=ddetail&amp;pid=blbl\" TARGET=\"_blank\">Klicken Sie hier<\/a>.<\/p>\n","protected":false},"excerpt":{"rendered":"<p>Gankaku Kata: Gankaku.avi (4.8 MB f\u00fcr 1,18 Minuten) [4.737 KB] Gankaku Bunkai: gankaku-bunkai.avi (2,5 MB f\u00fcr 45 Sekunden) [2.484 KB] Dieses Video k\u00f6nnen Sie bei Budoten kaufen. Klicken Sie hier.<\/p>\n","protected":false},"author":2,"featured_media":0,"parent":1077,"menu_order":13,"comment_status":"open","ping_status":"open","template":"","meta":{"ngg_post_thumbnail":0,"footnotes":""},"class_list":["post-1455","page","type-page","status-publish","hentry"],"_links":{"self":[{"href":"https:\/\/www.bushido-lubwart.de\/wordpress\/wp-json\/wp\/v2\/pages\/1455"}],"collection":[{"href":"https:\/\/www.bushido-lubwart.de\/wordpress\/wp-json\/wp\/v2\/pages"}],"about":[{"href":"https:\/\/www.bushido-lubwart.de\/wordpress\/wp-json\/wp\/v2\/types\/page"}],"author":[{"embeddable":true,"href":"https:\/\/www.bushido-lubwart.de\/wordpress\/wp-json\/wp\/v2\/users\/2"}],"replies":[{"embeddable":true,"href":"https:\/\/www.bushido-lubwart.de\/wordpress\/wp-json\/wp\/v2\/comments?post=1455"}],"version-history":[{"count":0,"href":"https:\/\/www.bushido-lubwart.de\/wordpress\/wp-json\/wp\/v2\/pages\/1455\/revisions"}],"up":[{"embeddable":true,"href":"https:\/\/www.bushido-lubwart.de\/wordpress\/wp-json\/wp\/v2\/pages\/1077"}],"wp:attachment":[{"href":"https:\/\/www.bushido-lubwart.de\/wordpress\/wp-json\/wp\/v2\/media?parent=1455"}],"curies":[{"name":"wp","href":"https:\/\/api.w.org\/{rel}","templated":true}]}}