{"id":1449,"date":"2008-02-29T09:43:04","date_gmt":"2008-02-29T08:43:04","guid":{"rendered":"http:\/\/www.bushido-lubwart.de\/wordpress\/?page_id=1449"},"modified":"2008-02-29T10:02:06","modified_gmt":"2008-02-29T09:02:06","slug":"hangetsu","status":"publish","type":"page","link":"https:\/\/www.bushido-lubwart.de\/wordpress\/karate-and-more\/trainingbereiche\/hangetsu\/","title":{"rendered":"Hangetsu"},"content":{"rendered":"<table CLASS=\"\">\n<tr>\n<td CLASS=\"\"><a TARGET=\"_blank\"><img SRC=\"http:\/\/www.bushido-lubwart.de\/wordpress\/wp-content\/uploads\/2008\/02\/hangetsucols2.jpg\" \/><\/a><\/td>\n<td CLASS=\"\">Hangetsu Kata: <a TARGET=\"_blank\">Hangetsu-Ablauf.mpg (3.0 MB f\u00fcr 1,35 Minuten)<\/a> [1.300 KB]<\/td>\n<\/tr>\n<tr>\n<td CLASS=\"\"><a HREF=\"http:\/\/www.bushido-lubwart.de\/wordpress\/wp-content\/uploads\/2008\/02\/hangetsubunkai.mpg\" TARGET=\"_blank\"><img SRC=\"http:\/\/www.bushido-lubwart.de\/wordpress\/wp-content\/uploads\/2008\/02\/hangetsubunkaicols2.jpg\" \/><\/a><\/td>\n<td CLASS=\"\">Hangetsu Bunkai: <a HREF=\"http:\/\/www.bushido-lubwart.de\/wordpress\/wp-content\/uploads\/2008\/02\/hangetsubunkai.mpg\" TARGET=\"_blank\">Hangetsu-Bunkai-Web.mpg (1,5 MB f\u00fcr 47 Sekunden)<\/a> [1.300 KB]<\/td>\n<\/tr>\n<\/table>\n<p>Dieses Video k\u00f6nnen Sie bei <a TARGET=\"_blank\" HREF=\"http:\/\/www.budoshop-online.de\/\">Budoten<\/a> kaufen. <a TARGET=\"_blank\" HREF=\"http:\/\/www.budo-shop.net\/_cgi-bin\/shop\/shop.pl?f=NR&amp;c=2080583&amp;t=ddetail&amp;pid=blbl\">Klicken Sie hier<\/a>.<\/p>\n","protected":false},"excerpt":{"rendered":"<p>Hangetsu Kata: Hangetsu-Ablauf.mpg (3.0 MB f\u00fcr 1,35 Minuten) [1.300 KB] Hangetsu Bunkai: Hangetsu-Bunkai-Web.mpg (1,5 MB f\u00fcr 47 Sekunden) [1.300 KB] Dieses Video k\u00f6nnen Sie bei Budoten kaufen. Klicken Sie hier.<\/p>\n","protected":false},"author":2,"featured_media":0,"parent":1077,"menu_order":12,"comment_status":"open","ping_status":"open","template":"","meta":{"ngg_post_thumbnail":0,"footnotes":""},"class_list":["post-1449","page","type-page","status-publish","hentry"],"_links":{"self":[{"href":"https:\/\/www.bushido-lubwart.de\/wordpress\/wp-json\/wp\/v2\/pages\/1449"}],"collection":[{"href":"https:\/\/www.bushido-lubwart.de\/wordpress\/wp-json\/wp\/v2\/pages"}],"about":[{"href":"https:\/\/www.bushido-lubwart.de\/wordpress\/wp-json\/wp\/v2\/types\/page"}],"author":[{"embeddable":true,"href":"https:\/\/www.bushido-lubwart.de\/wordpress\/wp-json\/wp\/v2\/users\/2"}],"replies":[{"embeddable":true,"href":"https:\/\/www.bushido-lubwart.de\/wordpress\/wp-json\/wp\/v2\/comments?post=1449"}],"version-history":[{"count":0,"href":"https:\/\/www.bushido-lubwart.de\/wordpress\/wp-json\/wp\/v2\/pages\/1449\/revisions"}],"up":[{"embeddable":true,"href":"https:\/\/www.bushido-lubwart.de\/wordpress\/wp-json\/wp\/v2\/pages\/1077"}],"wp:attachment":[{"href":"https:\/\/www.bushido-lubwart.de\/wordpress\/wp-json\/wp\/v2\/media?parent=1449"}],"curies":[{"name":"wp","href":"https:\/\/api.w.org\/{rel}","templated":true}]}}