{"id":1443,"date":"2008-02-29T09:39:16","date_gmt":"2008-02-29T08:39:16","guid":{"rendered":"http:\/\/www.bushido-lubwart.de\/wordpress\/?page_id=1443"},"modified":"2008-02-29T09:59:44","modified_gmt":"2008-02-29T08:59:44","slug":"bassai-dai","status":"publish","type":"page","link":"https:\/\/www.bushido-lubwart.de\/wordpress\/karate-and-more\/trainingbereiche\/bassai-dai\/","title":{"rendered":"Bassai Dai"},"content":{"rendered":"<table CLASS=\"\">\n<tr>\n<td CLASS=\"\"><a HREF=\"http:\/\/www.bushido-lubwart.de\/wordpress\/wp-content\/uploads\/2008\/02\/bassaidai.avi\" TARGET=\"_blank\"><img SRC=\"http:\/\/www.bushido-lubwart.de\/wordpress\/wp-content\/uploads\/2008\/02\/bassaidaicols2.gif\" \/><\/a><\/td>\n<td CLASS=\"\">Bassai Dai Kata: <a HREF=\"http:\/\/www.bushido-lubwart.de\/wordpress\/wp-content\/uploads\/2008\/02\/bassaidai.avi\" TARGET=\"_blank\">Bassai-dai.avi (4.5 MB f\u00fcr 1,18 Minuten)<\/a>   [4.396 KB]<\/td>\n<\/tr>\n<tr>\n<td CLASS=\"\"><a HREF=\"http:\/\/www.bushido-lubwart.de\/wordpress\/wp-content\/uploads\/2008\/02\/bassaibunk.avi\" TARGET=\"_blank\"><img SRC=\"http:\/\/www.bushido-lubwart.de\/wordpress\/wp-content\/uploads\/2008\/02\/bassaibunkcols2.gif\" \/><\/a><\/td>\n<td CLASS=\"\">Bassai Dai Bunkai: <a HREF=\"http:\/\/www.bushido-lubwart.de\/wordpress\/wp-content\/uploads\/2008\/02\/bassaibunk.avi\" TARGET=\"_blank\">bassai-bunk.avi (2,3 MB f\u00fcr 38 Sekunden)<\/a> [2.157 KB]<\/td>\n<\/tr>\n<\/table>\n<p>Dieses Video k\u00f6nnen Sie bei <a TARGET=\"_blank\" HREF=\"http:\/\/www.budoshop-online.de\/\">Budoten<\/a> kaufen. <a TARGET=\"_blank\" HREF=\"http:\/\/www.budo-shop.net\/_cgi-bin\/shop\/shop.pl?f=NR&amp;c=2080583&amp;t=ddetail&amp;pid=blbl\">Klicken Sie hier<\/a>.<\/p>\n","protected":false},"excerpt":{"rendered":"<p>Bassai Dai Kata: Bassai-dai.avi (4.5 MB f\u00fcr 1,18 Minuten) [4.396 KB] Bassai Dai Bunkai: bassai-bunk.avi (2,3 MB f\u00fcr 38 Sekunden) [2.157 KB] Dieses Video k\u00f6nnen Sie bei Budoten kaufen. Klicken Sie hier.<\/p>\n","protected":false},"author":2,"featured_media":0,"parent":1077,"menu_order":11,"comment_status":"open","ping_status":"open","template":"","meta":{"ngg_post_thumbnail":0,"footnotes":""},"class_list":["post-1443","page","type-page","status-publish","hentry"],"_links":{"self":[{"href":"https:\/\/www.bushido-lubwart.de\/wordpress\/wp-json\/wp\/v2\/pages\/1443"}],"collection":[{"href":"https:\/\/www.bushido-lubwart.de\/wordpress\/wp-json\/wp\/v2\/pages"}],"about":[{"href":"https:\/\/www.bushido-lubwart.de\/wordpress\/wp-json\/wp\/v2\/types\/page"}],"author":[{"embeddable":true,"href":"https:\/\/www.bushido-lubwart.de\/wordpress\/wp-json\/wp\/v2\/users\/2"}],"replies":[{"embeddable":true,"href":"https:\/\/www.bushido-lubwart.de\/wordpress\/wp-json\/wp\/v2\/comments?post=1443"}],"version-history":[{"count":0,"href":"https:\/\/www.bushido-lubwart.de\/wordpress\/wp-json\/wp\/v2\/pages\/1443\/revisions"}],"up":[{"embeddable":true,"href":"https:\/\/www.bushido-lubwart.de\/wordpress\/wp-json\/wp\/v2\/pages\/1077"}],"wp:attachment":[{"href":"https:\/\/www.bushido-lubwart.de\/wordpress\/wp-json\/wp\/v2\/media?parent=1443"}],"curies":[{"name":"wp","href":"https:\/\/api.w.org\/{rel}","templated":true}]}}