{"id":1417,"date":"2008-02-29T09:12:58","date_gmt":"2008-02-29T08:12:58","guid":{"rendered":"http:\/\/www.bushido-lubwart.de\/wordpress\/?page_id=1417"},"modified":"2008-02-29T09:54:25","modified_gmt":"2008-02-29T08:54:25","slug":"heian-nidan","status":"publish","type":"page","link":"https:\/\/www.bushido-lubwart.de\/wordpress\/karate-and-more\/trainingbereiche\/heian-nidan\/","title":{"rendered":"Heian Nidan"},"content":{"rendered":"<table CLASS=\"\">\n<tr>\n<td CLASS=\"\"><a TARGET=\"_blank\" HREF=\"http:\/\/www.bushido-lubwart.de\/wordpress\/wp-content\/uploads\/2008\/02\/nidan.avi\"><img SRC=\"http:\/\/www.bushido-lubwart.de\/wordpress\/wp-content\/uploads\/2008\/02\/nidancols2.gif\" \/><\/a><\/td>\n<td CLASS=\"\">Heian Nidan Kata: <a TARGET=\"_blank\" HREF=\"http:\/\/www.bushido-lubwart.de\/wordpress\/wp-content\/uploads\/2008\/02\/nidan.avi\"> nidan.avi (2.1 MB f\u00fcr 29 Sekunden)<\/a> [2.155 KB]<\/td>\n<\/tr>\n<tr>\n<td CLASS=\"\"><a TARGET=\"_blank\" HREF=\"http:\/\/www.bushido-lubwart.de\/wordpress\/wp-content\/uploads\/2008\/02\/nibunk1.avi\"><img SRC=\"http:\/\/www.bushido-lubwart.de\/wordpress\/wp-content\/uploads\/2008\/02\/nibunkcols2.gif\" \/><\/a><\/td>\n<td CLASS=\"\">Heian  Nidan Bunkai: <a TARGET=\"_blank\" HREF=\"http:\/\/www.bushido-lubwart.de\/wordpress\/wp-content\/uploads\/2008\/02\/nibunk1.avi\">ni-bunk.avi (1,9 MB f\u00fcr 35 Sekunden)<\/a> [1.942 KB]<\/td>\n<\/tr>\n<\/table>\n<p>Dieses Video k\u00f6nnen Sie bei <a HREF=\"http:\/\/www.budoshop-online.de\/\" TARGET=\"_blank\">Budoten<\/a> kaufen. <a HREF=\"http:\/\/www.budo-shop.net\/_cgi-bin\/shop\/shop.pl?f=NR&amp;c=2080583&amp;t=ddetail&amp;pid=blbl\" TARGET=\"_blank\">Klicken Sie hier<\/a>.<\/p>\n","protected":false},"excerpt":{"rendered":"<p>Heian Nidan Kata: nidan.avi (2.1 MB f\u00fcr 29 Sekunden) [2.155 KB] Heian Nidan Bunkai: ni-bunk.avi (1,9 MB f\u00fcr 35 Sekunden) [1.942 KB] Dieses Video k\u00f6nnen Sie bei Budoten kaufen. Klicken Sie hier.<\/p>\n","protected":false},"author":2,"featured_media":0,"parent":1077,"menu_order":8,"comment_status":"open","ping_status":"open","template":"","meta":{"ngg_post_thumbnail":0,"footnotes":""},"class_list":["post-1417","page","type-page","status-publish","hentry"],"_links":{"self":[{"href":"https:\/\/www.bushido-lubwart.de\/wordpress\/wp-json\/wp\/v2\/pages\/1417"}],"collection":[{"href":"https:\/\/www.bushido-lubwart.de\/wordpress\/wp-json\/wp\/v2\/pages"}],"about":[{"href":"https:\/\/www.bushido-lubwart.de\/wordpress\/wp-json\/wp\/v2\/types\/page"}],"author":[{"embeddable":true,"href":"https:\/\/www.bushido-lubwart.de\/wordpress\/wp-json\/wp\/v2\/users\/2"}],"replies":[{"embeddable":true,"href":"https:\/\/www.bushido-lubwart.de\/wordpress\/wp-json\/wp\/v2\/comments?post=1417"}],"version-history":[{"count":0,"href":"https:\/\/www.bushido-lubwart.de\/wordpress\/wp-json\/wp\/v2\/pages\/1417\/revisions"}],"up":[{"embeddable":true,"href":"https:\/\/www.bushido-lubwart.de\/wordpress\/wp-json\/wp\/v2\/pages\/1077"}],"wp:attachment":[{"href":"https:\/\/www.bushido-lubwart.de\/wordpress\/wp-json\/wp\/v2\/media?parent=1417"}],"curies":[{"name":"wp","href":"https:\/\/api.w.org\/{rel}","templated":true}]}}