{"id":1267,"date":"2008-02-27T09:36:14","date_gmt":"2008-02-27T08:36:14","guid":{"rendered":"http:\/\/www.bushido-lubwart.de\/wordpress\/?page_id=1267"},"modified":"2008-03-03T12:05:18","modified_gmt":"2008-03-03T11:05:18","slug":"shiatsu-gegen-schlaflosigkeit","status":"publish","type":"page","link":"https:\/\/www.bushido-lubwart.de\/wordpress\/karate-and-more\/gesundheit\/shiatsu\/shiatsu-gegen-schlaflosigkeit\/","title":{"rendered":"Shiatsu gegen Schlaflosigkeit"},"content":{"rendered":"<p>Zu den eindrucksvollsten und lohnendsten Erfahrungen, die Shiatzu uns geben kann, geh\u00f6rt ein guter Schlaf. Leider gibt es viel zu viele Menschen, f\u00fcr die das Schlafenk\u00f6nnen ein Problem ist und die dieses Problem mit Medikamenten zu l\u00f6sen suchen. &#8211; Aber es gibt auch ein einfacheres, billigeres und mit keinerlei Nebenwirkungen behaftetes Mittel zu einem gesunden Schlaf: Shiatzu.<\/p>\n<p>In meiner Praxis mit Patienten, die an Schlafst\u00f6rungen leiden, habe ich ohne Ausnahme festgestellt, da\u00df bei diesen Menschen die Halsmuskeln au\u00dferordentlich verspannt sind. Bei der Behandlung von Schlaflosigkeit lege ich also besonderen Wert auf die Halsmuskeln. Daneben konzentriere ich mich auf die Behandlung der Schulter- und der Bauchmuskeln.<\/p>\n<p>Wenn Du Schwierigkeiten mit dem Einschlafen hast, kann schon eine Behandlung kurz vor dem Zubettgehen eine gewisse Linderung bringen. Wiederhole diese n\u00e4chtlichen Behandlungen, bis die St\u00f6rung verschwindet. Die erforderliche Zeitdauer, um eine hartn\u00e4ckig wiederkehrende Schlaflosigkeit zu beseitigen, h\u00e4ngt u. a. vom Alter, dem Gesundheitszustand, der L\u00e4nge der Zeit seit dem Auftreten der St\u00f6rung, der Art der Lebensf\u00fchrung usw. ab. Sobald das Problem einmal verschwunden ist, kannst Du es dir durch zwei Shiatzu-Anwendungen pro Woche vom Leibe halten. Ein hei\u00dfes Bad vor der Behandlung entspannt zus\u00e4tzlich die Muskeln und macht das Shiatzu gegen Schlaflosigkeit noch wirksamer.<\/p>\n<p><strong>Auf dem Kopf<\/strong><\/p>\n<p><a HREF=\"http:\/\/www.bushido-lubwart.de\/wordpress\/wp-content\/uploads\/2008\/03\/shiatsu350.jpg\" TITLE=\"shiatsu350.jpg\"><img ALIGN=\"right\" SRC=\"http:\/\/www.bushido-lubwart.de\/wordpress\/wp-content\/uploads\/2008\/03\/shiatsu350.thumbnail.jpg\" ALT=\"shiatsu350.jpg\" \/><\/a>Beginne die Selbstbehandlung, w\u00e4hrend Du auf der Bettkante sitzt. Lege Zeige- und Mittelfinger beider H\u00e4nde nebeneinander auf eine gedachte Scheitellinie auf der Sch\u00e4delmitte.<\/p>\n<p>1. Dr\u00fccke drei Sekunden lang tief (20 Pfund). Pause.<br \/>\n2. Wiederhole den Druck. Pause.<br \/>\n3. Wiederhole den Druck noch einmal.<\/p>\n<p><strong>Sch\u00e4delbasis<\/strong><\/p>\n<p><a HREF=\"http:\/\/www.bushido-lubwart.de\/wordpress\/wp-content\/uploads\/2008\/03\/shiatsu352.jpg\" TITLE=\"shiatsu352.jpg\"><img ALIGN=\"right\" SRC=\"http:\/\/www.bushido-lubwart.de\/wordpress\/wp-content\/uploads\/2008\/03\/shiatsu352.thumbnail.jpg\" ALT=\"shiatsu352.jpg\" \/><\/a>Greife mit beiden H\u00e4nden hinter den Kopf, und lege Zeige- und Mittelfinger beider H\u00e4nde in die leichte Vertiefung in der Mitte des oberen Nackens, knapp unter der Sch\u00e4delbasis.<\/p>\n<p>1. R\u00fccke drei Sekunden lang tief. Pause.<br \/>\n2. Wiederhole den Druck. Pause.<br \/>\n3. Wiederhole den Druck erneut. Pause.<br \/>\n4. F\u00fchre die linke Hand am Rand der Sch\u00e4delbasis zwei Fingerbreit nach rechts. Dr\u00fccke mit Zeige- und Mittelfinger beider H\u00e4nde gleichzeitig tief (20 Pfund). Pause.<br \/>\n5. Wiederhole den Druck zweimal wie oben.<br \/>\n6. R\u00fccke jede Hand an der Sch\u00e4delbasis noch einmal zwei Fingerbreit nach au\u00dfen. Dr\u00fccke gleichzeitig mit Zeige- und Mittelfinger beider H\u00e4nde tief (20 Pfund). Pause.<br \/>\n7. Wiederhole den Druck zweimal.<\/p>\n<p><strong>Nackenmuskeln<\/strong><\/p>\n<p><a HREF=\"http:\/\/www.bushido-lubwart.de\/wordpress\/wp-content\/uploads\/2008\/03\/shiatsu351.jpg\" TITLE=\"shiatsu351.jpg\"><img ALIGN=\"right\" SRC=\"http:\/\/www.bushido-lubwart.de\/wordpress\/wp-content\/uploads\/2008\/03\/shiatsu351.thumbnail.jpg\" ALT=\"shiatsu351.jpg\" \/><\/a>Lege Zeige- und Mittelfinger der linken Hand an die Oberseite des gro\u00dfen Muskels, der links im Nacken vom Sch\u00e4delrand zur Schulter verl\u00e4uft. Lege Zeige- und Mittelfinger der rechten Hand auf den entsprechenden Punkt am rechten Nackenmuskel.<\/p>\n<p>1. Dr\u00fccke beide Punkte gleichzeitig drei Sekunden lang tief (20 Pfund).<br \/>\n2. Wiederhole den Druck. Pause.<br \/>\n3. VViederhole den Druck wieder. Pause.<br \/>\n4. R\u00fccke mit den Fingem auf den Muskelstr\u00e4ngen zwei Fingerbreit abw\u00e4rts. Dr\u00fccke drei Sekunden lang tief. Pause.<br \/>\n5. Wiederhole den tiefen Druck zweimal.<br \/>\n6. Arbeite dich im Abstand von jeweils zwei Fingerbreit die Nackenmuskel hinab, und dr\u00fccke jeden Punkt drei Sekunden lang tief. Mache nach jedem Druck eine Sekunde Pause. Die letzten Punkte liegen am Ende der Muskelstr\u00e4nge, auf der Schulter.<\/p>\n<p><strong>Schulter<\/strong><\/p>\n<p><a HREF=\"http:\/\/www.bushido-lubwart.de\/wordpress\/wp-content\/uploads\/2008\/03\/shiatsu353.jpg\" TITLE=\"shiatsu353.jpg\"><img ALIGN=\"right\" SRC=\"http:\/\/www.bushido-lubwart.de\/wordpress\/wp-content\/uploads\/2008\/03\/shiatsu353.thumbnail.jpg\" ALT=\"shiatsu353.jpg\" \/><\/a>Suche mit Zeige- und Mittelfinger der linken Hand den Shiatzu-Punkt auf der rechten Schulter. Er befindet sich halbwegs zwischen Halsansatz und Schulterrand. Taste vorsichtig mit den Fingern an der R\u00fcckseite des Schultermuskels. Wenn Du an der empfindlichsten Stelle bist, hast Du den Punkt gefunden.<\/p>\n<p>1. Dr\u00fccke drei Sekunden lang mit beiden Fingem tief. Pause.<br \/>\n2. Wiederhole den Druck. Pause.<br \/>\n3. Wiederhole den Druck erneut. Pause. Wiederhole die \u00dcbungsfolge mit Zeige- und Mittelfinger der rechten Hand auf dem entsprechenden Punkt der linken Schulter.<\/p>\n<p><strong>Oberer R\u00fccken<\/strong><\/p>\n<p><a HREF=\"http:\/\/www.bushido-lubwart.de\/wordpress\/wp-content\/uploads\/2008\/03\/shiatsu354.jpg\" TITLE=\"shiatsu354.jpg\"><img ALIGN=\"right\" SRC=\"http:\/\/www.bushido-lubwart.de\/wordpress\/wp-content\/uploads\/2008\/03\/shiatsu354.thumbnail.jpg\" ALT=\"shiatsu354.jpg\" \/><\/a>Bei diesen \u00dcbungen mu\u00dft Du dich ein bi\u00dfchen verrenken. Mache Dir aber keine Gedanken, wenn Du einige Punkte nicht auf Anhieb erreichst. Je l\u00e4nger Du \u00fcbst, desto leichter wird es Dir fallen.<\/p>\n<p>Greife mit der linken Hand so weit wie m\u00f6glich \u00fcber die rechte Schulter an die rechte Seite des R\u00fcckgrats. Benutze Zeige-, Mittel- und Ringfinger, wobei der Ringfinger der Wirbels\u00e4ule am n\u00e4chsten liegt.<\/p>\n<p>1. Dr\u00fccke mit allen drei Fingern gleichzeitig drei Sekunden lang tief (20 Pfund). Pause.<br \/>\n2. Wiederhole den tiefen Druck. Pause.<br \/>\n3. Wiederhole den Druck erneut. Pause.<br \/>\n4. Gehe zwei Fingerbreit in Richtung nach oben zur Schulter; die Finger ruhen zwischen R\u00fcckgrat und Schulterblatt. Dr\u00fccke drei Sekunden lang tief (20 Pfund). Pause.<br \/>\n5. Wiederhole zweimal den Druck. Pause.<br \/>\n6. R\u00fccke zwei Fingerbreit weiter nach oben, und dr\u00fccke dreimal je drei Sekunden lang tief, wie zuvor.<br \/>\n7. R\u00fccke die Finger zwei Fingerbreit nach oben. Mittlerweile m\u00fc\u00dftest Du in H\u00f6he der Schulter sein. Wiederhole dreimal den tiefen Druck.<br \/>\n8. Greife nun mit der rechten Hand \u00fcber die linke Schulter, und wiederhole die \u00dcbung an der linken Seite der Wirbels\u00e4ule.<\/p>\n<p><strong>Unterer R\u00fccken (Kreuz)<\/strong><\/p>\n<p><a HREF=\"http:\/\/www.bushido-lubwart.de\/wordpress\/wp-content\/uploads\/2008\/03\/shiatsu355.jpg\" TITLE=\"shiatsu355.jpg\"><img ALIGN=\"right\" SRC=\"http:\/\/www.bushido-lubwart.de\/wordpress\/wp-content\/uploads\/2008\/03\/shiatsu355.thumbnail.jpg\" ALT=\"shiatsu355.jpg\" \/><\/a>Lege Zeige-, Mittel- und Ringfinger beider H\u00e4nde in Taillenh\u00f6he neben das R\u00fcckgrat. Der Ringfinger jeder Hand befindet sich zwei Fingerbreit neben dem R\u00fcckgrat.<\/p>\n<p>1. Dr\u00fccke mit Zeige-, Mittel- und Ringfinger beider H\u00e4nde gleichzeitig drei Sekunden lang m\u00e4\u00dfig (15 Pfund). Pause.<br \/>\n2. Wiederhole den Druck.<br \/>\n3. F\u00fchre die H\u00e4nde zwei Fingerbreit den R\u00fccken hinab, und wiederhole den m\u00e4\u00dfigen Druck. Pause.<br \/>\n4. Wiederhole den Druck. Pause.<br \/>\n5. F\u00fchre die H\u00e4nde noch einmal etwa zwei Fingerbreit nach unten. Sie befinden sich jetzt knapp \u00fcber dem Ges\u00e4\u00df. Dr\u00fccke mit beiden H\u00e4nden gleichzeitig und m\u00e4\u00dfig (15 Pfund), dann Pause. Wiederhole den Druck.<\/p>\n<p><strong>Fu\u00dfsohlen<\/strong><\/p>\n<p><a HREF=\"http:\/\/www.bushido-lubwart.de\/wordpress\/wp-content\/uploads\/2008\/03\/shiatsu358.jpg\" TITLE=\"shiatsu358.jpg\"><img ALIGN=\"right\" SRC=\"http:\/\/www.bushido-lubwart.de\/wordpress\/wp-content\/uploads\/2008\/03\/shiatsu358.thumbnail.jpg\" ALT=\"shiatsu358.jpg\" \/><\/a>Lege das rechte Bein auf das linke Knie. Es gibt an der Fu\u00dfsohle vier Shiatzu-Punkte. Die ersten drei liegen auf einer Linie, die die Sohle zwischen Ferse und mittlerer Zehe teilt. Der vierte Punkt befindet sich im Scheitelpunkt des L\u00e4ngsgew\u00f6lbes, an der Innenseite der Ferse, vor und etwas \u00fcber dem ersten Punkt.<\/p>\n<p>1. Lege die H\u00e4nde um den Fu\u00df und lege die Daumen nebeneinander vor den Fersenballen. Dr\u00fccke drei Sekunden lang tief (20 Pfund). Pause.<br \/>\n2. R\u00fccke mit den Daumen auf der gedachten Mittellinie bis zur schmalsten Stelle des Fu\u00dfes vor, und wiederhole den Druck. Pause.<br \/>\n3. R\u00fccke bis zu dem Punkt hinter dem Fu\u00dfballen vor. Wiederhole den tiefen Druck. Pause.<br \/>\n4. Lege die Daumen nun nebeneinander auf den Punkt im L\u00e4ngsgew\u00f6lbe. Dr\u00fccke drei Sekunden lang tief. Pause.<br \/>\n5. Wiederhole die ganze \u00dcbungsfolge zweimal.<br \/>\n6. Lege das linke Bein auf das rechte Knie, und behandeln Sie den linken Fu\u00df entsprechend .<\/p>\n<p><strong>Bauch<\/strong><\/p>\n<p><a HREF=\"http:\/\/www.bushido-lubwart.de\/wordpress\/wp-content\/uploads\/2008\/03\/shiatsu357.jpg\" TITLE=\"shiatsu357.jpg\"><img ALIGN=\"right\" SRC=\"http:\/\/www.bushido-lubwart.de\/wordpress\/wp-content\/uploads\/2008\/03\/shiatsu357.thumbnail.jpg\" ALT=\"shiatsu357.jpg\" \/><\/a>Die folgenden \u00dcbungen werden im Sitzen ausgef\u00fchrt, k\u00f6nnen aber auch im Liegen absolviert werden.<br \/>\nDie Shiatzu-Punkte am Bauch laufen in f\u00fcnf Linien senkrecht zwischen Unterseite des Brustkorbes und Leisten \u00fcber den Bauch. Die erste Linie folgt der Mitte des Bauches. Ein Linienpaar verl\u00e4uft rechts und parallel zur vorigen Linie. Ein weiteres Linienpaar verl\u00e4uft noch weiter au\u00dfen. Behandle zuerst die mittlere Linie, dann die rechts von ihr und die ganz rechte, bevor Du die linke Seite bearbeitest.<\/p>\n<p>Lege Zeige-, Mittel- und Ringfinger beider H\u00e4nde nebeneinander auf den Punkt unter dem Brustbein in der Mitte des Brustkorbes. Dr\u00fccke drei Sekunden lang m\u00e4\u00dfig (15 Pfund). Pause.<\/p>\n<p>1. Lege die Finger zwei Fingerbreit auf der Mittellinie tiefer, und wiederhole den m\u00e4\u00dfigen Druck. Pause.<br \/>\n2. Arbeite Dich im Abstand von jeweils zwei Fingerbreit nach unten, bis Du zur Leistengegend kommst.<br \/>\n3. R\u00fccke die H\u00e4nde nun vier Fingerbreit nach rechts von der Linie. Lege Zeige-, Mittel- und Ringfinger beider H\u00e4nde knapp unter den Brustkorb, und dr\u00fccke drei Sekunden lang m\u00e4\u00dfig (15 Pfund). Pause.<br \/>\n4. Arbeite Dich wie oben im Abstand von jeweils zwei Fingerbreit die Linie hinab, und dr\u00fccke jeden Punkt drei Sekunden lang m\u00e4\u00dfig, bis Du ans Ende des Rumpfes kommst.<br \/>\n5. R\u00fccke die H\u00e4nde vier Fingerbreit nach rechts. Lege Zeige-, Mittel- und Ringfinger direkt unter den Brustkorb, und dr\u00fccke drei Sekunden lang m\u00e4\u00dfig (15 Pfund). Pause. Arbeite Dich in derselben Weise im Abstand von zwei Fingerbreit nach unten bis zur Falte zwischen Bein und Rumpf.<br \/>\n6. Nun kommt die linke Bauchseite dran. Setze die Finger vier Fingerbreit von der Mittellinie an, und wiederhole denselben Druck im Abstand von zwei Fingerbreit, bis Du zur Unterseite des Rumpfes kommst.<br \/>\n7. R\u00fccke die Finger noch einmal vier Fingerbreit nach links, und wiederhole die \u00dcbungsfolge, bis Du an die Falte zwischen Bein und Rumpf kommst.<\/p>\n<p><a HREF=\"http:\/\/www.bushido-lubwart.de\/wordpress\/wp-content\/uploads\/2008\/03\/shiatsu356.jpg\" TITLE=\"shiatsu356.jpg\"><img ALIGN=\"right\" SRC=\"http:\/\/www.bushido-lubwart.de\/wordpress\/wp-content\/uploads\/2008\/03\/shiatsu356.thumbnail.jpg\" ALT=\"shiatsu356.jpg\" \/><\/a>Lege zum Schlu\u00df beide H\u00e4nde auf den Bauch. Dr\u00fccke mit beiden Handfl\u00e4chen gleichzeitig und gleichm\u00e4\u00dfig leicht (10 Pfund). Lege die Handfl\u00e4chen auf verschiedene Stellen, so da\u00df Du den ganzen Bauch mit leichtem Druck behandeln kannst. Achte besonders auf stark verspannte Stellen, und behandle sie, bis sie lockerer werden.<\/p>\n<p><strong>Vorderseite und Seiten des Halses<\/strong><\/p>\n<p><a HREF=\"http:\/\/www.bushido-lubwart.de\/wordpress\/wp-content\/uploads\/2008\/03\/shiatsu360.jpg\" TITLE=\"shiatsu360.jpg\"><img ALIGN=\"right\" SRC=\"http:\/\/www.bushido-lubwart.de\/wordpress\/wp-content\/uploads\/2008\/03\/shiatsu360.thumbnail.jpg\" ALT=\"shiatsu360.jpg\" \/><\/a>Benutze f\u00fcr die Punkte am Hals Zeige- und Mittelfinger beider H\u00e4nde. (Die Punkte auf der Abbildung dienen nur der allgemeinen Orientierung.) Es kommt darauf an, das Halsgebiet zu bearbeiten. Bearbeite entsprechende Punkte an der linken und rechten Halsseite gleichzeitig .<\/p>\n<p>1. Lege Zeige- und Mittelfinger der rechten Hand an das rechte obere Ende der Luftr\u00f6hre, unter dem Kiefer, und die Finger der linken Hand an den entsprechenden Punkt links. Dr\u00fccke beide Punkte zwei Sekunden lang leicht (10 Pfund); dr\u00fccke nicht auf die Luftr\u00f6hre, sondern in den Muskel! Pause.<br \/>\n2. R\u00fccke die H\u00e4nde leicht nach unten, und dr\u00fccke die Punkte entlang der Linie zum Halsansatz jeweils zwei Sekunden mit leichtem Druck.<br \/>\n3. Lege die Finger nun wieder unter den Kiefer, aber etwas weiter au\u00dfen in Richtung Ohren. Wiederhole den Druck beiderseits des Halses in Richtung Schulter,<\/p>\n<p><a HREF=\"http:\/\/www.bushido-lubwart.de\/wordpress\/wp-content\/uploads\/2008\/03\/shiatsu359.jpg\" TITLE=\"shiatsu359.jpg\"><img ALIGN=\"right\" SRC=\"http:\/\/www.bushido-lubwart.de\/wordpress\/wp-content\/uploads\/2008\/03\/shiatsu359.thumbnail.jpg\" ALT=\"shiatsu359.jpg\" \/><\/a>Wiederhole 1-3 wobei Du jedesmal ein wenig weiter au\u00dfen unter dem Kiefer beginnst, bis Du die Vorderseite und die Seiten des Halses vollst\u00e4ndig von oben nach unten behandelt hast.<\/p>\n<p><strong>Schl\u00e4fen<\/strong><\/p>\n<p><a HREF=\"http:\/\/www.bushido-lubwart.de\/wordpress\/wp-content\/uploads\/2008\/03\/shiatsu364.jpg\" TITLE=\"shiatsu364.jpg\"><img ALIGN=\"right\" SRC=\"http:\/\/www.bushido-lubwart.de\/wordpress\/wp-content\/uploads\/2008\/03\/shiatsu364.thumbnail.jpg\" ALT=\"shiatsu364.jpg\" \/><\/a>Es gibt je zwei Shiatzu-Punkte an den Schl\u00e4fen. Behandle entsprechende Punkte gleichzeitig, wobei der Mittelfinger jeder Hand auf dem Nagel des Zeigefingers ruht.<\/p>\n<p>1. Lege die Finger auf das erste Punktepaar in der Vertiefung, die sich etwa zwei Fingerbreit neben und etwas \u00fcber der Au\u00dfenseite der Augenwinkel befindet.<br \/>\n2. Dr\u00fccke drei Sekunden lang m\u00e4\u00dfig. Pause.<br \/>\n3. R\u00fccke die Finger auf das zweite Punktepaar &#8211; einen Fingerbreit nach oben, zwei Fingerbreit zur\u00fcck &#8211; und wiederhole den Druck.<\/p>\n<p><strong>Augen<\/strong><\/p>\n<p><a HREF=\"http:\/\/www.bushido-lubwart.de\/wordpress\/wp-content\/uploads\/2008\/03\/shiatsu361.jpg\" TITLE=\"shiatsu361.jpg\"><img ALIGN=\"right\" SRC=\"http:\/\/www.bushido-lubwart.de\/wordpress\/wp-content\/uploads\/2008\/03\/shiatsu361.thumbnail.jpg\" ALT=\"shiatsu361.jpg\" \/><\/a>Die Shiatzu-Punkte rund um die Augen liegen auf der Innenseite der Augenh\u00f6hlen. Benutze f\u00fcr die Punkte auf dem linken Auge Zeige-, Mittel- und Ringfinger der linken Hand, verfahre rechts entsprechend.<\/p>\n<p>1. Spreize leicht die Finger, und lege die Fingerkuppen an den oberen Innenrand der Augenh\u00f6hlen. Der Ringfinger jeder Hand soll so nahe wie m\u00f6glich an der Nase liegen. Dr\u00fccke die Fingerspitzen aufw\u00e4rts gegen die Augenh\u00f6hlenr\u00e4nder, und zwar drei Sekunden lang mit leichtem Druck (10 Pfund). Pause.<br \/>\n2. F\u00fchre die Finger ein wenig nach unten und lege die Fingerkuppen auf die geschlossenen Lider (s. Abb.). Dr\u00fccke zart (2-3 Pfund) drei Sekunden lang. Pause.<\/p>\n<p><a HREF=\"http:\/\/www.bushido-lubwart.de\/wordpress\/wp-content\/uploads\/2008\/03\/shiatsu363.jpg\" TITLE=\"shiatsu363.jpg\"><img ALIGN=\"right\" SRC=\"http:\/\/www.bushido-lubwart.de\/wordpress\/wp-content\/uploads\/2008\/03\/shiatsu363.thumbnail.jpg\" ALT=\"shiatsu363.jpg\" \/><\/a>3. Kr\u00fcmme leicht die Finger, und dr\u00fccke sie gegen den unteren Innenrand der Augenh\u00f6hlen. Dr\u00fccke drei Sekunden lang leicht (10 Pfund).<\/p>\n<p>4. Wiederhole die ganze \u00dcbungsfolge noch einmal.<\/p>\n<p><strong>Handfl\u00e4chen<\/strong><\/p>\n<p><a HREF=\"http:\/\/www.bushido-lubwart.de\/wordpress\/wp-content\/uploads\/2008\/03\/shiatsu362.jpg\" TITLE=\"shiatsu362.jpg\"><img ALIGN=\"right\" SRC=\"http:\/\/www.bushido-lubwart.de\/wordpress\/wp-content\/uploads\/2008\/03\/shiatsu362.thumbnail.jpg\" ALT=\"shiatsu362.jpg\" \/><\/a>Es gibt vier Shiatzu-Punkte auf der Handfl\u00e4che. Die ersten drei befinden sich auf einer Linie, die von der Mitte der Hand-<br \/>\nGelenkwurzel zum Ansatz des Mittelfingers l\u00e4uft. Der vierte Punkt befindet sich auf dem Daumenballen.<\/p>\n<p>1. Lege den linken Daumen auf die Mitte der fleischigen Partie an der Unterseite der Handfl\u00e4che. Umschlie\u00dfe mit den \u00fcbrigen Fingern den Handr\u00fccken. Dr\u00fccke drei Sekunden lang tief (20 Pfund). Pause.<br \/>\n2. R\u00fccke auf der gedachten Linie zum Mittelpunkt der rechten Handfl\u00e4che vor, und wiederhole f\u00fcr drei Sekunden den tiefen Druck. Pause.<br \/>\n3. Lege den linken Daumen auf die fleischige Partie am Ansatz des rechten Mittelfingers, und wiederhole den tiefen Druck. Pause.<br \/>\n4. Nimm nun den Punkt auf dem Daumenballen vor, und dr\u00fccke tief (20 Pfund).<br \/>\n5. Wiederhole die ganze \u00dcbungsfolge. Anschlie\u00dfend zweimal andere Seite.<\/p>\n<p><strong>Abschlie\u00dfende \u00dcbungen<\/strong><\/p>\n<p>Leg Dich auf den R\u00fccken, strecke Arme, Beine und Zehen, und atme langsam durch die Nase ein. Entspanne langsam die Muskeln, w\u00e4hrend Du zischend durch die Vorderz\u00e4hne ausatmest. Wiederhole dies mindestens sechsmal.<\/p>\n","protected":false},"excerpt":{"rendered":"<p>Zu den eindrucksvollsten und lohnendsten Erfahrungen, die Shiatzu uns geben kann, geh\u00f6rt ein guter Schlaf. Leider gibt es viel zu viele Menschen, f\u00fcr die das Schlafenk\u00f6nnen ein Problem ist und die dieses Problem mit Medikamenten zu l\u00f6sen suchen. &#8211; Aber es gibt auch ein einfacheres, billigeres und mit keinerlei Nebenwirkungen behaftetes Mittel zu einem gesunden [&hellip;]<\/p>\n","protected":false},"author":2,"featured_media":0,"parent":1265,"menu_order":1,"comment_status":"open","ping_status":"open","template":"","meta":{"ngg_post_thumbnail":0,"footnotes":""},"class_list":["post-1267","page","type-page","status-publish","hentry"],"_links":{"self":[{"href":"https:\/\/www.bushido-lubwart.de\/wordpress\/wp-json\/wp\/v2\/pages\/1267"}],"collection":[{"href":"https:\/\/www.bushido-lubwart.de\/wordpress\/wp-json\/wp\/v2\/pages"}],"about":[{"href":"https:\/\/www.bushido-lubwart.de\/wordpress\/wp-json\/wp\/v2\/types\/page"}],"author":[{"embeddable":true,"href":"https:\/\/www.bushido-lubwart.de\/wordpress\/wp-json\/wp\/v2\/users\/2"}],"replies":[{"embeddable":true,"href":"https:\/\/www.bushido-lubwart.de\/wordpress\/wp-json\/wp\/v2\/comments?post=1267"}],"version-history":[{"count":0,"href":"https:\/\/www.bushido-lubwart.de\/wordpress\/wp-json\/wp\/v2\/pages\/1267\/revisions"}],"up":[{"embeddable":true,"href":"https:\/\/www.bushido-lubwart.de\/wordpress\/wp-json\/wp\/v2\/pages\/1265"}],"wp:attachment":[{"href":"https:\/\/www.bushido-lubwart.de\/wordpress\/wp-json\/wp\/v2\/media?parent=1267"}],"curies":[{"name":"wp","href":"https:\/\/api.w.org\/{rel}","templated":true}]}}