{"id":1232,"date":"2008-02-26T12:36:36","date_gmt":"2008-02-26T11:36:36","guid":{"rendered":"http:\/\/www.bushido-lubwart.de\/wordpress\/?page_id=1232"},"modified":"2008-03-06T06:54:03","modified_gmt":"2008-03-06T05:54:03","slug":"hinweise","status":"publish","type":"page","link":"https:\/\/www.bushido-lubwart.de\/wordpress\/karate-and-more\/prufungen\/prufungsordnung-djkb\/hinweise\/","title":{"rendered":"Hinweise"},"content":{"rendered":"<p>Hinweise zur Ausf\u00fchrung der Techniken in den Kyu- und Dan-Pr\u00fcfungsprogrammen:<\/p>\n<p>1. F\u00fcr die angegebenen Stellungen werden in der Regel folgende Abk\u00fcrzungen<br \/>\nverwendet:<br \/>\nZk = Zenkutsu-Dachi<br \/>\nKk = Kokutsu-Dachi<br \/>\nKb = Kiba-Dachi<\/p>\n<p>2. Wenn Kizami-Mae-Geri angegeben, ist die Technik generell Jodan auszuf\u00fchren.<\/p>\n<p>3. Alle Faustst\u00f6\u00dfe werden generell Chudan ausgef\u00fchrt. Ausnahmen sind in den<br \/>\nPr\u00fcfungsprogrammen angegeben.<\/p>\n<p>4. Ushiro-Geri und Yoko-Geri-Kekomi werden generell Chudan, alle sonstigen<br \/>\nFu\u00dftritte werden generell Jodan ausgef\u00fchrt. Ausnahmen sind in denPr\u00fcfungsprogrammen angegeben.<\/p>\n<table CLASS=\"\">\n<tr>\n<td CLASS=\"\"><a HREF=\"http:\/\/www.bushido-lubwart.de\/wordpress\/?page_id=1250\">Fachbegriffe<\/a><\/td>\n<td CLASS=\"\"><a HREF=\"http:\/\/www.bushido-lubwart.de\/wordpress\/?page_id=1231\">DJKB-Pr\u00fcfungsordnung<\/a><\/td>\n<td CLASS=\"\"><a HREF=\"http:\/\/www.bushido-lubwart.de\/wordpress\/?page_id=1233\">Vorbemerkungen<\/a><\/td>\n<\/tr>\n<\/table>\n","protected":false},"excerpt":{"rendered":"<p>Hinweise zur Ausf\u00fchrung der Techniken in den Kyu- und Dan-Pr\u00fcfungsprogrammen: 1. F\u00fcr die angegebenen Stellungen werden in der Regel folgende Abk\u00fcrzungen verwendet: Zk = Zenkutsu-Dachi Kk = Kokutsu-Dachi Kb = Kiba-Dachi 2. Wenn Kizami-Mae-Geri angegeben, ist die Technik generell Jodan auszuf\u00fchren. 3. Alle Faustst\u00f6\u00dfe werden generell Chudan ausgef\u00fchrt. Ausnahmen sind in den Pr\u00fcfungsprogrammen angegeben. 4. [&hellip;]<\/p>\n","protected":false},"author":2,"featured_media":0,"parent":1231,"menu_order":1,"comment_status":"open","ping_status":"open","template":"","meta":{"ngg_post_thumbnail":0,"footnotes":""},"class_list":["post-1232","page","type-page","status-publish","hentry"],"_links":{"self":[{"href":"https:\/\/www.bushido-lubwart.de\/wordpress\/wp-json\/wp\/v2\/pages\/1232"}],"collection":[{"href":"https:\/\/www.bushido-lubwart.de\/wordpress\/wp-json\/wp\/v2\/pages"}],"about":[{"href":"https:\/\/www.bushido-lubwart.de\/wordpress\/wp-json\/wp\/v2\/types\/page"}],"author":[{"embeddable":true,"href":"https:\/\/www.bushido-lubwart.de\/wordpress\/wp-json\/wp\/v2\/users\/2"}],"replies":[{"embeddable":true,"href":"https:\/\/www.bushido-lubwart.de\/wordpress\/wp-json\/wp\/v2\/comments?post=1232"}],"version-history":[{"count":0,"href":"https:\/\/www.bushido-lubwart.de\/wordpress\/wp-json\/wp\/v2\/pages\/1232\/revisions"}],"up":[{"embeddable":true,"href":"https:\/\/www.bushido-lubwart.de\/wordpress\/wp-json\/wp\/v2\/pages\/1231"}],"wp:attachment":[{"href":"https:\/\/www.bushido-lubwart.de\/wordpress\/wp-json\/wp\/v2\/media?parent=1232"}],"curies":[{"name":"wp","href":"https:\/\/api.w.org\/{rel}","templated":true}]}}