{"id":1209,"date":"2008-02-26T12:12:09","date_gmt":"2008-02-26T11:12:09","guid":{"rendered":"http:\/\/www.bushido-lubwart.de\/wordpress\/?page_id=1209"},"modified":"2008-03-05T11:28:53","modified_gmt":"2008-03-05T10:28:53","slug":"schwerpunkte","status":"publish","type":"page","link":"https:\/\/www.bushido-lubwart.de\/wordpress\/karate-and-more\/prufungen\/prufungsordnung-dkv\/schwerpunkte\/","title":{"rendered":"Schwerpunkte"},"content":{"rendered":"<p>Die Pr\u00fcfungsordnung ist in vier Gruppen aufgeteilt. In jeder Gruppe werden besondere Schwerpunkte in der Ausbildung gesetzt. Es sind dies:<\/p>\n<p><strong>Unterstufe 9. &#8211; 7. Kyu<\/strong><\/p>\n<p>In der Unterstufe erlernt der Pr\u00fcfling die Grundform der einzelnen Techniken. Den Abschlu\u00df dieser Stufe bildet der 7.Kyu, der den \u00dcbergang zur Mittelstufe vorbereiten soll.<\/p>\n<p>Pr\u00fcfer und Pr\u00fcfling achten vor allem auf sichere St\u00e4nde, korrekte Techniken und Ausholbewegungen. Die aufrechte Haltung des Oberk\u00f6rpers ist ein wichtiges Merkmal. Die Pr\u00fcflinge zum 7. Kyu m\u00fcssen bereits gute Ans\u00e4tze von innerer und \u00e4u\u00dferer Spannung zeigen.<\/p>\n<p>Im Kumite und im Kumite aus Kamae ist die kontrollierte Ausf\u00fchrung der Techniken und die richtige Distanz beider Partner besonders zu beachten.<\/p>\n<p>In der Kata sind sowohl korrekte Abl\u00e4ufe, die beim 7. Kyu bereits Rhythmus erkennen lassen, als auch ein Verst\u00e4ndnis der Hintergr\u00fcnde der Techniken in der Kata gefordert.<\/p>\n<p>Die Selbstverteidigung ist ein nat\u00fcrlicher Bestandteil des Karate. Das Erlernen der Sportart soll den Karateka zur Selbstbehauptung und zur Selbstverteidigung bef\u00e4higen. Dieses Lernziel mu\u00df bei der Ausbildung ber\u00fccksichtigt werden, wird jedoch nicht als zu pr\u00fcfender Teil in die Pr\u00fcfungsordnung aufgenommen.<\/p>\n<p><strong>Mittelstufe 6. &#8211; 4. Kyu<\/strong><\/p>\n<p>Die Grundtechniken, die jetzt h\u00e4ufig in Kombinationen gezeigt werden, sollen sich von der Grundform zur Feinform entwickeln.<\/p>\n<p>Bei der Ausf\u00fchrung der Kombinationen ist wichtig, da\u00df sich die Qualit\u00e4t der Einzeltechnik nicht verschlechtern darf. Besonderer Wert wird auf folgende Merkmale gelegt:<\/p>\n<p>Bewegungsrhythmus, bewu\u00dfter H\u00fcfteinsatz, Standfestigkeit, Atemtechnik und Kime.<\/p>\n<p>Im Kumite und im Kumite aus Kamae m\u00fcssen sich die technischen Fertigkeiten in Bewegungsvielfalt, Kampfgeist und Kontrolle ausdr\u00fccken. Der Respekt vor der Gesundheit des Partners ist einer der Eckpfeiler des fortgeschrittenen Karateka!<\/p>\n<p>In der Kata soll sich das fortgeschrittene K\u00f6nnen des Pr\u00fcflings sowohl im Verst\u00e4ndnis ( BUNKAI ) als auch in der Fl\u00fcssigkeit ( Rhythmus ) des Vortrages zeigen. Alle bis zu der jeweiligen Graduierung erlernten Kata geh\u00f6ren mit zum Pr\u00fcfungsstoff.<\/p>\n<p><strong>Oberstufe 3. &#8211; 1. Kyu<\/strong><\/p>\n<p>Die Grundschule der Oberstufe zeichnet sich durch eine Vielzahl schwieriger Kombinationen aus. Dabei sind Qualit\u00e4t in den Einzeltechniken, Rhythmus in den Verbindungen, Standfestigkeit und nicht zuletzt Ausdauer zu zeigen. Sie spiegelt den Flei\u00df und die Intensit\u00e4t des Trainings wider.<\/p>\n<p>Im Kumite wird sowohl das Jiyu &#8211; Ippon &#8211; Kumite, als auch der Freie Kampf ( Jiyu Kumite ) gepr\u00fcft. Beides stellt h\u00f6chste Anforderungen an den Pr\u00fcfling. Nur wer exakte Technik mit Kampfgeist und Kontrolle paart, erf\u00fcllt die hier gesetzten Anforderungen. Sieg oder Niederlage ist beim Jiyu Kumite nicht pr\u00fcfungsentscheidend.<\/p>\n<p>In Kata und im Bunkai mu\u00df der Pr\u00fcfling ein fortgeschrittenes Verst\u00e4ndnis des Zusammenhangs von Kata und sinnvollen Anwendungen zeigen k\u00f6nnen. Alle bis zu der jeweiligen Graduierung erlernten Kata geh\u00f6ren in der Oberstufe selbstverst\u00e4ndlich mit zum Pr\u00fcfungsstoff.<\/p>\n<table CLASS=\"\">\n<tr>\n<td CLASS=\"\"><a HREF=\"http:\/\/www.bushido-lubwart.de\/wordpress\/?page_id=1208\">Vorwort<\/a><\/td>\n<td CLASS=\"\"><a HREF=\"http:\/\/www.bushido-lubwart.de\/wordpress\/?page_id=1207\">DKV Pr\u00fcfungs\u00fcbersicht<\/a><\/td>\n<td CLASS=\"\"><a HREF=\"http:\/\/www.bushido-lubwart.de\/wordpress\/?page_id=1210\">Dan-Grade<\/a><\/td>\n<\/tr>\n<\/table>\n","protected":false},"excerpt":{"rendered":"<p>Die Pr\u00fcfungsordnung ist in vier Gruppen aufgeteilt. In jeder Gruppe werden besondere Schwerpunkte in der Ausbildung gesetzt. Es sind dies: Unterstufe 9. &#8211; 7. Kyu In der Unterstufe erlernt der Pr\u00fcfling die Grundform der einzelnen Techniken. Den Abschlu\u00df dieser Stufe bildet der 7.Kyu, der den \u00dcbergang zur Mittelstufe vorbereiten soll. Pr\u00fcfer und Pr\u00fcfling achten vor [&hellip;]<\/p>\n","protected":false},"author":2,"featured_media":0,"parent":1207,"menu_order":2,"comment_status":"open","ping_status":"open","template":"","meta":{"ngg_post_thumbnail":0,"footnotes":""},"class_list":["post-1209","page","type-page","status-publish","hentry"],"_links":{"self":[{"href":"https:\/\/www.bushido-lubwart.de\/wordpress\/wp-json\/wp\/v2\/pages\/1209"}],"collection":[{"href":"https:\/\/www.bushido-lubwart.de\/wordpress\/wp-json\/wp\/v2\/pages"}],"about":[{"href":"https:\/\/www.bushido-lubwart.de\/wordpress\/wp-json\/wp\/v2\/types\/page"}],"author":[{"embeddable":true,"href":"https:\/\/www.bushido-lubwart.de\/wordpress\/wp-json\/wp\/v2\/users\/2"}],"replies":[{"embeddable":true,"href":"https:\/\/www.bushido-lubwart.de\/wordpress\/wp-json\/wp\/v2\/comments?post=1209"}],"version-history":[{"count":0,"href":"https:\/\/www.bushido-lubwart.de\/wordpress\/wp-json\/wp\/v2\/pages\/1209\/revisions"}],"up":[{"embeddable":true,"href":"https:\/\/www.bushido-lubwart.de\/wordpress\/wp-json\/wp\/v2\/pages\/1207"}],"wp:attachment":[{"href":"https:\/\/www.bushido-lubwart.de\/wordpress\/wp-json\/wp\/v2\/media?parent=1209"}],"curies":[{"name":"wp","href":"https:\/\/api.w.org\/{rel}","templated":true}]}}