{"id":1200,"date":"2008-02-26T12:01:27","date_gmt":"2008-02-26T11:01:27","guid":{"rendered":"http:\/\/www.bushido-lubwart.de\/wordpress\/?page_id=1200"},"modified":"2008-03-05T11:16:17","modified_gmt":"2008-03-05T10:16:17","slug":"5-kyu","status":"publish","type":"page","link":"https:\/\/www.bushido-lubwart.de\/wordpress\/karate-and-more\/prufungen\/prufungsordnung-srd\/5-kyu\/","title":{"rendered":"5. Kyu"},"content":{"rendered":"<p><strong>Kihon<\/strong><\/p>\n<p>1. Oi-Zuki Zenkutsu-Dachi (aus Jiyu Kamae)<em> Jodan<br \/>\n<\/em><br \/>\n2. Gyaku-Zuki Zenkutsu-Dachi (aus Jiyu Kamae) <em>Jodan-Chudan<\/em><\/p>\n<p>3. Sanbon-Ren-Zuki Zenkutsu-Dachi (aus Jiyu Kamae)<\/p>\n<p>4. Soto-Ude-Uke Zenkutsu-Dachi, Yoko-Empi-Uchi, <em>Tate Uraken Uchi<\/em> Kiba-Dachi, Gyaku-Zuki Zenkutsu-Dachi <em>r\u00fcckw\u00e4rts<\/em><\/p>\n<p>5. Shuto-Uke Kokutsu-Dachi, Kizami-Mae-Geri, Gyaku-Tate-Nukite Zenkutsu-Dachi <em>vorw\u00e4rts<\/em><\/p>\n<p>6. Uchi-Ude-Uke Kokutsu-Dachi, Kizami-Zuki, Gyaku-Zuki Zenkutsu-Dachi<\/p>\n<p><em>7. Gedan Barai, Uraken Uchi, Gyaku Zuki Zenkutsu Dachi r\u00fcckw\u00e4rts<\/em><\/p>\n<p><em>8. aus Jiyu Kamae Mae Ren Geri (Jodan &#8211; Chudan) Zenkutsu Dachi<\/em><\/p>\n<p><em>9. aus Jiyu Kamae Mawashi Geri (Jodan) Zenkutsu Dachi<\/em><\/p>\n<p><em>10. aus Jiyu Kamae Mae Geri (Chudan), Mawashi Geri (Jodan) im Vorw\u00e4rtsgehen<\/em><\/p>\n<p><em>11. aus Jiyu Kamae Yoko Geri Kekomi Kiba Dachi<\/em><\/p>\n<p><em>12. aus Jiyu Kamae Yoko Geri Keage Kiba Dachi<\/em><\/p>\n<p><strong>Kata<\/strong><\/p>\n<p>Heian Yondan<\/p>\n<p><strong>Kumite<\/strong><\/p>\n<p><em>Kihon Ippon KumiteVerteidigung und Gegenangriff frei; Verteidigung mit zwei verschiedenen Abwehr und Gegenangriffen1. Oi Zuki Jodan Zenkutsu Dachi<\/p>\n<p>2. Oi Zuki Chudan Zenkutsu Dachi<\/p>\n<p>3. Mae Geri Chudan Zenkutsu Dachi<\/p>\n<p>4. Yoko Geri Chudan Zenkutsu Dachi<\/p>\n<p>5. Mawashi Geri Chudan Zenkutsu Dachi<\/p>\n<p>Jiyu Ippon Kumite<br \/>\n(aus dem Stand, ohne Bewegung des Angreifers)<em>1. Angriff Oi-Zuki Jodan Zenkutsu Dachi &#8211; Verteidigung Age-Uke, Gyaku-Zuki Zenkutsu Dachi2. Angriff Oi-Zuki Chudan Zenkutsu Dachi &#8211; Verteidigung Soto-Ude-Uke, Gyaku-Zuki Zenkutsu Dachi<\/p>\n<p>3. Angriff Mae-Geri Chudan Zenkutsu Dachi &#8211; Verteidigung Gedan-Barai, Gyaku-Zuki Zenkutsu Dachi<\/p>\n<p>4. Angriff Mawashi-Geri Jodan Zenkutsu-Dachi &#8211; Verteidigung Jodan Uchi-Ude-Uke, Gyaku-Zuki Zenkutsu-Dachi<\/p>\n<p>5. Angriff Yoko-Geri Chudan Zenkutsu-Dachi &#8211; Verteidigung Soto-Ude-Uke bzw. Uchi-Ude-Uke, Gyaku-Zuki Zenkutsu-Dachi<\/p>\n<p><strong>Der Pr\u00fcfer legt Wert auf:<\/strong><\/p>\n<p>richtige und sichere Stellung<br \/>\nflie\u00dfende Bewegungen in allen Positionen<br \/>\nrichtige Kampfhaltung im Jiyu Ippon Kumite<br \/>\nrichtige Distanz im Kampf<\/p>\n<table CLASS=\"\">\n<tr>\n<td CLASS=\"\"><a HREF=\"http:\/\/www.bushido-lubwart.de\/wordpress\/?page_id=1199\">6. Kyu<\/a><\/td>\n<td CLASS=\"\"><a HREF=\"http:\/\/www.bushido-lubwart.de\/wordpress\/?page_id=1187\">SRD Pr\u00fcfungs\u00fcbersicht<\/a><\/td>\n<td CLASS=\"\"><a HREF=\"http:\/\/www.bushido-lubwart.de\/wordpress\/?page_id=1201\">4. Kyu<\/a><\/td>\n<\/tr>\n<\/table>\n<p><\/em><\/em><\/p>\n","protected":false},"excerpt":{"rendered":"<p>Kihon 1. Oi-Zuki Zenkutsu-Dachi (aus Jiyu Kamae) Jodan 2. Gyaku-Zuki Zenkutsu-Dachi (aus Jiyu Kamae) Jodan-Chudan 3. Sanbon-Ren-Zuki Zenkutsu-Dachi (aus Jiyu Kamae) 4. Soto-Ude-Uke Zenkutsu-Dachi, Yoko-Empi-Uchi, Tate Uraken Uchi Kiba-Dachi, Gyaku-Zuki Zenkutsu-Dachi r\u00fcckw\u00e4rts 5. Shuto-Uke Kokutsu-Dachi, Kizami-Mae-Geri, Gyaku-Tate-Nukite Zenkutsu-Dachi vorw\u00e4rts 6. Uchi-Ude-Uke Kokutsu-Dachi, Kizami-Zuki, Gyaku-Zuki Zenkutsu-Dachi 7. Gedan Barai, Uraken Uchi, Gyaku Zuki Zenkutsu Dachi r\u00fcckw\u00e4rts [&hellip;]<\/p>\n","protected":false},"author":2,"featured_media":0,"parent":1187,"menu_order":13,"comment_status":"open","ping_status":"open","template":"","meta":{"ngg_post_thumbnail":0,"footnotes":""},"class_list":["post-1200","page","type-page","status-publish","hentry"],"_links":{"self":[{"href":"https:\/\/www.bushido-lubwart.de\/wordpress\/wp-json\/wp\/v2\/pages\/1200"}],"collection":[{"href":"https:\/\/www.bushido-lubwart.de\/wordpress\/wp-json\/wp\/v2\/pages"}],"about":[{"href":"https:\/\/www.bushido-lubwart.de\/wordpress\/wp-json\/wp\/v2\/types\/page"}],"author":[{"embeddable":true,"href":"https:\/\/www.bushido-lubwart.de\/wordpress\/wp-json\/wp\/v2\/users\/2"}],"replies":[{"embeddable":true,"href":"https:\/\/www.bushido-lubwart.de\/wordpress\/wp-json\/wp\/v2\/comments?post=1200"}],"version-history":[{"count":0,"href":"https:\/\/www.bushido-lubwart.de\/wordpress\/wp-json\/wp\/v2\/pages\/1200\/revisions"}],"up":[{"embeddable":true,"href":"https:\/\/www.bushido-lubwart.de\/wordpress\/wp-json\/wp\/v2\/pages\/1187"}],"wp:attachment":[{"href":"https:\/\/www.bushido-lubwart.de\/wordpress\/wp-json\/wp\/v2\/media?parent=1200"}],"curies":[{"name":"wp","href":"https:\/\/api.w.org\/{rel}","templated":true}]}}