{"id":1186,"date":"2008-02-26T11:39:56","date_gmt":"2008-02-26T10:39:56","guid":{"rendered":"http:\/\/www.bushido-lubwart.de\/wordpress\/?page_id=1186"},"modified":"2008-02-26T11:39:56","modified_gmt":"2008-02-26T10:39:56","slug":"dan-prufungsgebuhren","status":"publish","type":"page","link":"https:\/\/www.bushido-lubwart.de\/wordpress\/karate-and-more\/prufungen\/prufungsordnung-ajka\/dan-prufungsgebuhren\/","title":{"rendered":"Dan-Pr\u00fcfungsgeb\u00fchren"},"content":{"rendered":"<p>Die Zeiten der Ungewissheit sind vorbei. Nachdem es in der Vergangenheit immer wieder Fragen und Unsicherheiten bzgl. der H\u00f6he der Dan-Pr\u00fcfungsgeb\u00fchren gab, ist nun endlich eine feste Regelung getroffen worden, die nicht zuletzt auch auf Vermittlung von Safar Sensei zutande kam.<\/p>\n<p>1. Dan  \t175,00 USD<br \/>\n2. Dan  \t200,00 USD<br \/>\n3. Dan  \t225,00 USD<br \/>\n4. Dan  \t250,00 USD<br \/>\n5. Dan  \t275,00 USD<br \/>\n6. Dan  \t300,00 USD<\/p>\n<p>Die Geb\u00fchren f\u00fcr Nachpr\u00fcfungen betragen generell 20,00 USD.<\/p>\n","protected":false},"excerpt":{"rendered":"<p>Die Zeiten der Ungewissheit sind vorbei. Nachdem es in der Vergangenheit immer wieder Fragen und Unsicherheiten bzgl. der H\u00f6he der Dan-Pr\u00fcfungsgeb\u00fchren gab, ist nun endlich eine feste Regelung getroffen worden, die nicht zuletzt auch auf Vermittlung von Safar Sensei zutande kam. 1. Dan 175,00 USD 2. Dan 200,00 USD 3. Dan 225,00 USD 4. Dan [&hellip;]<\/p>\n","protected":false},"author":2,"featured_media":0,"parent":1169,"menu_order":17,"comment_status":"open","ping_status":"open","template":"","meta":{"ngg_post_thumbnail":0,"footnotes":""},"class_list":["post-1186","page","type-page","status-publish","hentry"],"_links":{"self":[{"href":"https:\/\/www.bushido-lubwart.de\/wordpress\/wp-json\/wp\/v2\/pages\/1186"}],"collection":[{"href":"https:\/\/www.bushido-lubwart.de\/wordpress\/wp-json\/wp\/v2\/pages"}],"about":[{"href":"https:\/\/www.bushido-lubwart.de\/wordpress\/wp-json\/wp\/v2\/types\/page"}],"author":[{"embeddable":true,"href":"https:\/\/www.bushido-lubwart.de\/wordpress\/wp-json\/wp\/v2\/users\/2"}],"replies":[{"embeddable":true,"href":"https:\/\/www.bushido-lubwart.de\/wordpress\/wp-json\/wp\/v2\/comments?post=1186"}],"version-history":[{"count":0,"href":"https:\/\/www.bushido-lubwart.de\/wordpress\/wp-json\/wp\/v2\/pages\/1186\/revisions"}],"up":[{"embeddable":true,"href":"https:\/\/www.bushido-lubwart.de\/wordpress\/wp-json\/wp\/v2\/pages\/1169"}],"wp:attachment":[{"href":"https:\/\/www.bushido-lubwart.de\/wordpress\/wp-json\/wp\/v2\/media?parent=1186"}],"curies":[{"name":"wp","href":"https:\/\/api.w.org\/{rel}","templated":true}]}}