{"id":1184,"date":"2008-02-26T11:38:10","date_gmt":"2008-02-26T10:38:10","guid":{"rendered":"http:\/\/www.bushido-lubwart.de\/wordpress\/?page_id=1184"},"modified":"2008-03-05T09:33:19","modified_gmt":"2008-03-05T08:33:19","slug":"3-dan","status":"publish","type":"page","link":"https:\/\/www.bushido-lubwart.de\/wordpress\/karate-and-more\/prufungen\/prufungsordnung-ajka\/3-dan\/","title":{"rendered":"3. Dan"},"content":{"rendered":"<p><strong>Kata<\/strong><\/p>\n<p>1. Tokui-Kata: Der Pr\u00fcfling w\u00e4hlt eine Kata aus den Gruppen Tekki Nidan, Bassai Dai, Kanku Dai, Hangetsu, Empi, Tekki Sandan, Jion, Gankaku, Jitte, Bassai Sho, Kanku Sho, Sochin, Chinte, Nijushiho, Unsu<\/p>\n<p>2. Shitei-Kata: Der Pr\u00fcfer w\u00e4hlt eine Kata aus den Gruppen Tekki Nidan, Bassai Dai, Kanku Dai, Hangetsu, Empi, Tekki Sandan, Jion, Gankaku, Jitte, Bassai Sho und Heian 2-5 bzw. Tekki 1<\/p>\n<p><strong>Kihon<\/strong><\/p>\n<p>1. Der Pr\u00fcfling muss das Konzept der Kraftentwicklung an einer vorgegebenen Kombination erkl\u00e4ren.<br \/>\n2. Der Pr\u00fcfling erkl\u00e4rt vom Anfang bis zum Schluss der Kombination die wichtigen Punkte der einzelnen Techniken.<br \/>\n3. Der Pr\u00fcfling unterrichtet einen Sch\u00fcler von Anfang bis Ende in der korrekten Ausf\u00fchrung der Technik.<\/p>\n<p><strong>Kumite<\/strong><\/p>\n<p>1. Jiyu-kumite gegen einen Shodan<br \/>\n2. Jiyu-kumite gegen einen st\u00e4rkeren Gegner<\/p>\n<p><strong>Anmerkung<\/strong><\/p>\n<p>Bei der Kata gilt, was bereits beim Nidan-Programm angemerkt wurde. Bei Kihon muss damit gerechnet werden, dass man die vorgegebene Kombination eventuell auch selber vorf\u00fchren muss.<\/p>\n<table CLASS=\"\">\n<tr>\n<td CLASS=\"\"><a HREF=\"http:\/\/www.bushido-lubwart.de\/wordpress\/?page_id=1183\">2. Dan<\/a><\/td>\n<td CLASS=\"\"><a HREF=\"http:\/\/www.bushido-lubwart.de\/wordpress\/?page_id=1169\">AJKA-Pr\u00fcfungs\u00fcbersicht<\/a><\/td>\n<td CLASS=\"\"><a HREF=\"http:\/\/www.bushido-lubwart.de\/wordpress\/?page_id=1185\">4. Dan<\/a><\/td>\n<\/tr>\n<\/table>\n","protected":false},"excerpt":{"rendered":"<p>Kata 1. Tokui-Kata: Der Pr\u00fcfling w\u00e4hlt eine Kata aus den Gruppen Tekki Nidan, Bassai Dai, Kanku Dai, Hangetsu, Empi, Tekki Sandan, Jion, Gankaku, Jitte, Bassai Sho, Kanku Sho, Sochin, Chinte, Nijushiho, Unsu 2. Shitei-Kata: Der Pr\u00fcfer w\u00e4hlt eine Kata aus den Gruppen Tekki Nidan, Bassai Dai, Kanku Dai, Hangetsu, Empi, Tekki Sandan, Jion, Gankaku, Jitte, [&hellip;]<\/p>\n","protected":false},"author":2,"featured_media":0,"parent":1169,"menu_order":15,"comment_status":"open","ping_status":"open","template":"","meta":{"ngg_post_thumbnail":0,"footnotes":""},"class_list":["post-1184","page","type-page","status-publish","hentry"],"_links":{"self":[{"href":"https:\/\/www.bushido-lubwart.de\/wordpress\/wp-json\/wp\/v2\/pages\/1184"}],"collection":[{"href":"https:\/\/www.bushido-lubwart.de\/wordpress\/wp-json\/wp\/v2\/pages"}],"about":[{"href":"https:\/\/www.bushido-lubwart.de\/wordpress\/wp-json\/wp\/v2\/types\/page"}],"author":[{"embeddable":true,"href":"https:\/\/www.bushido-lubwart.de\/wordpress\/wp-json\/wp\/v2\/users\/2"}],"replies":[{"embeddable":true,"href":"https:\/\/www.bushido-lubwart.de\/wordpress\/wp-json\/wp\/v2\/comments?post=1184"}],"version-history":[{"count":0,"href":"https:\/\/www.bushido-lubwart.de\/wordpress\/wp-json\/wp\/v2\/pages\/1184\/revisions"}],"up":[{"embeddable":true,"href":"https:\/\/www.bushido-lubwart.de\/wordpress\/wp-json\/wp\/v2\/pages\/1169"}],"wp:attachment":[{"href":"https:\/\/www.bushido-lubwart.de\/wordpress\/wp-json\/wp\/v2\/media?parent=1184"}],"curies":[{"name":"wp","href":"https:\/\/api.w.org\/{rel}","templated":true}]}}