{"id":1168,"date":"2008-02-26T11:18:41","date_gmt":"2008-02-26T10:18:41","guid":{"rendered":"http:\/\/www.bushido-lubwart.de\/wordpress\/?page_id=1168"},"modified":"2008-02-27T08:45:24","modified_gmt":"2008-02-27T07:45:24","slug":"prufungen","status":"publish","type":"page","link":"https:\/\/www.bushido-lubwart.de\/wordpress\/karate-and-more\/prufungen\/","title":{"rendered":"Pr\u00fcfungen"},"content":{"rendered":"<p><strong><a HREF=\"http:\/\/www.bushido-lubwart.de\/wordpress\/?page_id=1169\">Pr\u00fcfungsordnung AJKA<\/a><\/strong> &#8211; Pr\u00fcfungsordnung der American JKA Karate Association<\/p>\n<p><strong><a HREF=\"http:\/\/www.bushido-lubwart.de\/wordpress\/?page_id=1187\">Pr\u00fcfungsordnung SRD<\/a><\/strong> &#8211; Pr\u00fcfungsordnung des Shotokan Ryu in Deutschland e.V.<\/p>\n<p><strong><a HREF=\"http:\/\/www.bushido-lubwart.de\/wordpress\/?page_id=1207\">Pr\u00fcfungsordnung DKV<\/a><\/strong> &#8211; des Deutschen Karate Verbandes e.V.Endg\u00fcltige Fassung vom 18.4.98<\/p>\n<p><strong><a HREF=\"http:\/\/www.bushido-lubwart.de\/wordpress\/?page_id=1231\">Pr\u00fcfungsordnung DJKB<\/a><\/strong> &#8211; Pr\u00fcfungsordnung des Deutschen JKA-Karate-Bundes in der Fassung vom 31.01.1999<\/p>\n","protected":false},"excerpt":{"rendered":"<p>Pr\u00fcfungsordnung AJKA &#8211; Pr\u00fcfungsordnung der American JKA Karate Association Pr\u00fcfungsordnung SRD &#8211; Pr\u00fcfungsordnung des Shotokan Ryu in Deutschland e.V. Pr\u00fcfungsordnung DKV &#8211; des Deutschen Karate Verbandes e.V.Endg\u00fcltige Fassung vom 18.4.98 Pr\u00fcfungsordnung DJKB &#8211; Pr\u00fcfungsordnung des Deutschen JKA-Karate-Bundes in der Fassung vom 31.01.1999<\/p>\n","protected":false},"author":2,"featured_media":0,"parent":1056,"menu_order":6,"comment_status":"open","ping_status":"open","template":"","meta":{"ngg_post_thumbnail":0,"footnotes":""},"class_list":["post-1168","page","type-page","status-publish","hentry"],"_links":{"self":[{"href":"https:\/\/www.bushido-lubwart.de\/wordpress\/wp-json\/wp\/v2\/pages\/1168"}],"collection":[{"href":"https:\/\/www.bushido-lubwart.de\/wordpress\/wp-json\/wp\/v2\/pages"}],"about":[{"href":"https:\/\/www.bushido-lubwart.de\/wordpress\/wp-json\/wp\/v2\/types\/page"}],"author":[{"embeddable":true,"href":"https:\/\/www.bushido-lubwart.de\/wordpress\/wp-json\/wp\/v2\/users\/2"}],"replies":[{"embeddable":true,"href":"https:\/\/www.bushido-lubwart.de\/wordpress\/wp-json\/wp\/v2\/comments?post=1168"}],"version-history":[{"count":0,"href":"https:\/\/www.bushido-lubwart.de\/wordpress\/wp-json\/wp\/v2\/pages\/1168\/revisions"}],"up":[{"embeddable":true,"href":"https:\/\/www.bushido-lubwart.de\/wordpress\/wp-json\/wp\/v2\/pages\/1056"}],"wp:attachment":[{"href":"https:\/\/www.bushido-lubwart.de\/wordpress\/wp-json\/wp\/v2\/media?parent=1168"}],"curies":[{"name":"wp","href":"https:\/\/api.w.org\/{rel}","templated":true}]}}