{"id":1159,"date":"2008-02-26T10:47:25","date_gmt":"2008-02-26T09:47:25","guid":{"rendered":"http:\/\/www.bushido-lubwart.de\/wordpress\/?page_id=1159"},"modified":"2008-02-26T10:47:25","modified_gmt":"2008-02-26T09:47:25","slug":"leben-oder-leben","status":"publish","type":"page","link":"https:\/\/www.bushido-lubwart.de\/wordpress\/karate-and-more\/hintergrunde\/verschiedenes\/leben-oder-leben\/","title":{"rendered":"leben oder LEBEN"},"content":{"rendered":"<p>Meister Y\u00fcn-men stellte seinen Sch\u00fclern eine Aufgabe: &#8222;Ich frage euch nicht nach den vergangenen f\u00fcnfzehn Tagen. Sagt mir etwas \u00fcber die kommenden f\u00fcnfzehn Tage!&#8220; Da niemand antwortete, gab der Meister selbst die Antwort: &#8222;Tag f\u00fcr Tag: Das ist der gute Tag!&#8220;<\/p>\n<p>Was sollen wir nun daraus lernen?<\/p>\n<p>Meister Funakoshi hat dereinst zwanzig Dojo-Regeln (Dojo-ni-ju-kun) aufgestellt, die zu beachten er allen seinen Sch\u00fclern empfahl. Eine davon lautet: Ichi michi issho &#8211; Ein Tag &#8211; ein Leben. Kurz und knapp will uns der Meister damit sagen, da\u00df wir alles, was wir im Leben tun, ganz, mit innerer \u00dcberzeugung tun und mit eigenem Inhalt f\u00fcllen sollten. Wir m\u00fcssen unser Leben mit Sinn erf\u00fcllen und ihm Tiefe geben. Tiefe in sich selbst ist immer auch Erf\u00fcllung im Leben. Ohne echtes Bem\u00fchen k\u00f6nnen wir in nichts einen Sinn finden.<\/p>\n<p>Eng mit dieser ist eine weitere sehr wichtige Regel verbunden: Gassho &#8211; Sei dankbar f\u00fcr jeden Augenblick deines Lebens. Diese besagt: F\u00fcr alles, was uns am Leben erh\u00e4lt, sind wir zu Dank verpflichtet, denn nichts ist unendlich und nichts umsonst. Ohne Dankbarkeit sind wir weniger als das Tier, das ohne Bewu\u00dftsein den nat\u00fcrlichen Gesetzen folgt. Menschliches Leben jedoch ist bewu\u00dftes Leben, in dem sich der Intellekt als Waffe erweist, wenn diese Erkenntnis fehlt.<\/p>\n<p>Wir sollten nie vergessen, da\u00df wir nur eine sehr kurze Zeitspanne auf diese Erde weilen. Alles Leben ist verg\u00e4nglich. Darum d\u00fcrfen wir unser Leben nicht verschwenden, sondern m\u00fcssen unsere Zeit nutzen, um auf dem Weg (Do) voranzukommen.<\/p>\n<p><strong>Man mu\u00df sein Leben leben, als w\u00e4re jeder Tag der letzte.<\/strong><\/p>\n","protected":false},"excerpt":{"rendered":"<p>Meister Y\u00fcn-men stellte seinen Sch\u00fclern eine Aufgabe: &#8222;Ich frage euch nicht nach den vergangenen f\u00fcnfzehn Tagen. Sagt mir etwas \u00fcber die kommenden f\u00fcnfzehn Tage!&#8220; Da niemand antwortete, gab der Meister selbst die Antwort: &#8222;Tag f\u00fcr Tag: Das ist der gute Tag!&#8220; Was sollen wir nun daraus lernen? Meister Funakoshi hat dereinst zwanzig Dojo-Regeln (Dojo-ni-ju-kun) aufgestellt, [&hellip;]<\/p>\n","protected":false},"author":2,"featured_media":0,"parent":1127,"menu_order":32,"comment_status":"open","ping_status":"open","template":"","meta":{"ngg_post_thumbnail":0,"footnotes":""},"class_list":["post-1159","page","type-page","status-publish","hentry"],"_links":{"self":[{"href":"https:\/\/www.bushido-lubwart.de\/wordpress\/wp-json\/wp\/v2\/pages\/1159"}],"collection":[{"href":"https:\/\/www.bushido-lubwart.de\/wordpress\/wp-json\/wp\/v2\/pages"}],"about":[{"href":"https:\/\/www.bushido-lubwart.de\/wordpress\/wp-json\/wp\/v2\/types\/page"}],"author":[{"embeddable":true,"href":"https:\/\/www.bushido-lubwart.de\/wordpress\/wp-json\/wp\/v2\/users\/2"}],"replies":[{"embeddable":true,"href":"https:\/\/www.bushido-lubwart.de\/wordpress\/wp-json\/wp\/v2\/comments?post=1159"}],"version-history":[{"count":0,"href":"https:\/\/www.bushido-lubwart.de\/wordpress\/wp-json\/wp\/v2\/pages\/1159\/revisions"}],"up":[{"embeddable":true,"href":"https:\/\/www.bushido-lubwart.de\/wordpress\/wp-json\/wp\/v2\/pages\/1127"}],"wp:attachment":[{"href":"https:\/\/www.bushido-lubwart.de\/wordpress\/wp-json\/wp\/v2\/media?parent=1159"}],"curies":[{"name":"wp","href":"https:\/\/api.w.org\/{rel}","templated":true}]}}