{"id":1157,"date":"2008-02-26T10:44:46","date_gmt":"2008-02-26T09:44:46","guid":{"rendered":"http:\/\/www.bushido-lubwart.de\/wordpress\/?page_id=1157"},"modified":"2008-02-26T10:44:46","modified_gmt":"2008-02-26T09:44:46","slug":"karate-hin-karate-her","status":"publish","type":"page","link":"https:\/\/www.bushido-lubwart.de\/wordpress\/karate-and-more\/hintergrunde\/verschiedenes\/karate-hin-karate-her\/","title":{"rendered":"Karate hin Karate her"},"content":{"rendered":"<p>Wer ist noch nicht in folgende Situation geraten: &#8230;&#8220;Was du machst Karate?&#8220;&#8230; &#8222;Ja ich mache Karate&#8230;&#8220;<\/p>\n<p>Dann rollen uns gro\u00dfe neugierige Augen entgegen, die nur eines sehen k\u00f6nnen:<\/p>\n<p>Karate = Handkante, schnelle Kicks, hohe Spr\u00fcnge, F\u00e4uste aus Stahl und zu guter letzt nat\u00fcrlich auch ein schwarzer G\u00fcrtel. Karate, bo ey&#8230; Respekt, Respekt &#8211; Angst&#8230;<\/p>\n<p>Keine Ahnung diese Leute.<\/p>\n<p>Da stellt sich dann jener die Frage: &#8222;Ja was ist denn nun Karate?&#8220;<\/p>\n<p>Ich glaube, ich probier&#8217;s mal aus&#8230;<\/p>\n<p><strong>Karate<\/strong><\/p>\n<p>Was ich soll mich hinknien? &#8211; und dann auch noch barfu\u00df auf dem kalten, schmutzigen Parkettboden. Wie bitte? Ich soll mich ehrw\u00fcrdig vor dem Trainer verneigen? Na das f\u00e4ngt ja gut an&#8230;<\/p>\n<p><strong>Nach 3 Wochen<\/strong><\/p>\n<p>Techniken wie Gedan-Barai, Zenkutsu-Dachi kann ich ja schon richtig gut &#8211; aber wo bleibt die Handkante?&#8230;<\/p>\n<p>&#8211; Oh Pu, tief stehen, so was \u00f6des, das strengt ja an<\/p>\n<p>&#8211; Oh nein, schon wieder einen Muskelkater und diese ollen Blasen an den F\u00fc\u00dfen<\/p>\n<p><strong>Nach der ersten Pr\u00fcfung zum Wei\u00dfgurt<\/strong><\/p>\n<p>Pff&#8230; erste Pr\u00fcfung erfolgreich bestanden.<\/p>\n<p>&#8211; Oh, ich hab ja gar keinen Muskelkater mehr und schon richtige Muskeln, wie Jean Claude van Damme. Weit kann&#8217;s ja nicht mehr sein bis zum Schwarzgurt&#8230;<\/p>\n<p>&#8211; Beim Partnertraining, dem Kumite treten wir uns nicht zusammen und schlagen uns nicht k.o.? Ist ja langweilig, vorher abstoppen&#8230; das hab ich mir aber anders vorgestellt<\/p>\n<p><strong>Als Gelbgurt<\/strong><\/p>\n<p>Karate kommt nicht von China, sondern von der Insel Okinawa.<\/p>\n<p>&#8211; Bruce Lee ist ja gar nicht der Begr\u00fcnder des Karate, sondern Gichin Funakoshi&#8230;<\/p>\n<p>&#8211; Aha, nicht Kampfsport oder Pr\u00fcgelsport, sondern Kampfkunst&#8230;<\/p>\n<p>&#8211; Karate entwickelte sich, weil der Shogun das tragen von Waffen verboten hatte. Die Samurai nutzten diese Situation aus und pl\u00fcnderten die wehrlosen Bauern aus. Daraufhin mu\u00dften sich die Bauern verteidigen &#8211; hatten aber keine Waffen dazu. Also entwickelte sich die waffenlose Kunst der Selbstverteidigung &#8211; Karate genannt und weitere Kampfk\u00fcnste&#8230;<\/p>\n<p>&#8211; Endlich einen neuen Fu\u00dftritt: Yoko-Geri&#8230;<\/p>\n<p>&#8211; Aha, Gohon-Kumite&#8230;<\/p>\n<p>&#8211; Kata, was ist denn das? Aha. Kampf gegen mich selber. Wie eine Art Schattenkampf, gegen mich selbst &#8211; Kata hei\u00dft Form.<\/p>\n<p>&#8211; Wieder eine neue Kata, Heian-Nidan cool&#8230;<\/p>\n<p><strong>Als Orangegurt<\/strong><\/p>\n<p>Karate ist eine Lebenskunst &#8211; eine Lebenskunst und nicht nur ein Sport&#8230;<\/p>\n<p>&#8211; Eine neue Kata, Heian-Sandan, weit kann&#8217;s ja nicht mehr sein bis zum Schwarzgurt&#8230;<\/p>\n<p>Nun stelle ich mir doch die Frage; und so manch einer auch: Warum mache ich eigentlich Karate? Ich darf mich doch sowieso nicht pr\u00fcgeln und darf kein Schl\u00e4gerheld in der Schule sein&#8230; ist ja \u00f6de. Karate darf nur im Notfall angewendet werden &#8211; im Notfall. Es gibt keine richtige Anwort daf\u00fcr. Man macht es einfach &#8211; Tag f\u00fcr Tag, Monat f\u00fcr Monat und Jahr f\u00fcr Jahr&#8230; Der Trainierende scheint es f\u00fcr den ersten Augenblick gar nicht zu merken, da\u00df er sich ver\u00e4ndert und zwar zum guten hin. Denn:<\/p>\n<p>&#8222;Karate-do beginnt mit Respekt und endet mit Respekt&#8220;<\/p>\n<p>&#8222;Karate ist ein Helfer der Gerechtigkeit&#8220;<\/p>\n<p>&#8222;Erkenne zuerst dich selbst, dann den anderen&#8220;<\/p>\n<p>&#8222;Befreie deinen Geist&#8220;<\/p>\n<p>&#8222;Denke nicht, da\u00df Karate nur im Dojo stattfindet&#8220;<\/p>\n<p>&#8222;Verbinde dein allt\u00e4gliches Leben mit Karate, dann wirst du Geistige Reife erlangen&#8220;<\/p>\n<p>(Einige der Shoto-niju-kun von dem Begr\u00fcnder des Karate: Gichin Funakoshi)<\/p>\n<p><strong>Als Gr\u00fcngurt<\/strong><\/p>\n<p>Richtig Power beim Kumite machen, aber trotzdem im letzten Augenblick vor dem Gegner abstoppen und nicht zuschlagen&#8230;<\/p>\n<p>&#8211; Karate mu\u00df man leben und nicht nur wie ein blindes Huhn ohne Sinn und Verstand machen &#8211; ohne zu wissen warum.<\/p>\n<p><strong>Als Blaugurt<\/strong><\/p>\n<p>So langsam verstehe ich, warum ich so lange bis zur n\u00e4chsten G\u00fcrtelpr\u00fcfung warten mu\u00df; und zwar aus einem ganz einfachen Grund: Es w\u00e4re doch zu peinlich, mit einem Schwarzgurt um den H\u00fcften das Niveau eines Gr\u00fcngurtes zu besitzen. Wie schlimm w\u00e4re es doch, mit einem noch nagelneuen G\u00fcrtel die n\u00e4chste G\u00fcrtelpr\u00fcfung zu absorbieren &#8211; wie scheu\u00dflich, man kann gar nicht zeigen, wie gut und kr\u00e4ftig man mit seinem vorigen G\u00fcrtel trainiert hat &#8211; man kann gar nicht zeigen, wie zerfetzt und abgenutzt er schon deswegen ist.<\/p>\n","protected":false},"excerpt":{"rendered":"<p>Wer ist noch nicht in folgende Situation geraten: &#8230;&#8220;Was du machst Karate?&#8220;&#8230; &#8222;Ja ich mache Karate&#8230;&#8220; Dann rollen uns gro\u00dfe neugierige Augen entgegen, die nur eines sehen k\u00f6nnen: Karate = Handkante, schnelle Kicks, hohe Spr\u00fcnge, F\u00e4uste aus Stahl und zu guter letzt nat\u00fcrlich auch ein schwarzer G\u00fcrtel. Karate, bo ey&#8230; Respekt, Respekt &#8211; Angst&#8230; Keine [&hellip;]<\/p>\n","protected":false},"author":2,"featured_media":0,"parent":1127,"menu_order":30,"comment_status":"open","ping_status":"open","template":"","meta":{"ngg_post_thumbnail":0,"footnotes":""},"class_list":["post-1157","page","type-page","status-publish","hentry"],"_links":{"self":[{"href":"https:\/\/www.bushido-lubwart.de\/wordpress\/wp-json\/wp\/v2\/pages\/1157"}],"collection":[{"href":"https:\/\/www.bushido-lubwart.de\/wordpress\/wp-json\/wp\/v2\/pages"}],"about":[{"href":"https:\/\/www.bushido-lubwart.de\/wordpress\/wp-json\/wp\/v2\/types\/page"}],"author":[{"embeddable":true,"href":"https:\/\/www.bushido-lubwart.de\/wordpress\/wp-json\/wp\/v2\/users\/2"}],"replies":[{"embeddable":true,"href":"https:\/\/www.bushido-lubwart.de\/wordpress\/wp-json\/wp\/v2\/comments?post=1157"}],"version-history":[{"count":0,"href":"https:\/\/www.bushido-lubwart.de\/wordpress\/wp-json\/wp\/v2\/pages\/1157\/revisions"}],"up":[{"embeddable":true,"href":"https:\/\/www.bushido-lubwart.de\/wordpress\/wp-json\/wp\/v2\/pages\/1127"}],"wp:attachment":[{"href":"https:\/\/www.bushido-lubwart.de\/wordpress\/wp-json\/wp\/v2\/media?parent=1157"}],"curies":[{"name":"wp","href":"https:\/\/api.w.org\/{rel}","templated":true}]}}