{"id":1145,"date":"2008-02-26T09:34:12","date_gmt":"2008-02-26T08:34:12","guid":{"rendered":"http:\/\/www.bushido-lubwart.de\/wordpress\/?page_id=1145"},"modified":"2008-02-29T11:13:49","modified_gmt":"2008-02-29T10:13:49","slug":"karate-ni-sente-nashi","status":"publish","type":"page","link":"https:\/\/www.bushido-lubwart.de\/wordpress\/karate-and-more\/hintergrunde\/verschiedenes\/karate-ni-sente-nashi\/","title":{"rendered":"Karate ni sente nashi"},"content":{"rendered":"<p>Dies ist eine der zwanzig von Gro\u00dfmeister Gichin Funakoshi aufgestellten Dojo-Regeln. Sie beinhaltet den friedliebenden Geist des Karate, denn Karate \u00fcbt man nicht um zu siegen, um \u00fcber seine Feinde zu triumphieren. Karate-Do hei\u00dft, h\u00e4\u00dfliche Konflikte vermeiden, mit dem anderen zu leben und nicht gegen ihn zu k\u00e4mpfen.<\/p>\n<table CLASS=\"\">\n<tr>\n<td CLASS=\"\"><a TARGET=\"_blank\" HREF=\"http:\/\/www.bushido-lubwart.de\/wordpress\/wp-content\/uploads\/2008\/02\/karatenisentenashi.jpg\"><img SRC=\"http:\/\/www.bushido-lubwart.de\/wordpress\/wp-content\/uploads\/2008\/02\/karatenisentenashi.thumbnail.jpg\" \/><\/a><\/td>\n<td CLASS=\"\">Karate ni sente nashi Kalligraphie: Es gibt keinen ersten Angriff im Karate<\/td>\n<\/tr>\n<\/table>\n<p>Nun sagst du: Es gibt keinen ersten Angriff, also warte ich einfach den Angriff ab und dann werde ich dem anderen mal zeigen, was ich alles gelernt habe. Falsch! Karate ni sente nashi geht weiter &#8211; Man mu\u00df alles tun, um Gewalt zu vermeiden, folglich lieber davonlaufen, als sich zu schlagen. Mag dich der andere ruhig einen Feigling schimpfen. Was wertvoller als alles andere ist: Du bist dir selbst treu geblieben!<\/p>\n<p>Als ich gerade mit dem Studium des Karate-Do begonnen hatte, verstand ich all dies noch nicht.<\/p>\n<p>Es war an einem Silvesterabend, als ich mit einigen Freunden durch die Stra\u00dfen zog. Pl\u00f6tzlich wurde ich von einem angetrunkenen Mann mittleren Alters von hinten am Kragen gepackt und er drohte mir Pr\u00fcgel an.<\/p>\n<p>Ich selbst, eingedenk dieses Leitspruches, lauerte nur auf den ersten Schlag von ihm, um ihm dann einige wohlgezielte Schl\u00e4ge zu verpassen. Zum Gl\u00fcck kam ein Freund dazwischen, der die Sache beendete.<\/p>\n<p>Heute wei\u00df ich, dass auch schon allein diese meine Einstellung, das Warten auf den ersten Schlag des anderen, gegen den wahren Geist des Karate-Do ist.<\/p>\n<p>Der Epilog zu dieser Begebenheit ereignete sich einige Jahre sp\u00e4ter. In einem Gesch\u00e4ft wurde ich von zwei streitlustigen jungen M\u00e4nnern beschimpft und sie wollten sich aus irgendeinem unerfindlichen Grund mit mir schlagen. Ich selbst blieb jedoch nach au\u00dfen hin v\u00f6llig ruhig; ja ich dachte noch nicht einmal daran, den beiden mit irgendwelchen Techniken zu begegnen. Es war ihnen anzusehen, dass sie vom K\u00e4mpfen nichts verstanden, so dass es f\u00fcr mich ein Leichtes gewesen w\u00e4re, sie eines besseren zu belehren. &#8211; Doch was h\u00e4tte ich davon gehabt?<\/p>\n<p>Ein Unrecht schafft nur immer wieder neues Unrecht. Mag sein, dass es sich manchmal als unm\u00f6glich erweist, einem Konflikt aus dem Weg zu gehen &#8211; aber du solltest stets bedenken, dass ein Kampf niemals ein Problem aus der Welt schafft.<\/p>\n<p>Es ist schon allerhand, was da von uns verlangt wird: Selbstbeherrschung, keine Angriffshandlungen begehen, ja letztlich lieber einen Schlag einstecken, als einen austeilen.<\/p>\n<p>Doch auch all dies gibt noch nicht den vollen Sinn dieser Regel wieder. In ihrer letzten Konsequenz bedeutet &#8222;Karate ni sente nashi&#8220; n\u00e4mlich das Verbot jeglicher Angriffshandlung. Deshalb steht diese Dojo-Regel auch dem Jiyu Kumite entgegen.<\/p>\n<p>Gichin Funakoshi f\u00fchrte nur widerstrebend die Kumite-Formen ein. Er gab hier dem Dr\u00e4ngen seiner j\u00fcngeren Sch\u00fcler nach, die ihr K\u00f6nnen in Wettk\u00e4mpfen unter Beweis stellen wollten. (Fr\u00fcher wurde Karate nur durch Kata ge\u00fcbt.)<\/p>\n<p>Nach Funakoshis Ansicht stellt ein Wettkampf &#8211; gleich welcher Art die Grundprinzipien des Karate ernsthaft in Frage, die darauf gerichtet sind, den Weg (Do) zu lernen.<\/p>\n<p>Bei einem Wettkampf geht es den meisten nur darum, um jeden Preis zu siegen. Sie stellen den Sieg \u00fcber den Gegner obenan und \u00fcbersehen, da\u00df es wertvoller ist, zun\u00e4chst sich selbst zu besiegen. Denn: &#8222;Oberstes Ziel in der Kunst des Karate ist nicht Sieg, nicht Niederlage. Oberstes Ziel ist die Vervollkommnung des eigenen Charakters.&#8220; (Leitspruch der J.K.A.)<\/p>\n<p>Man muss dem anderen nicht beweisen, dass man besser bist als er, denn wahres K\u00f6nnen beweist sich in sich selbst. Du musst unbedingt verstehen, dass Karate miteinander leben hei\u00dft. Dies bedeutet, nicht gegeneinander zu k\u00e4mpfen.<\/p>\n<p>Insbesondere beim Kumite oder bei den Partner\u00fcbungen w\u00e4hrend der Erw\u00e4rmung (aber auch beim Spiel) solltest du das ber\u00fccksichtigen. Der andere ist dein Trainingspartner und Freund. Beide habt ihr das gleiche Ziel: Das Erlernen von Karate-Do. Karate-Do kann man aber nicht allein \u00fcben. Deshalb ist der Partner, der Trainingskamerad so notwendig. Um aber wirklich etwas lernen zu k\u00f6nnen, d\u00fcrft ihr niemals gegeneinander, sondern m\u00fcsst immer miteinander \u00fcben.<\/p>\n<p>Du musst bei Deinen t\u00e4glichen \u00dcbungen jegliches Ich-bezogene Denken (&#8222;Ich will \/ muss gewinnen!&#8220; oder &#8222;Ich muss dem anderen zeigen, dass ich der bessere bin.&#8220;) abstellen. Nur so kannst du Fortschritte auf dem Weg machen. Die Meditation zu Beginn und am Ende der \u00dcbungsstunde soll dir dabei eine Hilfestellung bieten.<\/p>\n<p>Es ist nat\u00fcrlich schwer, eine solche Geisteshaltung zu erlangen, denn der Wille zu siegen ist stark. Hier kannst du beweisen, ob du in der Lage bist, dich selbst zu besiegen.<\/p>\n<p>Wenn du all dies richtig verstanden und auch umgesetzt hast, wirst du bemerken, dass Sieg oder Niederlage pl\u00f6tzlich jegliche Bedeutung verlieren. Mit einer solchen Geisteshaltung wirst du schwerlich verlieren. &#8222;Niemals verlieren bedeutet aber nicht automatisch, immer zu gewinnen.&#8220; (Shigeru Egami)<\/p>\n<p>Nat\u00fcrlich ist es manchmal sehr schwer, ruhig zu bleiben und nicht zu k\u00e4mpfen, es gibt auch Situationen, in denen man k\u00e4mpfen muss, aber die weitaus meisten Konflikte kann man ohne Gewalt l\u00f6sen, auch wenn uns dies \u00dcberwindung kostet, dies l\u00e4nger dauert und meist auch mehr Anstrengung erfordert.<\/p>\n","protected":false},"excerpt":{"rendered":"<p>Dies ist eine der zwanzig von Gro\u00dfmeister Gichin Funakoshi aufgestellten Dojo-Regeln. Sie beinhaltet den friedliebenden Geist des Karate, denn Karate \u00fcbt man nicht um zu siegen, um \u00fcber seine Feinde zu triumphieren. Karate-Do hei\u00dft, h\u00e4\u00dfliche Konflikte vermeiden, mit dem anderen zu leben und nicht gegen ihn zu k\u00e4mpfen. Karate ni sente nashi Kalligraphie: Es gibt [&hellip;]<\/p>\n","protected":false},"author":2,"featured_media":0,"parent":1127,"menu_order":18,"comment_status":"open","ping_status":"open","template":"","meta":{"ngg_post_thumbnail":0,"footnotes":""},"class_list":["post-1145","page","type-page","status-publish","hentry"],"_links":{"self":[{"href":"https:\/\/www.bushido-lubwart.de\/wordpress\/wp-json\/wp\/v2\/pages\/1145"}],"collection":[{"href":"https:\/\/www.bushido-lubwart.de\/wordpress\/wp-json\/wp\/v2\/pages"}],"about":[{"href":"https:\/\/www.bushido-lubwart.de\/wordpress\/wp-json\/wp\/v2\/types\/page"}],"author":[{"embeddable":true,"href":"https:\/\/www.bushido-lubwart.de\/wordpress\/wp-json\/wp\/v2\/users\/2"}],"replies":[{"embeddable":true,"href":"https:\/\/www.bushido-lubwart.de\/wordpress\/wp-json\/wp\/v2\/comments?post=1145"}],"version-history":[{"count":0,"href":"https:\/\/www.bushido-lubwart.de\/wordpress\/wp-json\/wp\/v2\/pages\/1145\/revisions"}],"up":[{"embeddable":true,"href":"https:\/\/www.bushido-lubwart.de\/wordpress\/wp-json\/wp\/v2\/pages\/1127"}],"wp:attachment":[{"href":"https:\/\/www.bushido-lubwart.de\/wordpress\/wp-json\/wp\/v2\/media?parent=1145"}],"curies":[{"name":"wp","href":"https:\/\/api.w.org\/{rel}","templated":true}]}}