{"id":1143,"date":"2008-02-26T09:32:45","date_gmt":"2008-02-26T08:32:45","guid":{"rendered":"http:\/\/www.bushido-lubwart.de\/wordpress\/?page_id=1143"},"modified":"2008-02-26T09:32:45","modified_gmt":"2008-02-26T08:32:45","slug":"boxen-ist-die-effektivste-kampfkunst","status":"publish","type":"page","link":"https:\/\/www.bushido-lubwart.de\/wordpress\/karate-and-more\/hintergrunde\/verschiedenes\/boxen-ist-die-effektivste-kampfkunst\/","title":{"rendered":"Boxen ist die effektivste Kampfkunst"},"content":{"rendered":"<p>Was sollen die untauglichen Vergleiche und Diskussionen dar\u00fcber, welche Kampfkunst, welcher K\u00e4mpfer von welchem System besser w\u00e4re? Wer wann mit wem h\u00e4tte, k\u00f6nnte, sollte, w\u00e4re und dann?<\/p>\n<p>Mein Oma pflegte bei solchen Dingen immer zu sagen &#8222;H\u00e4tte der Hund nicht geschissen, h\u00e4tte er den Hasen gefangen&#8220;<\/p>\n<p>Ich denke, dass Boxen effektiv ist.<br \/>\nIch denke nicht, dass Boxen am effektivsten ist.<\/p>\n<p>W\u00e4re das wirklich so, g\u00e4be es keine anderen Kampfsportarten mehr und derer haben wir doch wohl mehr als genug!<\/p>\n<p>Jede Kampfsportart hat ihre spezifischen Vor- und Nachteile. Auch die K1-K\u00e4mpfe m\u00f6gen wohl nicht unbedingt zum Beweis taugen. Wirkliche Gr\u00f6\u00dfen der traditionellen Kampfk\u00fcnste haben dort meines Wissens noch nicht mitgek\u00e4mpft. Der Grund? Angst? Do-Aspekt der Kampfk\u00fcnste? Ich wei\u00df es nicht und will mir hierzu auch kein Urteil anma\u00dfen.<\/p>\n<p>Ich habe aber schon des \u00f6fteren \u00e4ltere Herren (so um die 60 und \u00e4lter) im Karate gesehen, die sich unglaublich schnell bewegten, so dass jeder auch noch so schnelle Angriff ins Leere ging. Doch genauso schnell wie sie weg waren, trafen ihre Kontertechniken den Angreifer &#8230;<\/p>\n<p>Es gibt wie schon \u00f6fter gesagt definitiv keinen effektiven tauglichen Vergleich von System A mit System B.<\/p>\n<p>Was man vergleichen kann sind K\u00e4mpfer A und K\u00e4mpfer B, wobei man allerdings die Bedingungen zuvor analysieren muss. Wenn beide mit gleichen Ausgangsbedingungen starten d\u00fcrfen (also keine Regeleinschr\u00e4nkungen), dann kann jeder in seinem Stil k\u00e4mpfen. Das Ergebnis ist aber kein Beweis daf\u00fcr, dass System A oder B besser ist, sondern nur das Fighter A oder B in diesem Kampf besser als sein Gegen\u00fcber war.<br \/>\nWas ich ausdr\u00fccken wollte ist nicht, wie und wo man beweisen kann, dass der eigene Stil besser oder nicht besser ist. Hier ist es mir v\u00f6llig egal das perfekte Vergleichssystem hei\u00dft, ob UFC, K1, MMA, Vale Tudo oder wie auch immer &#8230;<\/p>\n<p>Andere Stile zu kennen, von &#8222;Beherrschen&#8220; wage ich mal nicht zu reden, denn dazu geh\u00f6rt mit Sicherheit einiges mehr, kann nie von Nachteil sein.<\/p>\n<p>Fakt ist: Jedes System hat in bestimmten Distanzen Vorteile und in bestimmten Distanzen Nachteile. Das gleiche gilt f\u00fcr verschiedene Kampfsituationen.<\/p>\n<p>Fakt ist auch das viele (nicht alle) der &#8222;neuen Systeme&#8220; trotz ihrer Komplexit\u00e4t gro\u00dfe Defizite aufweisen, weil zwar viele Elemente von hier und dort \u00fcbernommen wurden, um es &#8222;perfekt&#8220; zu machen aber gerade deshalb die Effektivit\u00e4t der einzelnen Technik vernachl\u00e4ssigt wird. Nur selten gelingt es durch die Mischung verschiedener Gerichte wirklich etwas wohlschmeckendes Neues zu kreieren. Meist wird daraus nur ein Mischmasch. Ein bisschen hiervon und ein bisschen davon. Aber ich will hier niemandem zu nahe treten.<\/p>\n<p>Tatsache ist, dass die wenigsten Top-Leute der unterschiedlichen traditionellen Kampfsystem sich nicht an irgendwelchen &#8222;Vergleichswettk\u00e4mpfen&#8220; beteiligen.<\/p>\n<p>Muay Thai, Kickboxen, Boxen, Freefight &#8211; um nur einige Disziplinen zu nennen &#8211; sind mehrheitlich auf Kampf oder nennen wir es &#8222;Vergleichswettkampf&#8220; ausgelegt. Die besten Vertreter dieser Disziplinen finden wir im Ring wieder. Das ist auch gut so.<\/p>\n<p>Auf der anderen Seite gibt es jedoch auch sehr viele Top-Leute aus anderen, traditionellen Kampfsportarten, die sich an solchen Vergleichswettk\u00e4mpfen nicht beteiligen, die sogar Wettk\u00e4mpfe ablehnen, weil sie f\u00fcrchten den Gegner zu verletzen. Bei den gemessenen Schlagkr\u00e4ften in der Faust von \u00fcber 1 Tonne (z.B. Kwon Jae Hwa, Taekwondo oder Teruyuki Okazaki, Karate)ein durchaus nachvollziehbares Argument. Ein Tritt zum Kopf kann in 1\/30 Sekunde vollst\u00e4ndig ausgef\u00fchrt werden. D.h. Fu\u00df vom Boden zum Kopf und wieder zur\u00fcck zum Boden. Das ist unglaublich schnell. (Quelle: Aufnahmen einer Hochgeschwindigkeitskamera, Taekwondo, Gen. Choi Hong Hi)<\/p>\n<p>Das sind m\u00f6glicherweise Ausnahmerscheinungen einzelner Top-Athleten.<\/p>\n<p>Aus der Boxszene, dem Kickboxing, Muay Thai usw. sind aber gerade diese Top-Athleten der \u00d6ffentlichkeit K\u00e4mpfen bekannt. Weniger bekannt hingegen sind die F\u00e4higkeiten derjenigen, die mit ihren Fertigkeiten nicht an die \u00d6ffentlichkeit gehen und sich aus welchen Gr\u00fcnden auch immer nicht f\u00fcr &#8222;Vergleichsk\u00e4mpfe&#8220; zur Verf\u00fcgung stellen wollen.<\/p>\n<p>Jeder Wettk\u00e4mpfer eines Systems hat seine &#8222;Spezialtechnik\/en&#8220; und vernachl\u00e4ssigt zugunsten dieser viele andere Elemente seines Stils. Schon von Natur aus k\u00e4mpft der eine gern auf Distanz, der andere braucht den direkten Kontakt &#8230; Das gilt f\u00fcr jedes Kampfsystem!<\/p>\n<p>Insofern f\u00fchrt sich jede Behauptung Stil A sei besser als Stil B selbst ad absurdum. Man kann immer nur einzelne Personen vergleichen aber keine Stile. Denn dazu m\u00fcsste man zun\u00e4chst wissen, ob und ggf. inwieweit der einzelne sein System tats\u00e4chlich beherrscht und ich wage mal zu behaupten jeder findet auch innerhalb des eigenen Systems in irgendeinem Bereich seinen Meister.<\/p>\n<p>Ein Kampfsystem ist immer nur so gut wie derjenige, der es gerade vertritt.<\/p>\n<p>Wir kennen nun schon Aufzeichnungen, die rund 5000 Jahre in der Geschichte zur\u00fcckreichen, teilweise auch noch \u00e4lter sind. Immer haben die Menschen nach einem noch effektiveren Kampfstil gesucht und bisher hat ihn keiner gefunden. W\u00e4re er gefunden, g\u00e4be es keine anderen Kampfmethoden mehr. Eben weil die Menschen sehr unterschiedlich sind &#8211; gro\u00df, klein, dick, d\u00fcnn, schnell, langsam, klug, dumm &#8230; wird es niemals ein System geben, dass alle M\u00f6glichkeiten und Eventualit\u00e4ten abdecken kann und deshalb auch nicht perfekt im Sinne von universell einsetzbar sein kann.<\/p>\n<p>Stil A und Stil B sind nunmal in Bezug auf die Effektivit\u00e4t nicht vergleichbar. Das w\u00e4re genauso als ob ich 10 verschiedenen Leuten unterschiedlicher Herkunft ein Essen vorsetzen w\u00fcrde. 10 unterschiedliche Geschm\u00e4cker &#8211; 10 unterschiedliche Meinungen \u00fcber das Essen. Man kann etwas nur dann wirklich vergleichen &#8211; und das wird jeder Wissenschaftler best\u00e4tigen &#8211; wenn die Ausgangsbedingungen gleich sind.<\/p>\n<p>Ausgangsbedingungen in Bezug auf Menschen k\u00f6nnen niemals gleich sein, da jeder einen anderen Background hat. Jeder Mensch ist in jeder Hinsicht einzigartig. Und so einzigartig wie er ist, sind auch seine F\u00e4higkeiten. Diese haben nichts mit einem bestimmten System oder Stil zu tun. Systeme oder Stile bringen m\u00f6glicherweise nur die eine oder andere Fertigkeit deutlicher zur Geltung oder pr\u00e4gen sie in besonderem Ma\u00dfe aus. Das ist aber auch schon alles. Damit sind einzelne Personen vergleichbar, aber niemals die von ihnen vertretenen Kampfsysteme.<\/p>\n<p>Vergleichbar ist einzig die Praxistauglichkeit in Bezug auf einfache Erlernbarkeit. Dies beinhaltet aber keine Aussage \u00fcber die Effektivit\u00e4t.<\/p>\n","protected":false},"excerpt":{"rendered":"<p>Was sollen die untauglichen Vergleiche und Diskussionen dar\u00fcber, welche Kampfkunst, welcher K\u00e4mpfer von welchem System besser w\u00e4re? Wer wann mit wem h\u00e4tte, k\u00f6nnte, sollte, w\u00e4re und dann? Mein Oma pflegte bei solchen Dingen immer zu sagen &#8222;H\u00e4tte der Hund nicht geschissen, h\u00e4tte er den Hasen gefangen&#8220; Ich denke, dass Boxen effektiv ist. Ich denke nicht, [&hellip;]<\/p>\n","protected":false},"author":2,"featured_media":0,"parent":1127,"menu_order":16,"comment_status":"open","ping_status":"open","template":"","meta":{"ngg_post_thumbnail":0,"footnotes":""},"class_list":["post-1143","page","type-page","status-publish","hentry"],"_links":{"self":[{"href":"https:\/\/www.bushido-lubwart.de\/wordpress\/wp-json\/wp\/v2\/pages\/1143"}],"collection":[{"href":"https:\/\/www.bushido-lubwart.de\/wordpress\/wp-json\/wp\/v2\/pages"}],"about":[{"href":"https:\/\/www.bushido-lubwart.de\/wordpress\/wp-json\/wp\/v2\/types\/page"}],"author":[{"embeddable":true,"href":"https:\/\/www.bushido-lubwart.de\/wordpress\/wp-json\/wp\/v2\/users\/2"}],"replies":[{"embeddable":true,"href":"https:\/\/www.bushido-lubwart.de\/wordpress\/wp-json\/wp\/v2\/comments?post=1143"}],"version-history":[{"count":0,"href":"https:\/\/www.bushido-lubwart.de\/wordpress\/wp-json\/wp\/v2\/pages\/1143\/revisions"}],"up":[{"embeddable":true,"href":"https:\/\/www.bushido-lubwart.de\/wordpress\/wp-json\/wp\/v2\/pages\/1127"}],"wp:attachment":[{"href":"https:\/\/www.bushido-lubwart.de\/wordpress\/wp-json\/wp\/v2\/media?parent=1143"}],"curies":[{"name":"wp","href":"https:\/\/api.w.org\/{rel}","templated":true}]}}