{"id":1136,"date":"2008-02-26T09:27:01","date_gmt":"2008-02-26T08:27:01","guid":{"rendered":"http:\/\/www.bushido-lubwart.de\/wordpress\/?page_id=1136"},"modified":"2008-02-26T09:27:01","modified_gmt":"2008-02-26T08:27:01","slug":"man-darf-im-karate-nicht-als-erster-zuschlagen","status":"publish","type":"page","link":"https:\/\/www.bushido-lubwart.de\/wordpress\/karate-and-more\/hintergrunde\/verschiedenes\/man-darf-im-karate-nicht-als-erster-zuschlagen\/","title":{"rendered":"Man darf im Karate nicht als erster zuschlagen!"},"content":{"rendered":"<p>Ich bin nicht stark wenn ich anderen meine Macht beweise, indem ich sie zusammenschlage, nachdem sie mich angegriffen haben. Ein wahre K\u00e4mpfer wei\u00df, wann es genug ist. Niemals darf man unbeherrscht sein. Jemanden nach einem Angriff immer soweit zusammenzuschlagen, bis er regungslos am Boden liegt, dass beweist aus meiner Sicht schon einen Mangel an Moral.<\/p>\n<p>Man muss nicht Gleiches mit Gleichem vergelten, man muss sich nicht angreifen lassen und man muss sich auch nicht verstecken. Immer nur die erforderliche Verteidigung anwenden! (vgl. auch das Notwehrrecht &#8211; wer die Grenzen der Notwehr \u00fcberschreitet, macht sich n\u00e4mlich selbst strafbar)<\/p>\n<p>Im \u00dcbrigen &#8211; immer wieder h\u00f6rt und liest man, dass man als Karateka &#8211; oder Kampfsportler &#8211; nicht zuerst angreifen d\u00fcrfe. Das ist im Grundsatz auch richtig. Im Karate wird es ja immer so begr\u00fcndet, dass jede Kata mit einer Verteidigungstechnik beginne. Dies ist auch vom Anf\u00e4nger-Niveau aus betrachtet richtig, aber sp\u00e4ter gibt es keine Abwehrtechniken mehr. Jede Abwehrtechnik wird richtig ausgef\u00fchrt zu einer Angriffstechnik.<\/p>\n<p>Als ge\u00fcbter K\u00e4mpfer lerne ich den Angriff des Gegners fr\u00fchzeitig zu erkennen. Damit bin ich in der Lage, seinen Angriff bereits im Ansatz zu zerst\u00f6ren und seine Kraft gegen ihn selbst zu lenken. Ich brauche nicht zu warten, bis der Angreifer das erste Mal zugeschlagen hat und ich seinen Angriff abgewehrt habe, um darauf selbst zu kontern&#8230; &#8222;Karate ni sente nashi&#8220; hei\u00dft besser \u00fcbersetzt &#8222;Es gibt keine erste Bewegung im Karate&#8220;, was diesem Denkansatz auch voll entspricht. Ich warte die erste Bewegung des Angreifers ab, warte aber nicht, bis er sie vollendet hat.<\/p>\n<p>Der lange Weg ist der schwierige, aber gleichwohl der effektivere. Gute Techniken erfordern eine lange Zeit.<\/p>\n<p>Ein Angriff ist nicht erst dann gegeben, wenn der andere zugeschlagen hat, sondern wenn der Angriff unmittelbar bevorsteht, er also beispielsweise ausholt. (vgl. auch Notwehrrecht)<\/p>\n<p>Im Karate gibt es auch einen sehr bekannten Ausspruch, der leider immer wieder falsch wiedergegeben wird: &#8222;Karate ni sente nashi&#8220; = Es gibt keine erste Bewegung im Karate.<\/p>\n<p>D.h. also logisch weiter gedacht: Wenn der Angreifer seine erste Angriffsbewegung macht, darf ich reagieren = Angriff ist die beste Verteidigung. Ich muss nicht warten, bis der andere seine Chancen ausgenutzt hat&#8230;<\/p>\n<p>Im \u00fcbrigen: Bevor ich &#8211; weil ich sonst keine Chance habe &#8211; zuerst zuschlage, w\u00e4re es nicht besser entweder gleich die Beine in die Hand zu nehmen und davonzulaufen oder soll ich mich pr\u00fcgeln, um mir und den anderen etwas zu beweisen? Au\u00dferdem ist es mit einem vielleicht ein wenig gek\u00e4nktem Ego weiterzuleben als schwer verletzt im Krankhaus oder gar tot auf dem Friedhof zu landen&#8230;<\/p>\n<p>Wenn man in einer brenzligen Situation ist, steht man an einem Scheideweg. Hier zeigt sich, wer in der Lage ist, mit schwierigen Situationen fertig zu werden.<\/p>\n<p>Wer sich f\u00fcr die Gewalt entscheidet kommt nicht allzuweit. Wer sich f\u00fcr den &#8222;sanften&#8220; Weg entscheidet lebt mit Sicherheit l\u00e4nger und ruhiger. Ich erinnere nur an eines: &#8222;Jeder der Schwert greift, wird auch durch das Schwert umkommen&#8230;&#8220; (steht in der Bibel, glaube ich) und &#8222;Ein toter Krieger ist kein guter Krieger&#8220; (m\u00fcsste wohl eine alte japanische Weisheit sein).<\/p>\n<p>Ich bin in meinem bisherigen Leben noch nie in die Situation gekommen, mich mit anderen ernsthaft schlagen zu m\u00fcssen, auch versp\u00fcre ich keinerlei Bed\u00fcrfnis hiernach.<\/p>\n<p><strong>Zur Verteidigung schlage ich als erster zu!<\/strong><\/p>\n<p>Die anderen sind b\u00f6se, ich bin es nicht! Wenn ich nur zu meiner Verteidigung als erster zuschlage, hei\u00dft das nichts anderes, als dass ich mit der physischen Gewalt anfange. Auch der Versuch diese physische Gewalt dadurch zu rechtfertigen, dass ich mich (oder andere) selbst sch\u00fctzen wollte mag nicht \u00fcber die Tatsache hinweghelfen, dass ich derjenige war, der die Schl\u00e4gerei angefangen hat.<\/p>\n<p>Im \u00dcbrigen: Wenn man nicht gut genug ist, einen Schlag im Ansatz zu erkennen und abzuwehren, muss man halt mehr, intensiver und h\u00e4rter trainieren, damit man dazu in der Lage ist. Und so lange man das nicht kann (manche werden es auch aus physischen oder psychischen Gr\u00fcnden niemals schaffen), sollte man sich f\u00fcr den sicheren Weg entscheiden und der besteht niemals darin, zuzuschlagen und schon gar nicht als erster zuzuschlagen nach dem Motto &#8222;Vorbeugen ist besser als Heilen&#8220;.<\/p>\n<p>Mehr noch: Wenn ich einen guten K\u00e4mpfer vor mir habe und als erster zuschlage &#8211; vielleicht hat der ja gerade darauf gewartet, um sich dann mit dem &#8222;f\u00fcr die Abwehr des gegenw\u00e4rtigen rechtswidrigen Angriffs notwendigen Mittel&#8220; meiner zu erwehren?<\/p>\n<p><strong>Wie sehen denn die m\u00f6glichen Situationen aus?<\/strong><\/p>\n<p>Wenn derjenige, den ich als erster schlagen will, um nicht angegriffen zu werden, ein guter K\u00e4mpfer ist, werde ich ungeachtet meines ersten Schlages unterliegen, weil er in der Lage ist, meinen Angriff zu erkennen, diesem zu entgehen und seinerseits gezielt zu kontern. Fazit: Keine Chance f\u00fcr mich! Ich verliere den Kampf, vielleicht die Gesundheit und an einen Gerichtsprozess brauche ich als Angreifer gar nicht erst zu denken.<\/p>\n<p>Wenn derjenige, den ich als erster schlagen will, um nicht angegriffen zu werden, kein guter K\u00e4mpfer ist, h\u00e4tte ich seinen Angriff ebensogut abwarten und auskontern k\u00f6nnen. Fazit: Mein erster Schlag war fehl am Platze! Ich gewinnst zwar den Kampf aber mit Sicherheit nicht den Prozess.<\/p>\n<p>Wenn derjenige, den ich als erster schlagen will, um nicht angegriffen zu werden, ein ebenso guter K\u00e4mpfer ist wie ich, stehen die Chancen gleich. Fazit: Mein erster Schlag war vielleicht meine Rettung in der Schl\u00e4gerei &#8211; aber nicht vor dem Gericht!<\/p>\n<p><strong>Fassen wir zusammen:<\/strong><\/p>\n<p>1. Vor Gericht habe ich als erster Zuschlagender nie eine Chance und werde immer unterliegen.<\/p>\n<p>2. Meine Chancen als Sieger aus der Sache hervorzugehen stehen 50:50.<\/p>\n<p>3. Meine Chancen unverletzt aus der Situation rauszukommen liegen deutlich unter 50 Prozent.<\/p>\n<p>Alles zusammen ergibt eine aus meiner Sicht mehr als negative Bilanz. Bei so schlechten Aktien w\u00fcrde wohl ein B\u00f6rsenmakler nur kaufen, wenn eine deutliche Aussicht auf Besserung besteht &#8211; aber die wird wohl nie kommen. Also l\u00e4sst er die Finger vom Kauf der Aktie. Auf die beschriebene Situation umgem\u00fcnzt hie\u00dfe das &#8211; Finger weg! Suche Dir besser etwas anderes.<\/p>\n<p>Die Gesundheit ist ein hohes Gut, die man wahrscheinlich gar nicht recht zu sch\u00e4tzen wei\u00df, weil man noch nie im Leben \u00fcber einen l\u00e4ngeren Zeitraum krank gewesen bist. Fragt doch einmal Leute, die ihr ganzes Leben immer aktiv gewesen sind und nun das Bett h\u00fcten m\u00fcssen, weil sie durch einen Unfall oder Krankheit nicht mehr in der Lage sind zu gehen&#8230; Der Beispiele k\u00f6nnte man sicherlich noch viele aufz\u00e4hlen &#8211; aber es soll gen\u00fcgen.<\/p>\n<p><strong>Fest steht folgendes:<\/strong><\/p>\n<p>1. Gewalt hat noch nie zur L\u00f6sung von irgendwelchen Konflikten beigetragen (auch wenn das von Politikern immer wieder gern behauptet wird). Die Geschichte hat \u00fcberdeutlich gezeigt, dass Gewalt nur immer tempor\u00e4r eine Beruhigung eines Konflikts gebracht hat, ihn aber niemals l\u00f6sen konnte.<\/p>\n<p>2. Die Gefahr f\u00fcr die eigene Gesundheit in einer Schl\u00e4gerei ist zu gro\u00df als dass man sich dieser unbedacht aussetzen sollte. (Du schreibst ja selbst \u00fcber die Gefahr eines Schlages auf den Kehlkopf &#8211; wobei dieser ja aus pathologischen Gr\u00fcnden eh erst bei Personen ab etwa 30 Jahren t\u00f6dlich sein kann.)<\/p>\n<p>3. Gewalt vermeiden oder dieser auszuweichen (gleich auf welche Weise) ist so lange vorzuziehen, wie es m\u00f6glich ist. Die Gewalt ist immer nur als Ultima Ratio zu verstehen, als allerletzter Ausweg, wenn es nichts anderes mehr gibt.<\/p>\n<p>Und im \u00dcbrigen was das <strong>Weglaufen<\/strong> anbetrifft: Wer seinem Gegner den R\u00fccken zukehrt braucht sich nicht zu wundern, wenn er einen Tritt in seinen Allerwertesten bekommt &#8211; das ist doch glasklar&#8230; oder? Wenn ich mich aus einer Gefahrensituation entferne indem ich mich umdrehe, wird die Gefahr doch noch gr\u00f6\u00dfer als sie ohnehin schon war! Das w\u00e4re genau das gleiche wie das kleine Kind, das glaubt, weil selbst mit geschlossenen Augen nichts sehen kann, dass es auch alle anderen nun nicht mehr sehen k\u00f6nnten. Wenn Du Dich umdrehst um wegzulaufen und die Entfernung nicht sicher ist, dann k\u00f6nntest Du genausogut im Moment des Angriffs einen Schritt in Richtung der Faust des Angreifers tun, um dessen Schlagwirkung zu erh\u00f6hen.<\/p>\n<p><strong>Einige Schlussgedanken<\/strong><\/p>\n<p>Wir d\u00fcrfen nicht immer nur so kurz und engstirnig denken, ausgerichtet nur auf den jetzigen Augenblick. Mag sein, dass wir f\u00fcr den Moment mit Gewalt ein Problemchen l\u00f6sen k\u00f6nnen, aber die daraus erwachsenden Folgen &#8211; \u00fcberblicken wir die auch? Mit der richtigen Grundhaltung werden wir auch immer die richtigen Entscheidungen treffen k\u00f6nnen. Der Mensch ist so konzipiert, dass er sein Wissen auch unter H\u00f6chstanforderungen blitzschnell abrufen und auch in schwierigsten Situationen die richtigen Entscheidungen treffen kann. Haben wir aber die falsche Grundhaltung werden wir immer auch die falsche Entscheidung treffen.<\/p>\n<p>Bedenkt:<br \/>\n<strong>Wenn jeder als erster zuschl\u00e4gt, nur um nicht als erster angegriffen zu werden &#8211; dann haben wir bald nur noch Schl\u00e4ger in unserem Land&#8230; Ist es das, was wir wollen?<\/strong><\/p>\n","protected":false},"excerpt":{"rendered":"<p>Ich bin nicht stark wenn ich anderen meine Macht beweise, indem ich sie zusammenschlage, nachdem sie mich angegriffen haben. Ein wahre K\u00e4mpfer wei\u00df, wann es genug ist. Niemals darf man unbeherrscht sein. Jemanden nach einem Angriff immer soweit zusammenzuschlagen, bis er regungslos am Boden liegt, dass beweist aus meiner Sicht schon einen Mangel an Moral. [&hellip;]<\/p>\n","protected":false},"author":2,"featured_media":0,"parent":1127,"menu_order":9,"comment_status":"open","ping_status":"open","template":"","meta":{"ngg_post_thumbnail":0,"footnotes":""},"class_list":["post-1136","page","type-page","status-publish","hentry"],"_links":{"self":[{"href":"https:\/\/www.bushido-lubwart.de\/wordpress\/wp-json\/wp\/v2\/pages\/1136"}],"collection":[{"href":"https:\/\/www.bushido-lubwart.de\/wordpress\/wp-json\/wp\/v2\/pages"}],"about":[{"href":"https:\/\/www.bushido-lubwart.de\/wordpress\/wp-json\/wp\/v2\/types\/page"}],"author":[{"embeddable":true,"href":"https:\/\/www.bushido-lubwart.de\/wordpress\/wp-json\/wp\/v2\/users\/2"}],"replies":[{"embeddable":true,"href":"https:\/\/www.bushido-lubwart.de\/wordpress\/wp-json\/wp\/v2\/comments?post=1136"}],"version-history":[{"count":1,"href":"https:\/\/www.bushido-lubwart.de\/wordpress\/wp-json\/wp\/v2\/pages\/1136\/revisions"}],"predecessor-version":[{"id":1842,"href":"https:\/\/www.bushido-lubwart.de\/wordpress\/wp-json\/wp\/v2\/pages\/1136\/revisions\/1842"}],"up":[{"embeddable":true,"href":"https:\/\/www.bushido-lubwart.de\/wordpress\/wp-json\/wp\/v2\/pages\/1127"}],"wp:attachment":[{"href":"https:\/\/www.bushido-lubwart.de\/wordpress\/wp-json\/wp\/v2\/media?parent=1136"}],"curies":[{"name":"wp","href":"https:\/\/api.w.org\/{rel}","templated":true}]}}