{"id":1133,"date":"2008-02-26T09:19:40","date_gmt":"2008-02-26T08:19:40","guid":{"rendered":"http:\/\/www.bushido-lubwart.de\/wordpress\/?page_id=1133"},"modified":"2008-02-26T09:19:40","modified_gmt":"2008-02-26T08:19:40","slug":"wettkampf-und-karate","status":"publish","type":"page","link":"https:\/\/www.bushido-lubwart.de\/wordpress\/karate-and-more\/hintergrunde\/verschiedenes\/wettkampf-und-karate\/","title":{"rendered":"Wettkampf und Karate"},"content":{"rendered":"<p>Nakayama Sensei hat den Wettkampf eingef\u00fchrt, um Karate popul\u00e4r zu machen. Glauben wir denn, dass Fu\u00dfball oder in Asien \/ America Baseball ohne gro\u00dfe Stadien und Fernseh\u00fcbertragen so popul\u00e4r w\u00e4re wie es heute ist?<\/p>\n<p>Nakayama sagte: &#8222;Der Wettkampf hat dem Karate den gr\u00f6\u00dften Dienst erwiesen, den es gibt. Es hat Karate in der Welt bekannt gemacht und geholfen, Karate in der ganzen Welt zu verbreiten. Zugleich gibt es aber nichts schlimmeres als den Wettkampf f\u00fcr das Karate, da er dem Karate mehr Schaden zugef\u00fcgt hat, als alles andere.&#8220;<\/p>\n<p>Wettk\u00e4mpfe, Vergleiche untereinander sind wichtig. So kann man lernen und sich weiterentwicklen. Trotzdem d\u00fcrfen Wettk\u00e4mpfe nicht zum Selbstzweck werden, da sonst der Sinn des Karate verloren geht. Die Zeit eines guten Wettk\u00e4mpfers ist sp\u00e4testens mit Ende Drei\u00dfig vorbei und dann?<\/p>\n<p>Wenn das Karate nur den Sinn &#8222;Wettkampf&#8220; hat, dann ist das Karate-Leben vorbei. Es gibt mehr und das ist die Aufgabe des Lehrers, dies zu vermitteln.<\/p>\n<p>Nur rund 5% aller Karateka sind wirklich an Wettk\u00e4mpfen interessiert. (dies trifft \u00fcbrigens auch f\u00fcr alle anderen Sportarten zu) Deshalb ist es wichtig, das Training f\u00fcr alle interessant zu gestalten. Einige wollen etwas erreichen, andere wollen sich selbst etwas beweisen oder f\u00fcr ihre Gesundheit tun &#8230; Die Beweggr\u00fcnde sich f\u00fcr Karate zu entscheiden sind vielf\u00e4ltig. Der Trainer muss in der Lage sein, dies zu erkennen und jeden einzelnen nach seinen Bed\u00fcrfnissen zu f\u00f6rdern und zu unterst\u00fctzen, damit er auch weiter Spa\u00df und Freude am Karate hat. Wettk\u00e4mpfe k\u00f6nnen hierzu ein Baustein sein.<\/p>\n","protected":false},"excerpt":{"rendered":"<p>Nakayama Sensei hat den Wettkampf eingef\u00fchrt, um Karate popul\u00e4r zu machen. Glauben wir denn, dass Fu\u00dfball oder in Asien \/ America Baseball ohne gro\u00dfe Stadien und Fernseh\u00fcbertragen so popul\u00e4r w\u00e4re wie es heute ist? Nakayama sagte: &#8222;Der Wettkampf hat dem Karate den gr\u00f6\u00dften Dienst erwiesen, den es gibt. Es hat Karate in der Welt bekannt [&hellip;]<\/p>\n","protected":false},"author":2,"featured_media":0,"parent":1127,"menu_order":6,"comment_status":"open","ping_status":"open","template":"","meta":{"ngg_post_thumbnail":0,"footnotes":""},"class_list":["post-1133","page","type-page","status-publish","hentry"],"_links":{"self":[{"href":"https:\/\/www.bushido-lubwart.de\/wordpress\/wp-json\/wp\/v2\/pages\/1133"}],"collection":[{"href":"https:\/\/www.bushido-lubwart.de\/wordpress\/wp-json\/wp\/v2\/pages"}],"about":[{"href":"https:\/\/www.bushido-lubwart.de\/wordpress\/wp-json\/wp\/v2\/types\/page"}],"author":[{"embeddable":true,"href":"https:\/\/www.bushido-lubwart.de\/wordpress\/wp-json\/wp\/v2\/users\/2"}],"replies":[{"embeddable":true,"href":"https:\/\/www.bushido-lubwart.de\/wordpress\/wp-json\/wp\/v2\/comments?post=1133"}],"version-history":[{"count":0,"href":"https:\/\/www.bushido-lubwart.de\/wordpress\/wp-json\/wp\/v2\/pages\/1133\/revisions"}],"up":[{"embeddable":true,"href":"https:\/\/www.bushido-lubwart.de\/wordpress\/wp-json\/wp\/v2\/pages\/1127"}],"wp:attachment":[{"href":"https:\/\/www.bushido-lubwart.de\/wordpress\/wp-json\/wp\/v2\/media?parent=1133"}],"curies":[{"name":"wp","href":"https:\/\/api.w.org\/{rel}","templated":true}]}}