{"id":1129,"date":"2008-02-26T09:15:38","date_gmt":"2008-02-26T08:15:38","guid":{"rendered":"http:\/\/www.bushido-lubwart.de\/wordpress\/?page_id=1129"},"modified":"2008-02-26T09:15:38","modified_gmt":"2008-02-26T08:15:38","slug":"kampfen-oder-nicht-kampfen","status":"publish","type":"page","link":"https:\/\/www.bushido-lubwart.de\/wordpress\/karate-and-more\/hintergrunde\/verschiedenes\/kampfen-oder-nicht-kampfen\/","title":{"rendered":"K\u00e4mpfen oder nicht k\u00e4mpfen"},"content":{"rendered":"<p>Die oberste Regel in den Kampfk\u00fcnsten ist noch immer, einem Kampf wenn irgend m\u00f6glich aus dem Weg zu gehen. Das hei\u00dft im Besonderen, konflikttr\u00e4chtige Situationen vermeiden.<\/p>\n<p>Wenn ich des Nachts durch dunkle Stra\u00dfen gehe, wissend das dort h\u00e4ufig \u00dcberf\u00e4lle stattfinden oder sich zwielichtige Gestalten aufhalten, ich gleichwohl aber einen m\u00f6glicherweise l\u00e4ngeren, aber sicheren Weg h\u00e4tte nutzen k\u00f6nnen, so brauche ich mich nicht zu wundern, wenn ich in schwierige Situationen gerate. Ebenso verh\u00e4lt es sich mit anderen Lokalit\u00e4ten. Wo es stets und st\u00e4ndig Streit und Schl\u00e4gereien gibt, geht man besser gar nicht erst hin, es sei denn, man steht auf so etwas. Dann muss man sich allerdings die Frage gefallen lassen, ob man sich wirklich nur noch &#8222;selbst verteidigen&#8220; will oder doch andere Absichten hat.<\/p>\n<p>Auch durch provozierendes Handeln jeglicher Art kann man einen Angriff ausf\u00fchren. Auch ein Angriff gegen die Ehre kann eine Selbstverteidigungshandlung rechtfertigen, die man dann selbst nat\u00fcrlich lieber als Angriffshandlung des anderen auslegt. Wer konflikttr\u00e4chtige Situationen von vornherein meidet wird in seinem Leben wahrscheinlich nie in die Lage geraten, dass was er in den Kampfk\u00fcnsten erlernt hat, jemals einzusetzen.<\/p>\n<p>Wir lernen prim\u00e4r nicht, um uns oder anderen etwas zu beweisen und schon gar nicht sollte der Sinn des Trainings darin bestehen, die dort erlernten Techniken so schnell wie irgend m\u00f6glich in einer mehr oder weniger ernsten Situation auf &#8222;Alltagstauglichkeit&#8220; zu testen. Nicht zuletzt sollte der Kampfsportler nicht vergessen, dass die Gerichte den Einsatz seiner F\u00e4higkeiten weit strenger beurteilen, als den Faustangriff oder selbst den bewaffneten Angriff eines durchschnittlichen Schl\u00e4gertyps.<\/p>\n<p>Aufgrund seiner F\u00e4higkeiten und Kenntnisse wird von dem Kampfsportler besondere Besonnenheit beim Einsatz und der Auswahl seiner Techniken gegen Angriffe jeglicher Art gefordert. Es gibt nicht wenige Urteile, in denen Kampfsportler und nicht der Angreifer verurteilt wurden, nur weil der Kampfsportler nach Ansicht der Gerichte unangemessen gehandelt hat &#8211; insbesondere unter Ber\u00fccksichtigung seiner durch das Training erlangten Fertigkeiten und Kenntnisse.<\/p>\n<p>Vor diesem Hintergrund kann es eigentlich nur einen Schluss geben: Konflikte meiden und lieber einen Schlag einstecken. (Das sollte man ja eigentlich auch im Training gelernt haben.) Den Meisten geht es doch letztlich nur darum, den anderen seine \u00dcberlegenheit zu beweisen. Was vergebe ich mir, wenn der andere glaubt besser zu sein als ich? Lasse ich ihm doch seinen Glauben und sein Gef\u00fchlt der \u00dcberlegenheit, wenn es ihm hilft. Immer noch besser, als im Krankenhaus oder &#8211; noch schlimmer -auf dem Friedhof zu landen.<\/p>\n<p>Wenn es um Leib und Leben geht, ist es etwas Anderes. Niemand muss sich ohne Gegenwehr misshandeln oder umbringen lassen.<\/p>\n<p>Fazit des Ganzen: Gewalt hat noch nie Probleme gel\u00f6st, sondern immer nur wieder neue hervorgerufen (denke doch einfach mal an Pal\u00e4stina oder an andere Krisenherde in der Welt).<\/p>\n<p>Die beste Art, einem Angriff zu entgehen besteht noch immer darin, nicht da zu sein. K\u00e4mpfen ist immer nur als ultima ratio zu verstehen, immer nur dann darf ich meine Kenntnisse einsetzen, wenn es keinen anderen Ausweg mehr gibt.<\/p>\n","protected":false},"excerpt":{"rendered":"<p>Die oberste Regel in den Kampfk\u00fcnsten ist noch immer, einem Kampf wenn irgend m\u00f6glich aus dem Weg zu gehen. Das hei\u00dft im Besonderen, konflikttr\u00e4chtige Situationen vermeiden. Wenn ich des Nachts durch dunkle Stra\u00dfen gehe, wissend das dort h\u00e4ufig \u00dcberf\u00e4lle stattfinden oder sich zwielichtige Gestalten aufhalten, ich gleichwohl aber einen m\u00f6glicherweise l\u00e4ngeren, aber sicheren Weg h\u00e4tte [&hellip;]<\/p>\n","protected":false},"author":2,"featured_media":0,"parent":1127,"menu_order":2,"comment_status":"open","ping_status":"open","template":"","meta":{"ngg_post_thumbnail":0,"footnotes":""},"class_list":["post-1129","page","type-page","status-publish","hentry"],"_links":{"self":[{"href":"https:\/\/www.bushido-lubwart.de\/wordpress\/wp-json\/wp\/v2\/pages\/1129"}],"collection":[{"href":"https:\/\/www.bushido-lubwart.de\/wordpress\/wp-json\/wp\/v2\/pages"}],"about":[{"href":"https:\/\/www.bushido-lubwart.de\/wordpress\/wp-json\/wp\/v2\/types\/page"}],"author":[{"embeddable":true,"href":"https:\/\/www.bushido-lubwart.de\/wordpress\/wp-json\/wp\/v2\/users\/2"}],"replies":[{"embeddable":true,"href":"https:\/\/www.bushido-lubwart.de\/wordpress\/wp-json\/wp\/v2\/comments?post=1129"}],"version-history":[{"count":0,"href":"https:\/\/www.bushido-lubwart.de\/wordpress\/wp-json\/wp\/v2\/pages\/1129\/revisions"}],"up":[{"embeddable":true,"href":"https:\/\/www.bushido-lubwart.de\/wordpress\/wp-json\/wp\/v2\/pages\/1127"}],"wp:attachment":[{"href":"https:\/\/www.bushido-lubwart.de\/wordpress\/wp-json\/wp\/v2\/media?parent=1129"}],"curies":[{"name":"wp","href":"https:\/\/api.w.org\/{rel}","templated":true}]}}