{"id":1123,"date":"2008-02-26T09:04:53","date_gmt":"2008-02-26T08:04:53","guid":{"rendered":"http:\/\/www.bushido-lubwart.de\/wordpress\/?page_id=1123"},"modified":"2008-02-26T09:04:53","modified_gmt":"2008-02-26T08:04:53","slug":"karate-forschung","status":"publish","type":"page","link":"https:\/\/www.bushido-lubwart.de\/wordpress\/karate-and-more\/hintergrunde\/sensei-im-interview\/karate-forschung\/","title":{"rendered":"Karate-Forschung"},"content":{"rendered":"<p><strong>Sensei, sie waren in ein 20 Millionen-Dollar schweres Forschungsprogramm an der Universit\u00e4t von Long Island, New York eingebunden. Wie haben die Forschungsergebnisse ihre Art Karate zu unterrichten beeinflusst?<\/strong><\/p>\n<p>Das Programm hat in erster Linie bewiesen, dass Karate, so wie es von unseren Lehrern (Nakayama-sensei, Okazaki-sensei etc.) ausgef\u00fchrt wurde, korrekt ausgef\u00fchrt wird!<\/p>\n<p>Und das ist der Punkt: Es hat uns nicht nur gezeigt, was korrekt ist, sondern vielmehr auch warum es korrekt ist! So ist es f\u00fcr zuk\u00fcnftige Instruktoren einfacher geworden, die richtige Art der Technikausf\u00fchrung zu unterrichten. In den alten Zeiten, haben wir tausende von Wiederholungen gebraucht, um herauszufinden, was richtig ist. Mit den Erkenntnissen aus dem Forschungsprogramm braucht man nur noch die H\u00e4lfte der Zeit. Durch das Programm wurden also in erster Linie die F\u00e4higkeiten der Instruktoren verbessert. Au\u00dferdem wurde viel &#8222;Hokus Pokus\u201c im Karate-Do entschleiert.<\/p>\n<p><em>Dieses Interview wird auf dieser Seite mit freundlicher Genehmigung von Arnfried Krause, ver\u00f6ffentlicht. Die Texte sind seiner Webseite entnommen, die unter http:\/\/www.shotokan-demmin.de erreichbar ist.<\/em><\/p>\n","protected":false},"excerpt":{"rendered":"<p>Sensei, sie waren in ein 20 Millionen-Dollar schweres Forschungsprogramm an der Universit\u00e4t von Long Island, New York eingebunden. Wie haben die Forschungsergebnisse ihre Art Karate zu unterrichten beeinflusst? Das Programm hat in erster Linie bewiesen, dass Karate, so wie es von unseren Lehrern (Nakayama-sensei, Okazaki-sensei etc.) ausgef\u00fchrt wurde, korrekt ausgef\u00fchrt wird! Und das ist der [&hellip;]<\/p>\n","protected":false},"author":2,"featured_media":0,"parent":1115,"menu_order":8,"comment_status":"open","ping_status":"open","template":"","meta":{"ngg_post_thumbnail":0,"footnotes":""},"class_list":["post-1123","page","type-page","status-publish","hentry"],"_links":{"self":[{"href":"https:\/\/www.bushido-lubwart.de\/wordpress\/wp-json\/wp\/v2\/pages\/1123"}],"collection":[{"href":"https:\/\/www.bushido-lubwart.de\/wordpress\/wp-json\/wp\/v2\/pages"}],"about":[{"href":"https:\/\/www.bushido-lubwart.de\/wordpress\/wp-json\/wp\/v2\/types\/page"}],"author":[{"embeddable":true,"href":"https:\/\/www.bushido-lubwart.de\/wordpress\/wp-json\/wp\/v2\/users\/2"}],"replies":[{"embeddable":true,"href":"https:\/\/www.bushido-lubwart.de\/wordpress\/wp-json\/wp\/v2\/comments?post=1123"}],"version-history":[{"count":0,"href":"https:\/\/www.bushido-lubwart.de\/wordpress\/wp-json\/wp\/v2\/pages\/1123\/revisions"}],"up":[{"embeddable":true,"href":"https:\/\/www.bushido-lubwart.de\/wordpress\/wp-json\/wp\/v2\/pages\/1115"}],"wp:attachment":[{"href":"https:\/\/www.bushido-lubwart.de\/wordpress\/wp-json\/wp\/v2\/media?parent=1123"}],"curies":[{"name":"wp","href":"https:\/\/api.w.org\/{rel}","templated":true}]}}