{"id":1120,"date":"2008-02-26T09:02:45","date_gmt":"2008-02-26T08:02:45","guid":{"rendered":"http:\/\/www.bushido-lubwart.de\/wordpress\/?page_id=1120"},"modified":"2008-02-26T09:02:45","modified_gmt":"2008-02-26T08:02:45","slug":"training-in-alten-zeiten","status":"publish","type":"page","link":"https:\/\/www.bushido-lubwart.de\/wordpress\/karate-and-more\/hintergrunde\/sensei-im-interview\/training-in-alten-zeiten\/","title":{"rendered":"Training in alten Zeiten"},"content":{"rendered":"<p><strong>Wenn Sie das Training damals mit heute vergleichen, was ist anders geworden, was hat sich ver\u00e4ndert?<\/strong><\/p>\n<p>(Lacht) Das kann man eigentlich \u00fcberhaupt nicht vergleichen.<br \/>\nEs hat sich sowohl zum Guten als auch zum Schlechten ver\u00e4ndert. Lassen Sie mich dies kurz erkl\u00e4ren:<\/p>\n<p>Gut ist, dass es heutzutage viel mehr gute Instruktoren gibt als damals. Schlecht ist die Entwicklung zum Sportkarate. Das Karate heutzutage ist gespalten.<\/p>\n<p>Urspr\u00fcnglich \u00fcbten wir nur Kihon, Kata und Kumite. Dann, irgendwann, ging es zum Wettkampf \u2013 und wir gewannen. (S\u00e1f\u00e1r-sensei selber hat mehrfach die Pan-Amerikanischen Meisterschaften gewonnen.) Dies ist die Praxis der JKA gewesen.<\/p>\n<p>Die Natur des Karate kann nur durch Wiederholung verstanden werden. Man muss geduldig sein. Man kann es nicht aus B\u00fcchern oder aus Filmen lernen, sondern muss sich in ein Dojo begeben und es einfach tun!<\/p>\n<p><em>Dieses Interview wird auf dieser Seite mit freundlicher Genehmigung von Arnfried Krause, ver\u00f6ffentlicht. Die Texte sind seiner Webseite entnommen, die unter http:\/\/www.shotokan-demmin.de erreichbar ist.<\/em><\/p>\n","protected":false},"excerpt":{"rendered":"<p>Wenn Sie das Training damals mit heute vergleichen, was ist anders geworden, was hat sich ver\u00e4ndert? (Lacht) Das kann man eigentlich \u00fcberhaupt nicht vergleichen. Es hat sich sowohl zum Guten als auch zum Schlechten ver\u00e4ndert. Lassen Sie mich dies kurz erkl\u00e4ren: Gut ist, dass es heutzutage viel mehr gute Instruktoren gibt als damals. Schlecht ist [&hellip;]<\/p>\n","protected":false},"author":2,"featured_media":0,"parent":1115,"menu_order":5,"comment_status":"open","ping_status":"open","template":"","meta":{"ngg_post_thumbnail":0,"footnotes":""},"class_list":["post-1120","page","type-page","status-publish","hentry"],"_links":{"self":[{"href":"https:\/\/www.bushido-lubwart.de\/wordpress\/wp-json\/wp\/v2\/pages\/1120"}],"collection":[{"href":"https:\/\/www.bushido-lubwart.de\/wordpress\/wp-json\/wp\/v2\/pages"}],"about":[{"href":"https:\/\/www.bushido-lubwart.de\/wordpress\/wp-json\/wp\/v2\/types\/page"}],"author":[{"embeddable":true,"href":"https:\/\/www.bushido-lubwart.de\/wordpress\/wp-json\/wp\/v2\/users\/2"}],"replies":[{"embeddable":true,"href":"https:\/\/www.bushido-lubwart.de\/wordpress\/wp-json\/wp\/v2\/comments?post=1120"}],"version-history":[{"count":0,"href":"https:\/\/www.bushido-lubwart.de\/wordpress\/wp-json\/wp\/v2\/pages\/1120\/revisions"}],"up":[{"embeddable":true,"href":"https:\/\/www.bushido-lubwart.de\/wordpress\/wp-json\/wp\/v2\/pages\/1115"}],"wp:attachment":[{"href":"https:\/\/www.bushido-lubwart.de\/wordpress\/wp-json\/wp\/v2\/media?parent=1120"}],"curies":[{"name":"wp","href":"https:\/\/api.w.org\/{rel}","templated":true}]}}