{"id":1114,"date":"2008-02-26T08:55:24","date_gmt":"2008-02-26T07:55:24","guid":{"rendered":"http:\/\/www.bushido-lubwart.de\/wordpress\/?page_id=1114"},"modified":"2008-02-26T08:55:24","modified_gmt":"2008-02-26T07:55:24","slug":"gewinn-aus-verzicht","status":"publish","type":"page","link":"https:\/\/www.bushido-lubwart.de\/wordpress\/karate-and-more\/hintergrunde\/der-meister-erzahlt\/gewinn-aus-verzicht\/","title":{"rendered":"Gewinn aus Verzicht"},"content":{"rendered":"<p>Immer wieder werden wir unserem Leben aus Neue vor Fragen gestellt, m\u00fcssen wir Entscheidungen treffen. Treffen wir die falsche Entscheidung, k\u00f6nnen wir viel verlieren; treffen wir die richtige Entscheidung, k\u00f6nnen wir aber noch viel mehr gewinnen.<\/p>\n<p>Safar Sensei erz\u00e4hlte folgende Begebenheit aus seinem Leben:<\/p>\n<p>Meine Mutter starb und ich stand vor der Entscheidung, aus Amerika nach hause zum Begr\u00e4bnis zu fahren oder aber als Coach der Nationalmannschaft beizustehen. Dies war eine sehr schwierige Situation f\u00fcr mich und so fragte ich Okazaki Sensei.<\/p>\n<p>Dieser sagte auf meine Frage hin: &#8222;Diese Entscheidung musst Du selbst treffen. Diese Entscheidung kann Dir niemand abnehmen. Aber Du solltest eines bedenken: Auf der Beerdigung kannst Du nichts mehr tun&#8230;&#8220;<\/p>\n<p>Ich traf meine Entscheidung und fuhr nicht zur Beerdigung sondern blieb bei der Nationalmannschaft und wir errangen sogar den ersten Platz.<\/p>\n<p>Als meine Schwester zur\u00fcckkam fragte sie mich, wie ich Mutter im Ged\u00e4chtnis behalten h\u00e4tte. &#8211; Ja ich sehe sie noch immer so vor mir, wie ich sie bei meinem letzten Besuch gesehen hatte, als ich eine Zigeunerband zu ihrem Geburtstag engagiert hatte. Sie tanzte, lachte und sang und mit Tr\u00e4nen der Freude in den Augen sagte sie mir &#8222;Oh Junge, Du bringst mich immer zum Weinen&#8230;&#8220; &#8211; So behielt ich meine Mutter in Erinnerung. Meine Schwester beneidet mich um diese Erinnerung. Sie war nach hause gefahren, hatte den Sarg \u00f6ffnen lassen, um Mutter ein letztes Mal zu sehen. So wie Mutter im Sarg lag &#8211; das ist ihr letztes Bild.<\/p>\n<p>Es gibt auf einer Beerdigung nichts, was man f\u00fcr den Verstorbenen tun kann, als ihm die letzte Ehre zu erweisen. Wichtiger jedoch sind die Lebenden, f\u00fcr die wir noch immer etwas tun k\u00f6nnen. Wir m\u00fcssen Priorit\u00e4ten setzen und die richtige Entscheidung treffen. So kann man durch einen kleinen Verzicht manchmal sehr viel gewinnen. Ich habe auch aus dieser Begebenheit sehr viel gewonnen, denn ich habe Mutter so in Erinnerung wie sie immer war: Lustig und fr\u00f6hlich. Das ist mein Bild, dass ich mir bewahrt habe.<\/p>\n<p>Auf meinen Einwurf, dass wir doch gerade unseren Eltern gegen\u00fcber zum Dank verpflichtet seien und ihnen doch daher auch die letzte Ehre erweisen sollten erwiderte Safar Sensei:<br \/>\n&#8222;Ja, das ist richtig. Aber was kannst Du noch f\u00fcr Sie tun? Sie sind verstorben &#8211; alles ist vorbei. Wir d\u00fcrfen nicht in der Vergangenheit leben sondern, m\u00fcssen in die Zukunft blicken. Wir d\u00fcrfen nicht dem hinterhertraueren was war, sondern m\u00fcssen auf das blicken was vor uns liegt. So k\u00f6nnen wir unsere Kr\u00e4fte sinnvoll einsetzen. Auch im Training interessieren nicht die, die nicht gekommen sind, sondern nur die die da sind &#8211; die sind f\u00fcr mich wichtig.&#8220;<\/p>\n<p>Nach einer kurzen Pause f\u00fcgte er hinzu: &#8222;Ich habe meine Mutter einmal gefragt, was sie sich w\u00fcnschen w\u00fcrde, wenn sie einen Wunsch h\u00e4tte. &#8211; Sie antwortete darauf nur, dass sich sich w\u00fcnsche, dass ihre Kinder nicht vor ihr sterben w\u00fcrden&#8230;&#8220;<\/p>\n","protected":false},"excerpt":{"rendered":"<p>Immer wieder werden wir unserem Leben aus Neue vor Fragen gestellt, m\u00fcssen wir Entscheidungen treffen. Treffen wir die falsche Entscheidung, k\u00f6nnen wir viel verlieren; treffen wir die richtige Entscheidung, k\u00f6nnen wir aber noch viel mehr gewinnen. Safar Sensei erz\u00e4hlte folgende Begebenheit aus seinem Leben: Meine Mutter starb und ich stand vor der Entscheidung, aus Amerika [&hellip;]<\/p>\n","protected":false},"author":2,"featured_media":0,"parent":1099,"menu_order":15,"comment_status":"open","ping_status":"open","template":"","meta":{"ngg_post_thumbnail":0,"footnotes":""},"class_list":["post-1114","page","type-page","status-publish","hentry"],"_links":{"self":[{"href":"https:\/\/www.bushido-lubwart.de\/wordpress\/wp-json\/wp\/v2\/pages\/1114"}],"collection":[{"href":"https:\/\/www.bushido-lubwart.de\/wordpress\/wp-json\/wp\/v2\/pages"}],"about":[{"href":"https:\/\/www.bushido-lubwart.de\/wordpress\/wp-json\/wp\/v2\/types\/page"}],"author":[{"embeddable":true,"href":"https:\/\/www.bushido-lubwart.de\/wordpress\/wp-json\/wp\/v2\/users\/2"}],"replies":[{"embeddable":true,"href":"https:\/\/www.bushido-lubwart.de\/wordpress\/wp-json\/wp\/v2\/comments?post=1114"}],"version-history":[{"count":0,"href":"https:\/\/www.bushido-lubwart.de\/wordpress\/wp-json\/wp\/v2\/pages\/1114\/revisions"}],"up":[{"embeddable":true,"href":"https:\/\/www.bushido-lubwart.de\/wordpress\/wp-json\/wp\/v2\/pages\/1099"}],"wp:attachment":[{"href":"https:\/\/www.bushido-lubwart.de\/wordpress\/wp-json\/wp\/v2\/media?parent=1114"}],"curies":[{"name":"wp","href":"https:\/\/api.w.org\/{rel}","templated":true}]}}