{"id":1111,"date":"2008-02-26T08:54:07","date_gmt":"2008-02-26T07:54:07","guid":{"rendered":"http:\/\/www.bushido-lubwart.de\/wordpress\/?page_id=1111"},"modified":"2008-02-26T08:54:07","modified_gmt":"2008-02-26T07:54:07","slug":"perfekt-und-doch-nicht-perfekt","status":"publish","type":"page","link":"https:\/\/www.bushido-lubwart.de\/wordpress\/karate-and-more\/hintergrunde\/der-meister-erzahlt\/perfekt-und-doch-nicht-perfekt\/","title":{"rendered":"Perfekt und doch nicht Perfekt"},"content":{"rendered":"<p>Safar Sensei war einer der erfolgreichsten Karateka seiner Zeit. Dies verdankt er wie er immer wieder betont allein dem Umstand, dass er von den besten Karateka seiner Zeit lernen durfte.<\/p>\n<p>Safar Sensei erz\u00e4hlt: Am Tag vor meiner Nidan-Pr\u00fcfung habe ich die Pan-Amerikanischen Meisterschaften im Kumite gewonnen. Von den vier Leuten, die am n\u00e4chsten Tag an der Pr\u00fcfung teilnahmen, hatte ich drei im Wettkampf geschlagen. Aber als es dann zur Pr\u00fcfung kam, haben alle drei bestanden und ich bin durchgefallen. Ich konnte die Entscheidung nicht verstehen und verzweifelt beschloss ich, dass Dojo zu verlassen.<\/p>\n<p>Nach zwei Tagen zog es mich allerdings schon wieder dorthin zur\u00fcck. Ich trainierte so hart wie ich konnte, aber Sensei hat einen Monat lang mit mir kein Wort gewechselt. Schlie\u00dflich rief er mich eines Tages doch in sein B\u00fcro. Er fragte mich: \u201eS\u00e1f\u00e1r, warum wolltest Du die Pr\u00fcfung machen?\u201c Ich sagte ihm, dass ich sein Urteil \u00fcber meine Leistung gew\u00fcnscht habe, dass ich aber nicht verstehen kann, dass ich durchgefallen bin und die Leute, die ich beim Wettkampf geschlagen hatte, bestanden haben.<\/p>\n<p>Sensei antwortete mir: \u201eWarum willst Du dich st\u00e4ndig mit anderen vergleichen? Du bist so gut, wie Du sein kannst. Du stehst Dir selbst gegen\u00fcber. Wettkampf hat damit nichts zu tun. In der Pr\u00fcfung zeigt sich wahres Karate. Du bist durchgefallen weil Du nicht Dein bestes gegeben hast!\u201c<\/p>\n<p>Sp\u00e4ter erg\u00e4nzte Safar Sensei noch eine Begebenheit, die sich zwar nicht unmittelbar im Anschluss ereignete aber doch f\u00fcr seinen weiteren Lebensweg entscheidend war.<\/p>\n<p>Okazaki Sensei nahm ihn einmal beiseite und sagte: &#8222;Dein Leben steht an einem Scheideweg. Du musst Karate unterrichten, damit du Karate nicht verlierst.&#8220;<\/p>\n<p>Okazaki Sensei gab Safar Sensei eine schwierige Aufgabe aber Safar Sensei erkannte, dass er eigentlich nur noch hinter Anerkennung in Form von Pokalen und Medaillen her war und zu einem &#8211; wie er sich ausdr\u00fcckt &#8211; &#8222;Idioten&#8220; geworden war. Er musste etwas ver\u00e4ndern und er wurde Lehrer.<\/p>\n<p>&#8222;Dadurch,&#8220; so sagt er, &#8222;kann ich das, was ich erhalten habe, denen die nach mir kommen, weitergeben und mein Wissen und K\u00f6nnen wird dadurch nicht mit mir vergehen. Was haben denn all die gro\u00dfen Sportler von ihrem Leben im Sport? Sie k\u00f6nnen ein paar Pokale, Medaillen und Urkunden vorweisen &#8211; doch das sind nur Erinnerungen. In meinen Sch\u00fclern sehe ich Tag f\u00fcr Tag die Resultate meiner Arbeit und das gibt mit Kraft.&#8220;<\/p>\n","protected":false},"excerpt":{"rendered":"<p>Safar Sensei war einer der erfolgreichsten Karateka seiner Zeit. Dies verdankt er wie er immer wieder betont allein dem Umstand, dass er von den besten Karateka seiner Zeit lernen durfte. Safar Sensei erz\u00e4hlt: Am Tag vor meiner Nidan-Pr\u00fcfung habe ich die Pan-Amerikanischen Meisterschaften im Kumite gewonnen. Von den vier Leuten, die am n\u00e4chsten Tag an [&hellip;]<\/p>\n","protected":false},"author":2,"featured_media":0,"parent":1099,"menu_order":12,"comment_status":"open","ping_status":"open","template":"","meta":{"ngg_post_thumbnail":0,"footnotes":""},"class_list":["post-1111","page","type-page","status-publish","hentry"],"_links":{"self":[{"href":"https:\/\/www.bushido-lubwart.de\/wordpress\/wp-json\/wp\/v2\/pages\/1111"}],"collection":[{"href":"https:\/\/www.bushido-lubwart.de\/wordpress\/wp-json\/wp\/v2\/pages"}],"about":[{"href":"https:\/\/www.bushido-lubwart.de\/wordpress\/wp-json\/wp\/v2\/types\/page"}],"author":[{"embeddable":true,"href":"https:\/\/www.bushido-lubwart.de\/wordpress\/wp-json\/wp\/v2\/users\/2"}],"replies":[{"embeddable":true,"href":"https:\/\/www.bushido-lubwart.de\/wordpress\/wp-json\/wp\/v2\/comments?post=1111"}],"version-history":[{"count":0,"href":"https:\/\/www.bushido-lubwart.de\/wordpress\/wp-json\/wp\/v2\/pages\/1111\/revisions"}],"up":[{"embeddable":true,"href":"https:\/\/www.bushido-lubwart.de\/wordpress\/wp-json\/wp\/v2\/pages\/1099"}],"wp:attachment":[{"href":"https:\/\/www.bushido-lubwart.de\/wordpress\/wp-json\/wp\/v2\/media?parent=1111"}],"curies":[{"name":"wp","href":"https:\/\/api.w.org\/{rel}","templated":true}]}}