{"id":1103,"date":"2008-02-26T08:50:35","date_gmt":"2008-02-26T07:50:35","guid":{"rendered":"http:\/\/www.bushido-lubwart.de\/wordpress\/?page_id=1103"},"modified":"2008-02-26T08:50:35","modified_gmt":"2008-02-26T07:50:35","slug":"karate-gestern-und-heute","status":"publish","type":"page","link":"https:\/\/www.bushido-lubwart.de\/wordpress\/karate-and-more\/hintergrunde\/der-meister-erzahlt\/karate-gestern-und-heute\/","title":{"rendered":"Karate gestern und heute"},"content":{"rendered":"<p>Ein Reporter stellte Safar Sensei einmal die Frage, wie sich das Karate-Training ver\u00e4ndert habe. Safar Sensei antwortete hierauf:<\/p>\n<p>Das Training von heute und damals kann man \u00fcberhaupt nicht miteinander vergleichen. Heute wissen wir warum wir bestimmte Bewegungen auf eine bestimmte Art und Weise ausf\u00fchren. Die Japaner haben uns das Karate zwar richtig vermittelt aber sie konnten nicht das Warum erkl\u00e4ren. Mit dem Wissen um die richtige Ausf\u00fchrung einer Karate-Technik ist es viel einfacher diese auch richtig zu unterrichten. Auf diese Weise gelangt man schneller ans Ziel.<\/p>\n<p>Es ist wissenschaftlich belegt, dass man eine Bewegung mindestens 10.000 mal wiederholen muss, bevor sie sich soweit verfestigt, dass man sie jederzeit abrufen und ausf\u00fchren kann. Wenn man aber die Bewegung unter Ber\u00fccksichtigung der naturwissenschaftlichen Gesetze erkl\u00e4ren kann, dann ist es um ein Vielfaches leichter, diese Bewegungen zu erlernen und zu verinnerlichen.<\/p>\n<p>Fr\u00fcher haben wir viele Bewegungen so lange wiederholen m\u00fcssen, bis die Ersch\u00f6pfung der Glieder einfach keine Fehler mehr zulie\u00df. Manchmal konnte man die Glieder auch nicht mehr bewegen aber das Signal vom Gehirn zur Hand, zum Fu\u00df kam immer noch und so verlor das Training auch nichts von seiner Bedeutung.<\/p>\n","protected":false},"excerpt":{"rendered":"<p>Ein Reporter stellte Safar Sensei einmal die Frage, wie sich das Karate-Training ver\u00e4ndert habe. Safar Sensei antwortete hierauf: Das Training von heute und damals kann man \u00fcberhaupt nicht miteinander vergleichen. Heute wissen wir warum wir bestimmte Bewegungen auf eine bestimmte Art und Weise ausf\u00fchren. Die Japaner haben uns das Karate zwar richtig vermittelt aber sie [&hellip;]<\/p>\n","protected":false},"author":2,"featured_media":0,"parent":1099,"menu_order":4,"comment_status":"open","ping_status":"open","template":"","meta":{"ngg_post_thumbnail":0,"footnotes":""},"class_list":["post-1103","page","type-page","status-publish","hentry"],"_links":{"self":[{"href":"https:\/\/www.bushido-lubwart.de\/wordpress\/wp-json\/wp\/v2\/pages\/1103"}],"collection":[{"href":"https:\/\/www.bushido-lubwart.de\/wordpress\/wp-json\/wp\/v2\/pages"}],"about":[{"href":"https:\/\/www.bushido-lubwart.de\/wordpress\/wp-json\/wp\/v2\/types\/page"}],"author":[{"embeddable":true,"href":"https:\/\/www.bushido-lubwart.de\/wordpress\/wp-json\/wp\/v2\/users\/2"}],"replies":[{"embeddable":true,"href":"https:\/\/www.bushido-lubwart.de\/wordpress\/wp-json\/wp\/v2\/comments?post=1103"}],"version-history":[{"count":0,"href":"https:\/\/www.bushido-lubwart.de\/wordpress\/wp-json\/wp\/v2\/pages\/1103\/revisions"}],"up":[{"embeddable":true,"href":"https:\/\/www.bushido-lubwart.de\/wordpress\/wp-json\/wp\/v2\/pages\/1099"}],"wp:attachment":[{"href":"https:\/\/www.bushido-lubwart.de\/wordpress\/wp-json\/wp\/v2\/media?parent=1103"}],"curies":[{"name":"wp","href":"https:\/\/api.w.org\/{rel}","templated":true}]}}