{"id":1092,"date":"2008-02-25T19:51:52","date_gmt":"2008-02-25T18:51:52","guid":{"rendered":"http:\/\/www.bushido-lubwart.de\/wordpress\/?page_id=1092"},"modified":"2008-02-25T19:51:52","modified_gmt":"2008-02-25T18:51:52","slug":"ashi-waza","status":"publish","type":"page","link":"https:\/\/www.bushido-lubwart.de\/wordpress\/karate-and-more\/japanisch\/ashi-waza\/","title":{"rendered":"Ashi Waza"},"content":{"rendered":"<p><strong>ASHI<\/strong> Fu\u00df oder Bein.<\/p>\n<p><strong>ASHI BARAI<\/strong> Fu\u00dffeger.<\/p>\n<p><strong>ASHIBO-KAKE UKE<\/strong> Haken-Fu\u00df-Abwehr. Dabei wird seitlich angehoben und dann in einer Kreisbewegung nach innen geschwungen, um einen Yoko Geri zur mittleren Stufe abzuwehren.<\/p>\n<p><strong>ASHI GATANA<\/strong> Fu\u00dfschwert.<\/p>\n<p><strong>ASHIKUBI-KAKE UKE<\/strong> Fu\u00dfgelenk-Haken-Abwehr. Wird zur Abwehr eines Mae Geri verwendet. Gleiche Bewegung wie Ashibo Kake Uke. Ashibo-Kake Uke.<\/p>\n<p><strong>ASHI WAZA<\/strong> So werden alle Fu\u00df- und Beintechniken bezeichnet. Ashi bedeutet entweder Fu\u00df oder Bein, Waza bedeutet Technik.<\/p>\n<p><strong>FUMIKIRI GERI<\/strong> Stechtritt.<\/p>\n<p><strong>FUMIKOMI GERI<\/strong> Stampftritt.<\/p>\n<p><strong>GERI<\/strong> Tritt. Es wird in diesem Sinn nur immer mit einem anderen Wort gebraucht. Geri allein bedeutet Diah\u00f6rrae. Vgl. auch Keri und Keru.<\/p>\n<p><strong>HIZA GERI<\/strong> Knietritt.<\/p>\n<p><strong>KAKATO GERI<\/strong> Fersentritt.<\/p>\n<p><strong>KEAGE<\/strong> &#8218;Hinauftreten&#8216;, wird im Karate verwendet, um Schnapptritte zu beschreiben.<\/p>\n<p><strong>KEKOMI<\/strong> W\u00f6rtlich gerader Tritt. Fu\u00dfssto\u00df.<\/p>\n<p><strong>KERI<\/strong> Tritt. Dieser Begriff stammt von dem Verb keru (treten).<\/p>\n<p><strong>KIRI KAESHI<\/strong> Fu\u00dfwechsel auf der Stelle im Sprung (z.B. bei Kata Kanku-Sho) oder mit Schrittwechsel (z.B. bei Kata Enpi)<\/p>\n<p><strong>KIZAMI GERI<\/strong> Fu\u00dftritt mit dem vorderen Bein<\/p>\n<p><strong>MAE GERI<\/strong> Tritt nach vorn.<\/p>\n<p><strong>MAE GERI KEAGE<\/strong> Vorw\u00e4rtsfu\u00dftritt.<\/p>\n<p><strong>MAE GERI KEKOMI<\/strong> Vorw\u00e4rtsfu\u00dfsto\u00df.<\/p>\n<p><strong>MAWASHI GERI<\/strong> Halbkreistritt.<\/p>\n<p><strong>MIKAZUKI GERI<\/strong> Halbkreisfu\u00dftritt.<\/p>\n<p><strong>NIDAN GERI<\/strong> Zweifacher Fu\u00dftritt.<\/p>\n<p><strong>REN-GERI<\/strong> Aufeinander folgende Tritte, Wechseltritte; z.B. links-rechts.<\/p>\n<p><strong>SONOBA GERI<\/strong> Stand\u00fcbung f\u00fcr Tritttechniken<\/p>\n<p><strong>SURI ASHI<\/strong> Gleitschritt nach vorne oder hinten bei dem zun\u00e4chst ein Bein zum anderen herangezogen wird, bis der Fu\u00df unmittelbar vor dem anderen Fu\u00df aufsetzt<\/p>\n<p><strong>TOBI GERI<\/strong> Sprungtritt.<\/p>\n<p><strong>TSUMASAKI GERI<\/strong> Tritt mit den Fu\u00dfspitzen.<\/p>\n<p><strong>URA MAWASHI GERI<\/strong> Halbkreisfu\u00dftritt von au\u00dfen nach innen mit dem vorderen oder hinteren Bein ohne K\u00f6rperdrehung<\/p>\n<p><strong>USHIRO GERI<\/strong> R\u00fcckw\u00e4rtsfu\u00dftritt.<\/p>\n<p><strong>USHIRO MAWASHI GERI<\/strong> Halbkreisfu\u00dftritt r\u00fcckw\u00e4rts mit ganzer K\u00f6rperdrehung<\/p>\n<p><strong>YOKO GERI<\/strong> Fu\u00dftritt zur Seite.<\/p>\n<p><strong>YOKO GERI KEAGE<\/strong> Seitw\u00e4rtsfu\u00dftritt.<\/p>\n<p><strong>YOKO GERI KEKOMI<\/strong> Seitew\u00e4rtsfu\u00dfsto\u00df; auch als Yoko Kekomi bezeichnet.<\/p>\n<p><strong>YORI ASHI<\/strong> Gleitschritt mit beiden F\u00fc\u00dfen gleichzeitig nach vorne oder hinten bzw. zur Seite<\/p>\n","protected":false},"excerpt":{"rendered":"<p>ASHI Fu\u00df oder Bein. ASHI BARAI Fu\u00dffeger. ASHIBO-KAKE UKE Haken-Fu\u00df-Abwehr. Dabei wird seitlich angehoben und dann in einer Kreisbewegung nach innen geschwungen, um einen Yoko Geri zur mittleren Stufe abzuwehren. ASHI GATANA Fu\u00dfschwert. ASHIKUBI-KAKE UKE Fu\u00dfgelenk-Haken-Abwehr. Wird zur Abwehr eines Mae Geri verwendet. Gleiche Bewegung wie Ashibo Kake Uke. Ashibo-Kake Uke. ASHI WAZA So werden [&hellip;]<\/p>\n","protected":false},"author":2,"featured_media":0,"parent":1084,"menu_order":8,"comment_status":"open","ping_status":"open","template":"","meta":{"ngg_post_thumbnail":0,"footnotes":""},"class_list":["post-1092","page","type-page","status-publish","hentry"],"_links":{"self":[{"href":"https:\/\/www.bushido-lubwart.de\/wordpress\/wp-json\/wp\/v2\/pages\/1092"}],"collection":[{"href":"https:\/\/www.bushido-lubwart.de\/wordpress\/wp-json\/wp\/v2\/pages"}],"about":[{"href":"https:\/\/www.bushido-lubwart.de\/wordpress\/wp-json\/wp\/v2\/types\/page"}],"author":[{"embeddable":true,"href":"https:\/\/www.bushido-lubwart.de\/wordpress\/wp-json\/wp\/v2\/users\/2"}],"replies":[{"embeddable":true,"href":"https:\/\/www.bushido-lubwart.de\/wordpress\/wp-json\/wp\/v2\/comments?post=1092"}],"version-history":[{"count":0,"href":"https:\/\/www.bushido-lubwart.de\/wordpress\/wp-json\/wp\/v2\/pages\/1092\/revisions"}],"up":[{"embeddable":true,"href":"https:\/\/www.bushido-lubwart.de\/wordpress\/wp-json\/wp\/v2\/pages\/1084"}],"wp:attachment":[{"href":"https:\/\/www.bushido-lubwart.de\/wordpress\/wp-json\/wp\/v2\/media?parent=1092"}],"curies":[{"name":"wp","href":"https:\/\/api.w.org\/{rel}","templated":true}]}}