{"id":1088,"date":"2008-02-25T19:36:24","date_gmt":"2008-02-25T18:36:24","guid":{"rendered":"http:\/\/www.bushido-lubwart.de\/wordpress\/?page_id=1088"},"modified":"2008-02-25T19:36:24","modified_gmt":"2008-02-25T18:36:24","slug":"stellungen","status":"publish","type":"page","link":"https:\/\/www.bushido-lubwart.de\/wordpress\/karate-and-more\/japanisch\/stellungen\/","title":{"rendered":"Stellungen"},"content":{"rendered":"<p><strong>FUDO DACHI<\/strong> Unbewegliche Stellung. Wird manchmal auch als Sochin Dachi bezeichnet, was jedoch eine andere Stellung ist.<\/p>\n<p><strong>GANKAKU DACHI<\/strong> Kranich-Stellung.<\/p>\n<p><strong>HACHIJI DACHI<\/strong> Stellung mit ge\u00f6ffneten Beinen, die F\u00fc\u00dfe stehen schulterbreit auseinander und weisen 45\u00b0 nach au\u00dfen. Tats\u00e4chlich hei\u00dft diese Stellung &#8222;Nummer acht Stellung&#8220;. Der vollst\u00e4ndige Name ist Soto Hachiji Dachi. Wenn die F\u00fc\u00dfe 45\u00b0 nach innen weisen, nennt man sie Uchi Hachiji Dachi.<\/p>\n<p><strong>HANGETSU DACHI<\/strong> Halbmond-Stellung.<\/p>\n<p><strong>HEIKO DACHI<\/strong> Parallel-Stellung.<\/p>\n<p><strong>HEISOKU DACHI<\/strong> Eine ungezwungene Achtungs-Stellung.<\/p>\n<p><strong>KIBA DACHI<\/strong> Reiter- oder Breitbein-Stellung.<\/p>\n<p><strong>KOKUTSU DACHI<\/strong> R\u00fcckw\u00e4rtsstellung.<\/p>\n<p><strong>KOSA DACHI<\/strong> \u00dcberkreuzstellung.<\/p>\n<p><strong>MUSUBI DACHI<\/strong> Gru\u00dfstellung. Die F\u00fc\u00dfe weisen 45\u00b0 nach au\u00dfen, die Fersen sind zusammen.<\/p>\n<p><strong>NAIHANCHI DACHI<\/strong> Kiba Dachi, wobei die F\u00fc\u00dfe aber nach innen weisen. Funakoshi \u00e4nderte die Bezeichnung Naihanchi zu Tekki.<\/p>\n<p><strong>NANAME SHIKO DACHI<\/strong> Diagonal Breitbein-Stellung.<\/p>\n<p><strong>NEKO-ASHI DACHI<\/strong> Katzenfu\u00dfstellung.<\/p>\n<p><strong>RENOJI DACHI<\/strong> L-Stellung.<\/p>\n<p><strong>SAGI ASHI DACHI<\/strong> Reiher-Bein-Stellung.<\/p>\n<p><strong>SANCHIN DACHI<\/strong> Dreiecksstellung, Kniespannung innen.<\/p>\n<p><strong>SHIKO DACHI<\/strong> Breitbeinige Stellung, die F\u00fc\u00dfe weisen 45\u00b0 nach au\u00dfen.<\/p>\n<p><strong>SHIZENTAI<\/strong> Nat\u00fcrliche Stellung.<\/p>\n<p><strong>SOCHIN DACHI<\/strong> Diagonale Breitbein-Stellung. Unbewegliche Stellung. Manchmal auch f\u00e4lschlicherweise als Fudo Dachi bezeichnet. Bei Fudo Dachi ruht das Gewicht etwas st\u00e4rker auf dem vorderen Bein.<\/p>\n<p><strong>TACHI<\/strong> Stand oder Stellung. Aufstehen hei\u00dft tachiagaru.<\/p>\n<p><strong>TEIJI DACHI<\/strong> T-Stellung.<\/p>\n<p><strong>TSURU ASHI DACHI<\/strong> Kranich-Stellung.<\/p>\n<p><strong>ZENKUTSU DACHI<\/strong> Vorw\u00e4rtsstellung. W\u00f6rtlich: Stellung mit eingebeugten vorderen Bein.<\/p>\n","protected":false},"excerpt":{"rendered":"<p>FUDO DACHI Unbewegliche Stellung. Wird manchmal auch als Sochin Dachi bezeichnet, was jedoch eine andere Stellung ist. GANKAKU DACHI Kranich-Stellung. HACHIJI DACHI Stellung mit ge\u00f6ffneten Beinen, die F\u00fc\u00dfe stehen schulterbreit auseinander und weisen 45\u00b0 nach au\u00dfen. Tats\u00e4chlich hei\u00dft diese Stellung &#8222;Nummer acht Stellung&#8220;. Der vollst\u00e4ndige Name ist Soto Hachiji Dachi. Wenn die F\u00fc\u00dfe 45\u00b0 nach [&hellip;]<\/p>\n","protected":false},"author":2,"featured_media":0,"parent":1084,"menu_order":4,"comment_status":"open","ping_status":"open","template":"","meta":{"ngg_post_thumbnail":0,"footnotes":""},"class_list":["post-1088","page","type-page","status-publish","hentry"],"_links":{"self":[{"href":"https:\/\/www.bushido-lubwart.de\/wordpress\/wp-json\/wp\/v2\/pages\/1088"}],"collection":[{"href":"https:\/\/www.bushido-lubwart.de\/wordpress\/wp-json\/wp\/v2\/pages"}],"about":[{"href":"https:\/\/www.bushido-lubwart.de\/wordpress\/wp-json\/wp\/v2\/types\/page"}],"author":[{"embeddable":true,"href":"https:\/\/www.bushido-lubwart.de\/wordpress\/wp-json\/wp\/v2\/users\/2"}],"replies":[{"embeddable":true,"href":"https:\/\/www.bushido-lubwart.de\/wordpress\/wp-json\/wp\/v2\/comments?post=1088"}],"version-history":[{"count":0,"href":"https:\/\/www.bushido-lubwart.de\/wordpress\/wp-json\/wp\/v2\/pages\/1088\/revisions"}],"up":[{"embeddable":true,"href":"https:\/\/www.bushido-lubwart.de\/wordpress\/wp-json\/wp\/v2\/pages\/1084"}],"wp:attachment":[{"href":"https:\/\/www.bushido-lubwart.de\/wordpress\/wp-json\/wp\/v2\/media?parent=1088"}],"curies":[{"name":"wp","href":"https:\/\/api.w.org\/{rel}","templated":true}]}}