{"id":1084,"date":"2008-02-25T19:25:54","date_gmt":"2008-02-25T18:25:54","guid":{"rendered":"http:\/\/www.bushido-lubwart.de\/wordpress\/?page_id=1084"},"modified":"2008-02-25T20:12:51","modified_gmt":"2008-02-25T19:12:51","slug":"japanisch","status":"publish","type":"page","link":"https:\/\/www.bushido-lubwart.de\/wordpress\/karate-and-more\/japanisch\/","title":{"rendered":"Japanisch"},"content":{"rendered":"<ul>\n<li><strong><a href=\"http:\/\/www.bushido-lubwart.de\/wordpress\/?page_id=1085\">Nihongo<\/a><\/strong> &#8211; Aussprache, Hintergr\u00fcnde und Wissenswertes zur japanischen Sprache<\/li>\n<li><strong><a href=\"http:\/\/www.bushido-lubwart.de\/wordpress\/?page_id=1086\">Kommandos<\/a><\/strong> &#8211; \u00dcbungsanweisungen auf japanisch<\/li>\n<li><strong><a href=\"http:\/\/www.bushido-lubwart.de\/wordpress\/?page_id=1087\">Kazu<\/a><\/strong> &#8211; japanische Zahlen<\/li>\n<li><strong><a href=\"http:\/\/www.bushido-lubwart.de\/wordpress\/?page_id=1088\">Tachi Waza<\/a><\/strong> &#8211; japanische Bezeichnungen f\u00fcr die Stellungen und Positionen<\/li>\n<li><strong>Te Waza<\/strong> &#8211; japanische Begriffe f\u00fcr Handtechniken<br \/>\n<blockquote><p><strong><a href=\"http:\/\/www.bushido-lubwart.de\/wordpress\/?page_id=1089\">Uchi Waza<\/a><\/strong> &#8211; Schlagtechniken<br \/>\n<strong><a href=\"http:\/\/www.bushido-lubwart.de\/wordpress\/?page_id=1090\">Tsuki Waza<\/a><\/strong> &#8211; Sto\u00dftechniken<br \/>\n<strong><a href=\"http:\/\/www.bushido-lubwart.de\/wordpress\/?page_id=1091\">Uke Waza<\/a><\/strong> &#8211; Abwehrtechniken<\/p><\/blockquote>\n<\/li>\n<li><strong><a href=\"http:\/\/www.bushido-lubwart.de\/wordpress\/?page_id=1092\">Keri Waza<\/a><\/strong> &#8211; japanische Begriffe f\u00fcr die Fu\u00dftechniken<\/li>\n<li><strong><a href=\"http:\/\/www.bushido-lubwart.de\/wordpress\/?page_id=1093\">Richtungen<\/a><\/strong> &#8211; Angriffstufen, Richtungen und H\u00fcftpostitionen<\/li>\n<li><strong><a href=\"http:\/\/www.bushido-lubwart.de\/wordpress\/?page_id=1094\">Training und Kampf<\/a><\/strong> &#8211; Trainings- und Kampfformen<\/li>\n<li><strong>Verschiedenes<\/strong> &#8211; Verschiedene Begriffe<br \/>\n<blockquote><p><strong><a href=\"http:\/\/www.bushido-lubwart.de\/wordpress\/?page_id=1095\">Diverse Begriffe<\/a><\/strong><br \/>\n<strong><a href=\"http:\/\/www.bushido-lubwart.de\/wordpress\/?page_id=1096\">Oss<\/a><\/strong><br \/>\n<strong><a href=\"http:\/\/www.bushido-lubwart.de\/wordpress\/?page_id=1097\">Tai<\/a><\/strong><\/p><\/blockquote>\n<\/li>\n<\/ul>\n","protected":false},"excerpt":{"rendered":"<p>Nihongo &#8211; Aussprache, Hintergr\u00fcnde und Wissenswertes zur japanischen Sprache Kommandos &#8211; \u00dcbungsanweisungen auf japanisch Kazu &#8211; japanische Zahlen Tachi Waza &#8211; japanische Bezeichnungen f\u00fcr die Stellungen und Positionen Te Waza &#8211; japanische Begriffe f\u00fcr Handtechniken Uchi Waza &#8211; Schlagtechniken Tsuki Waza &#8211; Sto\u00dftechniken Uke Waza &#8211; Abwehrtechniken Keri Waza &#8211; japanische Begriffe f\u00fcr die Fu\u00dftechniken [&hellip;]<\/p>\n","protected":false},"author":2,"featured_media":0,"parent":1056,"menu_order":3,"comment_status":"open","ping_status":"open","template":"","meta":{"ngg_post_thumbnail":0,"footnotes":""},"class_list":["post-1084","page","type-page","status-publish","hentry"],"_links":{"self":[{"href":"https:\/\/www.bushido-lubwart.de\/wordpress\/wp-json\/wp\/v2\/pages\/1084"}],"collection":[{"href":"https:\/\/www.bushido-lubwart.de\/wordpress\/wp-json\/wp\/v2\/pages"}],"about":[{"href":"https:\/\/www.bushido-lubwart.de\/wordpress\/wp-json\/wp\/v2\/types\/page"}],"author":[{"embeddable":true,"href":"https:\/\/www.bushido-lubwart.de\/wordpress\/wp-json\/wp\/v2\/users\/2"}],"replies":[{"embeddable":true,"href":"https:\/\/www.bushido-lubwart.de\/wordpress\/wp-json\/wp\/v2\/comments?post=1084"}],"version-history":[{"count":0,"href":"https:\/\/www.bushido-lubwart.de\/wordpress\/wp-json\/wp\/v2\/pages\/1084\/revisions"}],"up":[{"embeddable":true,"href":"https:\/\/www.bushido-lubwart.de\/wordpress\/wp-json\/wp\/v2\/pages\/1056"}],"wp:attachment":[{"href":"https:\/\/www.bushido-lubwart.de\/wordpress\/wp-json\/wp\/v2\/media?parent=1084"}],"curies":[{"name":"wp","href":"https:\/\/api.w.org\/{rel}","templated":true}]}}