{"id":1073,"date":"2008-02-25T18:55:36","date_gmt":"2008-02-25T17:55:36","guid":{"rendered":"http:\/\/www.bushido-lubwart.de\/wordpress\/?page_id=1073"},"modified":"2008-02-28T11:34:31","modified_gmt":"2008-02-28T10:34:31","slug":"wissenschaftliche-grundlage","status":"publish","type":"page","link":"https:\/\/www.bushido-lubwart.de\/wordpress\/karate-and-more\/karate-wissen\/wissenschaftliche-grundlage\/","title":{"rendered":"Wissenschaftliche Grundlage"},"content":{"rendered":"<p>Alle Techniken im Shotokan Karate unterliegen der Anwendung der Gesetzm\u00e4\u00dfigkeiten der Physik, Anatomie und Kinetik. Shotokan Karate ist st\u00e4rker organisiert und strukturiert, denn jede andere Kampfkunst. Alle Techniken sind klar und nachvollziehbar. Die bemerkenswerte Kraft, die in vielen individuellen Karate-Techniken &#8211; sowohl offensiver wie auch defensiver Natur &#8211; zum Ausdruck kommt ist nicht das Ergebnis eine mystischen Kraft oder geheimnisvoller Trainingsmethoden.<\/p>\n<p><a TARGET=\"_blank\" HREF=\"http:\/\/www.bushido-lubwart.de\/wordpress\/wp-content\/uploads\/2008\/02\/109.jpg\"><img ALIGN=\"right\" HEIGHT=\"96\" WIDTH=\"128\" VSPACE=\"10\" HSPACE=\"10\" BORDER=\"0\" SRC=\"http:\/\/www.bushido-lubwart.de\/wordpress\/wp-content\/uploads\/2008\/02\/109.thumbnail.jpg\" \/><\/a>Ganz im Gegenteil! Karate-Techniken sind das unvermeidliche Ergebnis einer effektiven Umsetzung von grundlegenden wissenschaftlichen Prinzipien der K\u00f6rpermechanik verbunden mit beharrlicher \u00dcbung. Wer sich auf die richtigen K\u00f6rperbewegungen konzentriert, wird effektivere Techniken entwickeln und auch die Gr\u00fcnde f\u00fcr diese Effektivit\u00e4t verstehen.<\/p>\n<p>Eine Kraft-Konzentration ist erforderlich, um die Techniken effektiv auszuf\u00fchren. Eine gro\u00dfe Kraft, die \u00fcber einen langen Zeitraum wirkt, erreicht nichts. Anders jedoch kann eine kleinere Kraft, die auf einen kleinen Moment konzentriert ist, eine weit gr\u00f6\u00dfere Wirkung erzielen. Mathematisch gesehen hat Kraft eine umgekehrte Beziehung zur Zeit. Wenn alle anderen Faktoren gleich bleiben, so wird die Technik um so st\u00e4rker sein, je k\u00fcrzer die Zeit ist, die zum Aufbau der maximalen Schlagkraft erforderlich ist. Das Element der Konzentration aus Sicht der Zeit ist sehr wichtig im Shotokan. Die Konzentration der Kraft im richtigen Moment erm\u00f6glicht dem Sch\u00fcler effektive Techniken basierend auf der Expansion und Kontraktion der jeweils ben\u00f6tigten Muskelgruppen auszuf\u00fchren.<\/p>\n","protected":false},"excerpt":{"rendered":"<p>Alle Techniken im Shotokan Karate unterliegen der Anwendung der Gesetzm\u00e4\u00dfigkeiten der Physik, Anatomie und Kinetik. Shotokan Karate ist st\u00e4rker organisiert und strukturiert, denn jede andere Kampfkunst. Alle Techniken sind klar und nachvollziehbar. Die bemerkenswerte Kraft, die in vielen individuellen Karate-Techniken &#8211; sowohl offensiver wie auch defensiver Natur &#8211; zum Ausdruck kommt ist nicht das Ergebnis [&hellip;]<\/p>\n","protected":false},"author":2,"featured_media":0,"parent":1057,"menu_order":18,"comment_status":"open","ping_status":"open","template":"","meta":{"ngg_post_thumbnail":0,"footnotes":""},"class_list":["post-1073","page","type-page","status-publish","hentry"],"_links":{"self":[{"href":"https:\/\/www.bushido-lubwart.de\/wordpress\/wp-json\/wp\/v2\/pages\/1073"}],"collection":[{"href":"https:\/\/www.bushido-lubwart.de\/wordpress\/wp-json\/wp\/v2\/pages"}],"about":[{"href":"https:\/\/www.bushido-lubwart.de\/wordpress\/wp-json\/wp\/v2\/types\/page"}],"author":[{"embeddable":true,"href":"https:\/\/www.bushido-lubwart.de\/wordpress\/wp-json\/wp\/v2\/users\/2"}],"replies":[{"embeddable":true,"href":"https:\/\/www.bushido-lubwart.de\/wordpress\/wp-json\/wp\/v2\/comments?post=1073"}],"version-history":[{"count":0,"href":"https:\/\/www.bushido-lubwart.de\/wordpress\/wp-json\/wp\/v2\/pages\/1073\/revisions"}],"up":[{"embeddable":true,"href":"https:\/\/www.bushido-lubwart.de\/wordpress\/wp-json\/wp\/v2\/pages\/1057"}],"wp:attachment":[{"href":"https:\/\/www.bushido-lubwart.de\/wordpress\/wp-json\/wp\/v2\/media?parent=1073"}],"curies":[{"name":"wp","href":"https:\/\/api.w.org\/{rel}","templated":true}]}}