{"id":1072,"date":"2008-02-25T18:54:58","date_gmt":"2008-02-25T17:54:58","guid":{"rendered":"http:\/\/www.bushido-lubwart.de\/wordpress\/?page_id=1072"},"modified":"2008-02-28T11:33:07","modified_gmt":"2008-02-28T10:33:07","slug":"entwicklung-von-kraft","status":"publish","type":"page","link":"https:\/\/www.bushido-lubwart.de\/wordpress\/karate-and-more\/karate-wissen\/entwicklung-von-kraft\/","title":{"rendered":"Entwicklung von Kraft"},"content":{"rendered":"<p><a TARGET=\"_blank\" HREF=\"http:\/\/www.bushido-lubwart.de\/wordpress\/wp-content\/uploads\/2008\/02\/108.jpg\"><img ALIGN=\"right\" HEIGHT=\"96\" WIDTH=\"128\" VSPACE=\"10\" HSPACE=\"10\" BORDER=\"0\" SRC=\"http:\/\/www.bushido-lubwart.de\/wordpress\/wp-content\/uploads\/2008\/02\/108.thumbnail.jpg\" \/><\/a>Techniken fordern den Einsatz des ganzen K\u00f6rpers Shotokan Karate ist bekannt f\u00fcr seine explosive Kraft. Die Kraft wird durch die starke Anspannung aller Muskeln (Kime) im Endpunkt der Technik erreicht. Der Einsatz alle K\u00f6rpermuskeln anstelle einer oder zweier Muskelgruppen erm\u00f6glicht das Ausf\u00fchren korrekter und starker Techniken.<\/p>\n","protected":false},"excerpt":{"rendered":"<p>Techniken fordern den Einsatz des ganzen K\u00f6rpers Shotokan Karate ist bekannt f\u00fcr seine explosive Kraft. Die Kraft wird durch die starke Anspannung aller Muskeln (Kime) im Endpunkt der Technik erreicht. Der Einsatz alle K\u00f6rpermuskeln anstelle einer oder zweier Muskelgruppen erm\u00f6glicht das Ausf\u00fchren korrekter und starker Techniken.<\/p>\n","protected":false},"author":2,"featured_media":0,"parent":1057,"menu_order":17,"comment_status":"open","ping_status":"open","template":"","meta":{"ngg_post_thumbnail":0,"footnotes":""},"class_list":["post-1072","page","type-page","status-publish","hentry"],"_links":{"self":[{"href":"https:\/\/www.bushido-lubwart.de\/wordpress\/wp-json\/wp\/v2\/pages\/1072"}],"collection":[{"href":"https:\/\/www.bushido-lubwart.de\/wordpress\/wp-json\/wp\/v2\/pages"}],"about":[{"href":"https:\/\/www.bushido-lubwart.de\/wordpress\/wp-json\/wp\/v2\/types\/page"}],"author":[{"embeddable":true,"href":"https:\/\/www.bushido-lubwart.de\/wordpress\/wp-json\/wp\/v2\/users\/2"}],"replies":[{"embeddable":true,"href":"https:\/\/www.bushido-lubwart.de\/wordpress\/wp-json\/wp\/v2\/comments?post=1072"}],"version-history":[{"count":0,"href":"https:\/\/www.bushido-lubwart.de\/wordpress\/wp-json\/wp\/v2\/pages\/1072\/revisions"}],"up":[{"embeddable":true,"href":"https:\/\/www.bushido-lubwart.de\/wordpress\/wp-json\/wp\/v2\/pages\/1057"}],"wp:attachment":[{"href":"https:\/\/www.bushido-lubwart.de\/wordpress\/wp-json\/wp\/v2\/media?parent=1072"}],"curies":[{"name":"wp","href":"https:\/\/api.w.org\/{rel}","templated":true}]}}