{"id":1071,"date":"2008-02-25T18:54:25","date_gmt":"2008-02-25T17:54:25","guid":{"rendered":"http:\/\/www.bushido-lubwart.de\/wordpress\/?page_id=1071"},"modified":"2008-02-28T11:32:07","modified_gmt":"2008-02-28T10:32:07","slug":"schwachen-erkennen","status":"publish","type":"page","link":"https:\/\/www.bushido-lubwart.de\/wordpress\/karate-and-more\/karate-wissen\/schwachen-erkennen\/","title":{"rendered":"Schw\u00e4chen erkennen"},"content":{"rendered":"<p>Um andere zu besiegen, muss man zuerst sich selbst besiegen. Shotokan Karate lehrt die Sch\u00fcler ihre Schw\u00e4chen und Fehler zu erkennen und nicht zu ignorieren. Sich selbst zu kennen und zu verstehen sind Voraussetzung f\u00fcr Effektivit\u00e4t gegen jeden Gegner. Wenn Sch\u00fcler kein klares Verst\u00e4ndnis f\u00fcr ihre St\u00e4rken und Schw\u00e4chen besitzen, dann ist das Absch\u00e4tzen der St\u00e4rken und Schw\u00e4chen anderer ohne Bedeutung.<\/p>\n<p><a TARGET=\"_blank\" HREF=\"http:\/\/www.bushido-lubwart.de\/wordpress\/wp-content\/uploads\/2008\/02\/132.jpg\"><img ALIGN=\"left\" HEIGHT=\"96\" WIDTH=\"128\" VSPACE=\"10\" HSPACE=\"10\" BORDER=\"0\" SRC=\"http:\/\/www.bushido-lubwart.de\/wordpress\/wp-content\/uploads\/2008\/02\/132.thumbnail.jpg\" \/><\/a>Alle Anstrengung im Karate muss darauf ausgerichtet werden, sich selbst zu untersuchen. Funakoshi Sensei sagte seinen Sch\u00fclern oft, dass sie nicht stark, sondern schwach werden m\u00fcssten. Der Sinn in diesem scheinbaren Paradoxum liegt in dem Erkennen pers\u00f6nlicher Schw\u00e4chen. Sch\u00fcler m\u00fcssen ihre Techniken durch st\u00e4ndiges Training verbessern, aber sie d\u00fcrfen zugleich niemals vergessen, dass sie nur durch Training ihre Schw\u00e4chen erkennen k\u00f6nnen. Es ist das Erkennen der Schw\u00e4chen, welches dem Sch\u00fcler im Shotokan-Karate erlaubt, sich zu entwickeln und voranzuschreiten.<\/p>\n","protected":false},"excerpt":{"rendered":"<p>Um andere zu besiegen, muss man zuerst sich selbst besiegen. Shotokan Karate lehrt die Sch\u00fcler ihre Schw\u00e4chen und Fehler zu erkennen und nicht zu ignorieren. Sich selbst zu kennen und zu verstehen sind Voraussetzung f\u00fcr Effektivit\u00e4t gegen jeden Gegner. Wenn Sch\u00fcler kein klares Verst\u00e4ndnis f\u00fcr ihre St\u00e4rken und Schw\u00e4chen besitzen, dann ist das Absch\u00e4tzen der [&hellip;]<\/p>\n","protected":false},"author":2,"featured_media":0,"parent":1057,"menu_order":16,"comment_status":"open","ping_status":"open","template":"","meta":{"ngg_post_thumbnail":0,"footnotes":""},"class_list":["post-1071","page","type-page","status-publish","hentry"],"_links":{"self":[{"href":"https:\/\/www.bushido-lubwart.de\/wordpress\/wp-json\/wp\/v2\/pages\/1071"}],"collection":[{"href":"https:\/\/www.bushido-lubwart.de\/wordpress\/wp-json\/wp\/v2\/pages"}],"about":[{"href":"https:\/\/www.bushido-lubwart.de\/wordpress\/wp-json\/wp\/v2\/types\/page"}],"author":[{"embeddable":true,"href":"https:\/\/www.bushido-lubwart.de\/wordpress\/wp-json\/wp\/v2\/users\/2"}],"replies":[{"embeddable":true,"href":"https:\/\/www.bushido-lubwart.de\/wordpress\/wp-json\/wp\/v2\/comments?post=1071"}],"version-history":[{"count":0,"href":"https:\/\/www.bushido-lubwart.de\/wordpress\/wp-json\/wp\/v2\/pages\/1071\/revisions"}],"up":[{"embeddable":true,"href":"https:\/\/www.bushido-lubwart.de\/wordpress\/wp-json\/wp\/v2\/pages\/1057"}],"wp:attachment":[{"href":"https:\/\/www.bushido-lubwart.de\/wordpress\/wp-json\/wp\/v2\/media?parent=1071"}],"curies":[{"name":"wp","href":"https:\/\/api.w.org\/{rel}","templated":true}]}}