{"id":1060,"date":"2008-02-25T18:47:45","date_gmt":"2008-02-25T17:47:45","guid":{"rendered":"http:\/\/www.bushido-lubwart.de\/wordpress\/?page_id=1060"},"modified":"2008-02-28T11:17:30","modified_gmt":"2008-02-28T10:17:30","slug":"karate-ist-fur-jederman","status":"publish","type":"page","link":"https:\/\/www.bushido-lubwart.de\/wordpress\/karate-and-more\/karate-wissen\/karate-ist-fur-jederman\/","title":{"rendered":"Karate ist f\u00fcr jederman"},"content":{"rendered":"<p>Karate z\u00e4hlt in unserer Region eher zu den &#8222;jungen&#8220; Sportarten &#8211; wenngleich Karate auf eine weit l\u00e4ngere Geschichte zur\u00fcckblicken kann als viele andere verbreitete und bekannte Sportarten. Gerade aus dem Fernsehen sind uns spektakul\u00e4re Karate-Action-Szenen bekannt. Dies l\u00e4sst Karate in den Augen vieler wohl eher als eine Sportart erscheinen, die nur f\u00fcr junge Leute oder Leute mit au\u00dfergew\u00f6hnlich guten k\u00f6rperlichen Voraussetzungen geeignet ist.<\/p>\n<p><a TARGET=\"_blank\" HREF=\"http:\/\/www.bushido-lubwart.de\/wordpress\/wp-content\/uploads\/2008\/02\/133.jpg\"><img ALIGN=\"right\" HEIGHT=\"96\" WIDTH=\"128\" VSPACE=\"10\" HSPACE=\"10\" BORDER=\"0\" SRC=\"http:\/\/www.bushido-lubwart.de\/wordpress\/wp-content\/uploads\/2008\/02\/133.thumbnail.jpg\" \/><\/a>Das Gegenteil ist jedoch der Fall. Jeder &#8211; gleich ob jung oder alt, stark oder schwach, Frau oder Mann kann Karate aus\u00fcben. Shotokan Karate hat nichts mit geheimen Techniken zu tun &#8211; es basiert ausschlie\u00dflich auf den allgemein bekannten physikalischen Gesetzm\u00e4\u00dfigkeiten, die direkt unter Ber\u00fccksichtigung der individuellen physiologischen Voraussetzungen umgesetzt werden. Daher kann jeder f\u00fcr sich seinen eigenen pers\u00f6nlichen Vorteil aus dem Karate-Training ziehen.<\/p>\n<p>Besondere k\u00f6rperliche Voraussetzungen sind nicht erforderlich, da ein jeder die \u00dcbungen entsprechend seinen pers\u00f6nlichen F\u00e4higkeiten ausf\u00fchren kann. Damit ist Karate mit gewissen Einschr\u00e4nkungen selbst f\u00fcr behinderte Menschen geeignet. Man kann in jedem Alter mit Karate anfangen. So lange der Wunsch besteht Karate auszu\u00fcben, kann und sollte man es auch tun.<\/p>\n","protected":false},"excerpt":{"rendered":"<p>Karate z\u00e4hlt in unserer Region eher zu den &#8222;jungen&#8220; Sportarten &#8211; wenngleich Karate auf eine weit l\u00e4ngere Geschichte zur\u00fcckblicken kann als viele andere verbreitete und bekannte Sportarten. Gerade aus dem Fernsehen sind uns spektakul\u00e4re Karate-Action-Szenen bekannt. Dies l\u00e4sst Karate in den Augen vieler wohl eher als eine Sportart erscheinen, die nur f\u00fcr junge Leute oder [&hellip;]<\/p>\n","protected":false},"author":2,"featured_media":0,"parent":1057,"menu_order":5,"comment_status":"open","ping_status":"open","template":"","meta":{"ngg_post_thumbnail":0,"footnotes":""},"class_list":["post-1060","page","type-page","status-publish","hentry"],"_links":{"self":[{"href":"https:\/\/www.bushido-lubwart.de\/wordpress\/wp-json\/wp\/v2\/pages\/1060"}],"collection":[{"href":"https:\/\/www.bushido-lubwart.de\/wordpress\/wp-json\/wp\/v2\/pages"}],"about":[{"href":"https:\/\/www.bushido-lubwart.de\/wordpress\/wp-json\/wp\/v2\/types\/page"}],"author":[{"embeddable":true,"href":"https:\/\/www.bushido-lubwart.de\/wordpress\/wp-json\/wp\/v2\/users\/2"}],"replies":[{"embeddable":true,"href":"https:\/\/www.bushido-lubwart.de\/wordpress\/wp-json\/wp\/v2\/comments?post=1060"}],"version-history":[{"count":0,"href":"https:\/\/www.bushido-lubwart.de\/wordpress\/wp-json\/wp\/v2\/pages\/1060\/revisions"}],"up":[{"embeddable":true,"href":"https:\/\/www.bushido-lubwart.de\/wordpress\/wp-json\/wp\/v2\/pages\/1057"}],"wp:attachment":[{"href":"https:\/\/www.bushido-lubwart.de\/wordpress\/wp-json\/wp\/v2\/media?parent=1060"}],"curies":[{"name":"wp","href":"https:\/\/api.w.org\/{rel}","templated":true}]}}