{"id":1058,"date":"2008-02-25T18:46:50","date_gmt":"2008-02-25T17:46:50","guid":{"rendered":"http:\/\/www.bushido-lubwart.de\/wordpress\/?page_id=1058"},"modified":"2008-02-28T11:12:00","modified_gmt":"2008-02-28T10:12:00","slug":"karate-und-budo","status":"publish","type":"page","link":"https:\/\/www.bushido-lubwart.de\/wordpress\/karate-and-more\/karate-wissen\/karate-und-budo\/","title":{"rendered":"Karate und Budo"},"content":{"rendered":"<p><a TARGET=\"_blank\" HREF=\"http:\/\/www.bushido-lubwart.de\/wordpress\/wp-content\/uploads\/2008\/02\/125.jpg\"><img ALIGN=\"right\" HEIGHT=\"96\" WIDTH=\"128\" VSPACE=\"10\" HSPACE=\"10\" BORDER=\"0\" SRC=\"http:\/\/www.bushido-lubwart.de\/wordpress\/wp-content\/uploads\/2008\/02\/125.thumbnail.jpg\" \/><\/a>Karate geh\u00f6rt zu den japanischen Budo-K\u00fcnsten. Budo hei\u00dft: Aufh\u00f6ren zu k\u00e4mpfen. Karate dient der Verbesserung des menschlichen K\u00f6rpers, unserer Gesundheit. Es wird aus verschiedenen mehr oder weniger starken Beweggr\u00fcnden heraus ausge\u00fcbt werden: Sei es Selbstverteidigung, Fitness, Wettkampf oder Budo.<\/p>\n","protected":false},"excerpt":{"rendered":"<p>Karate geh\u00f6rt zu den japanischen Budo-K\u00fcnsten. Budo hei\u00dft: Aufh\u00f6ren zu k\u00e4mpfen. Karate dient der Verbesserung des menschlichen K\u00f6rpers, unserer Gesundheit. Es wird aus verschiedenen mehr oder weniger starken Beweggr\u00fcnden heraus ausge\u00fcbt werden: Sei es Selbstverteidigung, Fitness, Wettkampf oder Budo.<\/p>\n","protected":false},"author":2,"featured_media":0,"parent":1057,"menu_order":3,"comment_status":"open","ping_status":"open","template":"","meta":{"ngg_post_thumbnail":0,"footnotes":""},"class_list":["post-1058","page","type-page","status-publish","hentry"],"_links":{"self":[{"href":"https:\/\/www.bushido-lubwart.de\/wordpress\/wp-json\/wp\/v2\/pages\/1058"}],"collection":[{"href":"https:\/\/www.bushido-lubwart.de\/wordpress\/wp-json\/wp\/v2\/pages"}],"about":[{"href":"https:\/\/www.bushido-lubwart.de\/wordpress\/wp-json\/wp\/v2\/types\/page"}],"author":[{"embeddable":true,"href":"https:\/\/www.bushido-lubwart.de\/wordpress\/wp-json\/wp\/v2\/users\/2"}],"replies":[{"embeddable":true,"href":"https:\/\/www.bushido-lubwart.de\/wordpress\/wp-json\/wp\/v2\/comments?post=1058"}],"version-history":[{"count":0,"href":"https:\/\/www.bushido-lubwart.de\/wordpress\/wp-json\/wp\/v2\/pages\/1058\/revisions"}],"up":[{"embeddable":true,"href":"https:\/\/www.bushido-lubwart.de\/wordpress\/wp-json\/wp\/v2\/pages\/1057"}],"wp:attachment":[{"href":"https:\/\/www.bushido-lubwart.de\/wordpress\/wp-json\/wp\/v2\/media?parent=1058"}],"curies":[{"name":"wp","href":"https:\/\/api.w.org\/{rel}","templated":true}]}}