{"id":1048,"date":"2008-02-25T09:51:37","date_gmt":"2008-02-25T08:51:37","guid":{"rendered":"http:\/\/www.bushido-lubwart.de\/wordpress\/?page_id=1048"},"modified":"2008-02-28T09:53:53","modified_gmt":"2008-02-28T08:53:53","slug":"imura-takenori-sensei","status":"publish","type":"page","link":"https:\/\/www.bushido-lubwart.de\/wordpress\/karate-im-verein\/unsere-lehrer\/imura-takenori-sensei\/","title":{"rendered":"Imura Takenori Sensei"},"content":{"rendered":"<p>Imura Sensei wurde 1952 in der Provinz Shizuoka geboren. Er studierte Landwirtschaft und Veterin\u00e4rmedizin an der Nihon Universit\u00e4t.<\/p>\n<p>Imura Sensei konnte mehrmals den Weltmeistertitel in Kata und zahlreiche Siege und Platzierungen bei den Alljapanischen Meisterschaften in Kata und Kumite erringen.<br \/>\nImura Sensei ist als Instructor im Honbu-Dojo der JKA t\u00e4tig.<\/p>\n<p><img ALIGN=\"right\" HEIGHT=\"163\" WIDTH=\"150\" VSPACE=\"10\" HSPACE=\"10\" BORDER=\"0\" ALT=\"Imura Takenori Sensei 7. Dan, Instructor im Honbu Dojo der JKA\" SRC=\"http:\/\/www.bushido-lubwart.de\/wordpress\/wp-content\/uploads\/2008\/02\/imurasensei_150.jpg\" \/><\/p>\n<p>Imura Sensei (7. Dan) wurde 1997 Kata-Weltmeister mit der Kata Jitte &#8211; jener Kata, mit der er auch schon in der bekannten JKA-Kata Video-Lehrreihe zu sehen ist. Ich darf Euch versichern &#8211; diese Kata von Imura Sensei vorgef\u00fchrt ist jetzt noch viel eindrucksvoller anzusehen!<\/p>\n<p>Imura Sensei war mehrmals im Jahr zu Gast beim Shotokan Ryu in Deutschland und unterst\u00fctzt diesen in seinem Bestreben, das Shotokan-Karate zu verbreiten. Imura Sensei legt sehr gro\u00dfen Wert auf eine saubere und starke H\u00fcftarbeit. Er versteht es, alle Techniken auf die H\u00fcfte zur\u00fcckzuf\u00fchren.<\/p>\n<p>Wenngleich sein Spezialgebiet Kata zu sein scheint, legt er doch auf das Kumite gro\u00dfen Wert. So l\u00e4sst er beispielsweise h\u00e4ufig bestimmte Kumite-\u00dcbungen ausf\u00fchren, die sich dann letztlich als eine bestimmte Kata herausstellen, die er \u00fcben lie\u00df. So wird deutlich, dass Kihon, Kumite und Kata zusammen geh\u00f6ren und nicht getrennt werden d\u00fcrfen. Es sind die drei S\u00e4ulen des Karate.<\/p>\n","protected":false},"excerpt":{"rendered":"<p>Imura Sensei wurde 1952 in der Provinz Shizuoka geboren. Er studierte Landwirtschaft und Veterin\u00e4rmedizin an der Nihon Universit\u00e4t. Imura Sensei konnte mehrmals den Weltmeistertitel in Kata und zahlreiche Siege und Platzierungen bei den Alljapanischen Meisterschaften in Kata und Kumite erringen. Imura Sensei ist als Instructor im Honbu-Dojo der JKA t\u00e4tig. Imura Sensei (7. Dan) wurde [&hellip;]<\/p>\n","protected":false},"author":2,"featured_media":0,"parent":1039,"menu_order":9,"comment_status":"open","ping_status":"open","template":"","meta":{"ngg_post_thumbnail":0,"footnotes":""},"class_list":["post-1048","page","type-page","status-publish","hentry"],"_links":{"self":[{"href":"https:\/\/www.bushido-lubwart.de\/wordpress\/wp-json\/wp\/v2\/pages\/1048"}],"collection":[{"href":"https:\/\/www.bushido-lubwart.de\/wordpress\/wp-json\/wp\/v2\/pages"}],"about":[{"href":"https:\/\/www.bushido-lubwart.de\/wordpress\/wp-json\/wp\/v2\/types\/page"}],"author":[{"embeddable":true,"href":"https:\/\/www.bushido-lubwart.de\/wordpress\/wp-json\/wp\/v2\/users\/2"}],"replies":[{"embeddable":true,"href":"https:\/\/www.bushido-lubwart.de\/wordpress\/wp-json\/wp\/v2\/comments?post=1048"}],"version-history":[{"count":0,"href":"https:\/\/www.bushido-lubwart.de\/wordpress\/wp-json\/wp\/v2\/pages\/1048\/revisions"}],"up":[{"embeddable":true,"href":"https:\/\/www.bushido-lubwart.de\/wordpress\/wp-json\/wp\/v2\/pages\/1039"}],"wp:attachment":[{"href":"https:\/\/www.bushido-lubwart.de\/wordpress\/wp-json\/wp\/v2\/media?parent=1048"}],"curies":[{"name":"wp","href":"https:\/\/api.w.org\/{rel}","templated":true}]}}