{"id":1044,"date":"2008-02-25T09:49:09","date_gmt":"2008-02-25T08:49:09","guid":{"rendered":"http:\/\/www.bushido-lubwart.de\/wordpress\/?page_id=1044"},"modified":"2008-02-28T09:59:25","modified_gmt":"2008-02-28T08:59:25","slug":"siegfried-gelz","status":"publish","type":"page","link":"https:\/\/www.bushido-lubwart.de\/wordpress\/karate-im-verein\/unsere-lehrer\/siegfried-gelz\/","title":{"rendered":"Siegfried Gelz"},"content":{"rendered":"<p>Siegfried Gelz (5. Dan) ist neben J\u00f6rg Kohl der zweite Lehrer unseres Trainers. Nachdem Beate Kr\u00fcger (Assistenz-Trainerin von J\u00f6rg Kohl) die Trainingsgruppe in Berlin-Adlershof aufgeben musste und J\u00f6rg Kohl wenig sp\u00e4ter aus beruflichen Gr\u00fcnden gleichfalls dort das Training nicht mehr leiten konnte, \u00fcbernahm Siegfried Gelz die dortigen Gruppen.<\/p>\n<p>Siegfried Gelz zeichnet sich durch sein Einf\u00fchlungsverm\u00f6gen aus. Er versteht es, auch hervorragend auf Kinder einzugehen. Nicht umsonst wurde er auch vom Shotokan Ryu in Deutschland gemeinsam mit Jan Gebhardt zum Verantwortlichen f\u00fcr die Kinder- und Jugendarbeit berufen.<\/p>\n<p><img ALIGN=\"right\" HEIGHT=\"189\" WIDTH=\"150\" VSPACE=\"10\" HSPACE=\"10\" BORDER=\"0\" ALT=\"Siegfried Gelz 4. Dan SRD-Instructor\" SRC=\"http:\/\/www.bushido-lubwart.de\/wordpress\/wp-content\/uploads\/2008\/02\/siggigelz_150.jpg\" \/>Mehrmals im Jahr weilt Siegfried Gelz zu Wochenendlehrg\u00e4ngen in Elsterwerda. Seine Lehrg\u00e4nge werden von unseren Mitgliedern immer gern besucht, weil er in der Lage ist, die Sch\u00fcler f\u00fcr Karate zu begeistern und aufgrund individuell zugeschnittener Trainingsmethoden jedem erm\u00f6glicht, die gestellten Trainingsaufgaben zu bew\u00e4ltigen.<\/p>\n","protected":false},"excerpt":{"rendered":"<p>Siegfried Gelz (5. Dan) ist neben J\u00f6rg Kohl der zweite Lehrer unseres Trainers. Nachdem Beate Kr\u00fcger (Assistenz-Trainerin von J\u00f6rg Kohl) die Trainingsgruppe in Berlin-Adlershof aufgeben musste und J\u00f6rg Kohl wenig sp\u00e4ter aus beruflichen Gr\u00fcnden gleichfalls dort das Training nicht mehr leiten konnte, \u00fcbernahm Siegfried Gelz die dortigen Gruppen. Siegfried Gelz zeichnet sich durch sein Einf\u00fchlungsverm\u00f6gen [&hellip;]<\/p>\n","protected":false},"author":2,"featured_media":0,"parent":1039,"menu_order":5,"comment_status":"open","ping_status":"open","template":"","meta":{"ngg_post_thumbnail":0,"footnotes":""},"class_list":["post-1044","page","type-page","status-publish","hentry"],"_links":{"self":[{"href":"https:\/\/www.bushido-lubwart.de\/wordpress\/wp-json\/wp\/v2\/pages\/1044"}],"collection":[{"href":"https:\/\/www.bushido-lubwart.de\/wordpress\/wp-json\/wp\/v2\/pages"}],"about":[{"href":"https:\/\/www.bushido-lubwart.de\/wordpress\/wp-json\/wp\/v2\/types\/page"}],"author":[{"embeddable":true,"href":"https:\/\/www.bushido-lubwart.de\/wordpress\/wp-json\/wp\/v2\/users\/2"}],"replies":[{"embeddable":true,"href":"https:\/\/www.bushido-lubwart.de\/wordpress\/wp-json\/wp\/v2\/comments?post=1044"}],"version-history":[{"count":0,"href":"https:\/\/www.bushido-lubwart.de\/wordpress\/wp-json\/wp\/v2\/pages\/1044\/revisions"}],"up":[{"embeddable":true,"href":"https:\/\/www.bushido-lubwart.de\/wordpress\/wp-json\/wp\/v2\/pages\/1039"}],"wp:attachment":[{"href":"https:\/\/www.bushido-lubwart.de\/wordpress\/wp-json\/wp\/v2\/media?parent=1044"}],"curies":[{"name":"wp","href":"https:\/\/api.w.org\/{rel}","templated":true}]}}