{"id":1043,"date":"2008-02-25T09:48:39","date_gmt":"2008-02-25T08:48:39","guid":{"rendered":"http:\/\/www.bushido-lubwart.de\/wordpress\/?page_id=1043"},"modified":"2011-05-17T09:01:57","modified_gmt":"2011-05-17T08:01:57","slug":"jorg-kohl","status":"publish","type":"page","link":"https:\/\/www.bushido-lubwart.de\/wordpress\/karate-im-verein\/unsere-lehrer\/jorg-kohl\/","title":{"rendered":"J\u00f6rg Kohl"},"content":{"rendered":"<p>J\u00f6rg Kohl ist neben Siegfried Gelz der direkte Lehrer unseres Trainers. Er unterrichtet seit vielen Jahren Karate und Judo in Berlin. Wir freuten uns immer, wenn wir ihn in unserem Dojo zu einem Lehrgang begr\u00fc\u00dfen durften.<\/p>\n<p>J\u00f6rg Kohl ist ein Perfektionist in der Ausf\u00fchrung der Technik und er achtet die Tradition. Beides ist wichtig, damit man ein gutes Karate betreiben kann.<\/p>\n<p><img ALIGN=\"left\" HEIGHT=\"161\" WIDTH=\"150\" VSPACE=\"10\" HSPACE=\"10\" BORDER=\"0\" ALT=\"J\u00f6rg Kohl 6. Dan, Mitbegr\u00fcnder und Pr\u00e4sident des SRD\" SRC=\"http:\/\/www.bushido-lubwart.de\/wordpress\/wp-content\/uploads\/2008\/02\/joergkohl_150.jpg\" \/><\/p>\n<p>Als ich ihm einmal sagte, dass mir Kumite nicht so sehr liege und ich mich lieber mit Kata besch\u00e4ftigen w\u00fcrde, entgegnete er mir, es g\u00e4be kein Karate, dass nur aus Kata oder Kumite bestehe. Alles geh\u00f6re zusammen, daher m\u00fcsse ich auch Kumite \u00fcben. Heute verstehe ich seine Haltung, wenngleich mir damals jegliches Verst\u00e4ndnis hierf\u00fcr fehlte. Funakoshi Gichin vertrat genau den gleichen Standpunkt und ging sogar noch ein wenig weiter in dem er sagte, man m\u00fcsse vielmehr sogar dass, was man am wenigsten mag, am h\u00e4ufigsten \u00fcben, so lange, bis man es gern macht.<\/p>\n<p>Was soll ich sagen &#8211; es funktioniert tats\u00e4chlich! In Dankbarkeit, Ralph P. G\u00f6rlach<\/p>\n","protected":false},"excerpt":{"rendered":"<p>J\u00f6rg Kohl ist neben Siegfried Gelz der direkte Lehrer unseres Trainers. Er unterrichtet seit vielen Jahren Karate und Judo in Berlin. Wir freuten uns immer, wenn wir ihn in unserem Dojo zu einem Lehrgang begr\u00fc\u00dfen durften. J\u00f6rg Kohl ist ein Perfektionist in der Ausf\u00fchrung der Technik und er achtet die Tradition. Beides ist wichtig, damit [&hellip;]<\/p>\n","protected":false},"author":2,"featured_media":0,"parent":1039,"menu_order":4,"comment_status":"open","ping_status":"open","template":"","meta":{"ngg_post_thumbnail":0,"footnotes":""},"class_list":["post-1043","page","type-page","status-publish","hentry"],"_links":{"self":[{"href":"https:\/\/www.bushido-lubwart.de\/wordpress\/wp-json\/wp\/v2\/pages\/1043"}],"collection":[{"href":"https:\/\/www.bushido-lubwart.de\/wordpress\/wp-json\/wp\/v2\/pages"}],"about":[{"href":"https:\/\/www.bushido-lubwart.de\/wordpress\/wp-json\/wp\/v2\/types\/page"}],"author":[{"embeddable":true,"href":"https:\/\/www.bushido-lubwart.de\/wordpress\/wp-json\/wp\/v2\/users\/2"}],"replies":[{"embeddable":true,"href":"https:\/\/www.bushido-lubwart.de\/wordpress\/wp-json\/wp\/v2\/comments?post=1043"}],"version-history":[{"count":1,"href":"https:\/\/www.bushido-lubwart.de\/wordpress\/wp-json\/wp\/v2\/pages\/1043\/revisions"}],"predecessor-version":[{"id":2066,"href":"https:\/\/www.bushido-lubwart.de\/wordpress\/wp-json\/wp\/v2\/pages\/1043\/revisions\/2066"}],"up":[{"embeddable":true,"href":"https:\/\/www.bushido-lubwart.de\/wordpress\/wp-json\/wp\/v2\/pages\/1039"}],"wp:attachment":[{"href":"https:\/\/www.bushido-lubwart.de\/wordpress\/wp-json\/wp\/v2\/media?parent=1043"}],"curies":[{"name":"wp","href":"https:\/\/api.w.org\/{rel}","templated":true}]}}