{"id":1041,"date":"2008-02-25T09:47:14","date_gmt":"2008-02-25T08:47:14","guid":{"rendered":"http:\/\/www.bushido-lubwart.de\/wordpress\/?page_id=1041"},"modified":"2008-02-28T09:52:40","modified_gmt":"2008-02-28T08:52:40","slug":"fujinaga-yasuyuki-sensei","status":"publish","type":"page","link":"https:\/\/www.bushido-lubwart.de\/wordpress\/karate-im-verein\/unsere-lehrer\/fujinaga-yasuyuki-sensei\/","title":{"rendered":"Fujinaga Yasuyuki Sensei"},"content":{"rendered":"<p>Fujinaga Sensei war Instructor der Japan Karate Association (JKA) in \u00d6sterreich. Ihm verdanke ich sehr viel von meinem heutigen Wissen \u00fcber das Shotokan-Karate. Fujinaga Sensei ist am 1. August 1995 nach einem schweren Krebsleiden verstorben.<\/p>\n<p>Fujinaga Sensei war der erste japanische Lehrer bei dem ich lernen durfte. Seine Lehrg\u00e4nge waren immer ein Quell des Wissens. Es verging keine Trainingseinheit, in der er nicht den Bezug zwischen Etikette, Tradition und Technik herstellte. Ein Vorbild an Bescheidenheit &#8211; so wie man sich einen wahren Meister vorstellt.<\/p>\n<p><img ALIGN=\"left\" HEIGHT=\"126\" WIDTH=\"111\" VSPACE=\"10\" HSPACE=\"10\" BORDER=\"0\" ALT=\"Fujinaga Sensei 5. Dan, ehemaliger \u00f6sterreichischer Bundestrainer\" SRC=\"http:\/\/www.bushido-lubwart.de\/wordpress\/wp-content\/uploads\/2008\/02\/fujinagasensei_150.jpg\" \/><\/p>\n<p>Ich erinnere mich noch gut an seine Trainingseinheiten. Immer und immer wieder wurden die einfachsten Bewegungen wiederholt und ge\u00fcbt und immer wieder zeigte uns Fujinaga Sensei Fehler und Schw\u00e4chen der Technik auf. Es wurde ge\u00fcbt bis zum Umfallen und Fujinaga Sensei forderte viel! Hundert Wiederholungen einer Technik waren keine Seltenheit. Bei einem Instructor-Training lie\u00df uns Fujinaga Sensei beispielsweise die Technik Gyaku-Zuki \u00fcben. Zwei Stunden nichts als Gyaku-Zuki und auch dies reichte nicht, um den Meister vollends zufrieden zu stellen, immer noch fand er Schwachstellen in der Ausf\u00fchrung der Technik.<\/p>\n<p>Fujinaga Sensei war ein Perfektionist, der aber trotz aller Genauigkeit dennoch in der Lage war, selbst das anstrengendste Training interessant und abwechslungsreich zu gestalten. Er war auch neben Tanaka Sensei der einzigste Japaner, den ich je bei einem Training habe pers\u00f6nlich die Erw\u00e4rmung \u00fcbernehmen sehen &#8211; und ich muss sagen bei Fujinaga Sensei war allein schon die Aufw\u00e4rmung das Kommen wert. Um die vielen Anregungen und Informationen, die ich aus den wenigen \u00dcbungseinheiten bei ihm mitgenommen habe, wiederzugeben, br\u00e4uchte ich wohl schon ein halbes Buch&#8230;<\/p>\n<p>Bei keinem anderen Lehrer habe ich erlebt, dass er erkl\u00e4rt hat, wie man beispielsweise den G\u00fcrtel richtig tr\u00e4gt und warum man ihn so tr\u00e4gt. Einmal kamen einige Schwarzgurte zu sp\u00e4t zum Training und st\u00fcrmten nach vorn, um sich in die Gruppe einzureihen. Fujinaga Sensei bemerkte dies und unterbrach sofort sein Training. Er erkl\u00e4rte, dass auch ein Dan-Tr\u00e4ger nichts Besonderes sei. Wenn man zu sp\u00e4t zum Training k\u00e4me, h\u00e4tte man kein Recht sich vorn hin zu stellen. Man habe dann hinten, ganz am Ende der Gruppe, Aufstellung zu nehmen.<\/p>\n<p>Oder als Fujinaga Sensei gefragt wurde, ob er nicht Gojushio Dai mit den anwesenden Trainingsteilnehmer \u00fcben k\u00f6nne, antwortete er, dass ihm diese Kata zu hoch sei und man doch besser zun\u00e4chst die einfachen Kata meistern solle.<\/p>\n<p>Die wohl meiste Zeit im Training verging bei Fujinaga Sensei immer am Anfang bei der Aufstellung. Hier legte er gro\u00dfen Wert darauf, dass jeder einzelne exakt ausgerichtet in der Reihe stand &#8211; und wenn dies mehrere Minuten dauern sollte. Er meinte, nur wenn Ordnung herrscht, k\u00f6nne man auch gut unterrichten und vor allem etwas lernen.<\/p>\n","protected":false},"excerpt":{"rendered":"<p>Fujinaga Sensei war Instructor der Japan Karate Association (JKA) in \u00d6sterreich. Ihm verdanke ich sehr viel von meinem heutigen Wissen \u00fcber das Shotokan-Karate. Fujinaga Sensei ist am 1. August 1995 nach einem schweren Krebsleiden verstorben. Fujinaga Sensei war der erste japanische Lehrer bei dem ich lernen durfte. Seine Lehrg\u00e4nge waren immer ein Quell des Wissens. [&hellip;]<\/p>\n","protected":false},"author":2,"featured_media":0,"parent":1039,"menu_order":2,"comment_status":"open","ping_status":"open","template":"","meta":{"ngg_post_thumbnail":0,"footnotes":""},"class_list":["post-1041","page","type-page","status-publish","hentry"],"_links":{"self":[{"href":"https:\/\/www.bushido-lubwart.de\/wordpress\/wp-json\/wp\/v2\/pages\/1041"}],"collection":[{"href":"https:\/\/www.bushido-lubwart.de\/wordpress\/wp-json\/wp\/v2\/pages"}],"about":[{"href":"https:\/\/www.bushido-lubwart.de\/wordpress\/wp-json\/wp\/v2\/types\/page"}],"author":[{"embeddable":true,"href":"https:\/\/www.bushido-lubwart.de\/wordpress\/wp-json\/wp\/v2\/users\/2"}],"replies":[{"embeddable":true,"href":"https:\/\/www.bushido-lubwart.de\/wordpress\/wp-json\/wp\/v2\/comments?post=1041"}],"version-history":[{"count":0,"href":"https:\/\/www.bushido-lubwart.de\/wordpress\/wp-json\/wp\/v2\/pages\/1041\/revisions"}],"up":[{"embeddable":true,"href":"https:\/\/www.bushido-lubwart.de\/wordpress\/wp-json\/wp\/v2\/pages\/1039"}],"wp:attachment":[{"href":"https:\/\/www.bushido-lubwart.de\/wordpress\/wp-json\/wp\/v2\/media?parent=1041"}],"curies":[{"name":"wp","href":"https:\/\/api.w.org\/{rel}","templated":true}]}}