{"id":1036,"date":"2008-02-25T09:27:54","date_gmt":"2008-02-25T08:27:54","guid":{"rendered":"http:\/\/www.bushido-lubwart.de\/wordpress\/?page_id=1036"},"modified":"2011-05-17T09:03:22","modified_gmt":"2011-05-17T08:03:22","slug":"steffen-wohmann","status":"publish","type":"page","link":"https:\/\/www.bushido-lubwart.de\/wordpress\/karate-im-verein\/trainer\/steffen-wohmann\/","title":{"rendered":"Steffen Wohmann"},"content":{"rendered":"<p><a TARGET=\"_blank\" HREF=\"http:\/\/www.bushido-lubwart.de\/wordpress\/wp-content\/uploads\/2008\/02\/steffen.jpg\"><img SRC=\"http:\/\/www.bushido-lubwart.de\/wordpress\/wp-content\/uploads\/2008\/02\/steffen_150.jpg\" BORDER=\"0\" HSPACE=\"10\" VSPACE=\"10\" WIDTH=\"150\" HEIGHT=\"199\" ALIGN=\"left\" \/><\/a>Steffen Wohmann wurde am 08.07.1967 geboren.<\/p>\n<p>Steffen \u00fcbte zun\u00e4chst im Selbststudium diverse Kampfk\u00fcnste, insbesondere Iaido. Im Februar 1992 fand er durch Maik Hinze den Weg in unseren Verein. Er trainierte bei Ralph P. G\u00f6rlach in Elsterwerda und Volker Klinkisch in Bad Liebenwerda.<\/p>\n<p>Ab 1993 war Steffen in unserem Verein als \u00dcbungsleiter t\u00e4tig; zun\u00e4chst in Bad Liebenwerda als Assistenz-Trainer, bevor er 1995 gemeinsam mit Maik Hinze die Leitung der Trainingsgruppe Gorden (jetzt Hohenleipisch) \u00fcbernahm.<\/p>\n<p>Steffen kann auf gute Trainingserfolge zur\u00fcckblicken, was durch diverse gute Platzierungen seiner Sch\u00fctzlinge, darunter auch erste Pl\u00e4tze bei Landesmeisterschaften, belegt wird. Bei den Landesmeisterschaften 1996 erreichte er in der Disziplin Kata einen beachtlichen dritten Platz.<\/p>\n<p>Von November 1999 bis Mitte 2000 war Steffen f\u00fcr die Dienstags-Trainingsgruppe in Bad Liebenwerda zust\u00e4ndig. Er trat dort die Nachfolge von Marco Ke\u00dfler an. Nach Aufnahme der T\u00e4tigkeit in einer ausw\u00e4rtigen Arbeitsstelle steht Steffen vorerst nicht mehr als \u00dcbungsleiter f\u00fcr unseren Verein zur Verf\u00fcgung, ist aber auch weiterhin als Mitglied der Revisionskommission f\u00fcr den Verein t\u00e4tig.<\/p>\n","protected":false},"excerpt":{"rendered":"<p>Steffen Wohmann wurde am 08.07.1967 geboren. Steffen \u00fcbte zun\u00e4chst im Selbststudium diverse Kampfk\u00fcnste, insbesondere Iaido. Im Februar 1992 fand er durch Maik Hinze den Weg in unseren Verein. Er trainierte bei Ralph P. G\u00f6rlach in Elsterwerda und Volker Klinkisch in Bad Liebenwerda. Ab 1993 war Steffen in unserem Verein als \u00dcbungsleiter t\u00e4tig; zun\u00e4chst in Bad [&hellip;]<\/p>\n","protected":false},"author":2,"featured_media":0,"parent":1032,"menu_order":6,"comment_status":"open","ping_status":"closed","template":"","meta":{"ngg_post_thumbnail":0,"footnotes":""},"class_list":["post-1036","page","type-page","status-publish","hentry"],"_links":{"self":[{"href":"https:\/\/www.bushido-lubwart.de\/wordpress\/wp-json\/wp\/v2\/pages\/1036"}],"collection":[{"href":"https:\/\/www.bushido-lubwart.de\/wordpress\/wp-json\/wp\/v2\/pages"}],"about":[{"href":"https:\/\/www.bushido-lubwart.de\/wordpress\/wp-json\/wp\/v2\/types\/page"}],"author":[{"embeddable":true,"href":"https:\/\/www.bushido-lubwart.de\/wordpress\/wp-json\/wp\/v2\/users\/2"}],"replies":[{"embeddable":true,"href":"https:\/\/www.bushido-lubwart.de\/wordpress\/wp-json\/wp\/v2\/comments?post=1036"}],"version-history":[{"count":1,"href":"https:\/\/www.bushido-lubwart.de\/wordpress\/wp-json\/wp\/v2\/pages\/1036\/revisions"}],"predecessor-version":[{"id":2070,"href":"https:\/\/www.bushido-lubwart.de\/wordpress\/wp-json\/wp\/v2\/pages\/1036\/revisions\/2070"}],"up":[{"embeddable":true,"href":"https:\/\/www.bushido-lubwart.de\/wordpress\/wp-json\/wp\/v2\/pages\/1032"}],"wp:attachment":[{"href":"https:\/\/www.bushido-lubwart.de\/wordpress\/wp-json\/wp\/v2\/media?parent=1036"}],"curies":[{"name":"wp","href":"https:\/\/api.w.org\/{rel}","templated":true}]}}