{"id":1021,"date":"2008-02-22T11:40:56","date_gmt":"2008-02-22T10:40:56","guid":{"rendered":"http:\/\/www.bushido-lubwart.de\/wordpress\/?page_id=1021"},"modified":"2008-02-27T15:01:00","modified_gmt":"2008-02-27T14:01:00","slug":"verfahrensordnung","status":"publish","type":"page","link":"https:\/\/www.bushido-lubwart.de\/wordpress\/unser-verein\/regelwerk\/verfahrensordnung\/","title":{"rendered":"Verfahrensordnung"},"content":{"rendered":"<p>Dieses Dokument ist im PDF-Format hinterlegt. Zum Anzeigen und Ausdrucken von PDF-Dateien ist der Acrobat Reader von Adobe erforderlich, den Sie sich <a HREF=\"http:\/\/www.adobe.de\/products\/acrobat\/readstep.html\">hier<\/a> downloaden k\u00f6nnen.<\/p>\n<p>Verfahrensordnung des Vereins. Die Verfahrensordnung wurde durch den Vorstand am 14. M\u00e4rz 2003 au\u00dfer Kraft gesetzt. Sie ist somit nicht mehr g\u00fcltig.<\/p>\n<p><strong><a TARGET=\"_blank\" HREF=\"http:\/\/www.bushido-lubwart.de\/wordpress\/wp-content\/uploads\/2008\/02\/vo.pdf\">Verfahrensordnung jetzt downloaden<\/a><\/strong> [21 KB]<\/p>\n","protected":false},"excerpt":{"rendered":"<p>Dieses Dokument ist im PDF-Format hinterlegt. Zum Anzeigen und Ausdrucken von PDF-Dateien ist der Acrobat Reader von Adobe erforderlich, den Sie sich hier downloaden k\u00f6nnen. Verfahrensordnung des Vereins. Die Verfahrensordnung wurde durch den Vorstand am 14. M\u00e4rz 2003 au\u00dfer Kraft gesetzt. Sie ist somit nicht mehr g\u00fcltig. Verfahrensordnung jetzt downloaden [21 KB]<\/p>\n","protected":false},"author":2,"featured_media":0,"parent":1015,"menu_order":6,"comment_status":"open","ping_status":"open","template":"","meta":{"ngg_post_thumbnail":0,"footnotes":""},"class_list":["post-1021","page","type-page","status-publish","hentry"],"_links":{"self":[{"href":"https:\/\/www.bushido-lubwart.de\/wordpress\/wp-json\/wp\/v2\/pages\/1021"}],"collection":[{"href":"https:\/\/www.bushido-lubwart.de\/wordpress\/wp-json\/wp\/v2\/pages"}],"about":[{"href":"https:\/\/www.bushido-lubwart.de\/wordpress\/wp-json\/wp\/v2\/types\/page"}],"author":[{"embeddable":true,"href":"https:\/\/www.bushido-lubwart.de\/wordpress\/wp-json\/wp\/v2\/users\/2"}],"replies":[{"embeddable":true,"href":"https:\/\/www.bushido-lubwart.de\/wordpress\/wp-json\/wp\/v2\/comments?post=1021"}],"version-history":[{"count":0,"href":"https:\/\/www.bushido-lubwart.de\/wordpress\/wp-json\/wp\/v2\/pages\/1021\/revisions"}],"up":[{"embeddable":true,"href":"https:\/\/www.bushido-lubwart.de\/wordpress\/wp-json\/wp\/v2\/pages\/1015"}],"wp:attachment":[{"href":"https:\/\/www.bushido-lubwart.de\/wordpress\/wp-json\/wp\/v2\/media?parent=1021"}],"curies":[{"name":"wp","href":"https:\/\/api.w.org\/{rel}","templated":true}]}}