{"id":1017,"date":"2008-02-22T11:33:45","date_gmt":"2008-02-22T10:33:45","guid":{"rendered":"http:\/\/www.bushido-lubwart.de\/wordpress\/?page_id=1017"},"modified":"2023-07-01T06:27:27","modified_gmt":"2023-07-01T05:27:27","slug":"beitragsordnung","status":"publish","type":"page","link":"https:\/\/www.bushido-lubwart.de\/wordpress\/unser-verein\/regelwerk\/beitragsordnung\/","title":{"rendered":"Beitragsordnung"},"content":{"rendered":"<p>Diese Dokumente sind im PDF-Format hinterlegt. Zum Anzeigen und Ausdrucken von PDF-Dateien ist der Acrobat Reader von Adobe erforderlich, den Sie sich <a href=\"http:\/\/www.adobe.de\/products\/acrobat\/readstep.html\">hier<\/a> downloaden k\u00f6nnen.<\/p>\n<p>Beitragsordnung in der ab 30.06.2023 g\u00fcltigen Fassung: <strong><a href=\"http:\/\/www.bushido-lubwart.de\/wordpress\/wp-content\/uploads\/2023\/07\/Btro.pdf\" target=\"_blank\" rel=\"noopener\">Diese Fassung jetzt downloaden<\/a><\/strong> [129 KB]<\/p>\n<p>Beitragsordnung in der bis 30.06.2023 g\u00fcltigen Fassung: <strong><a href=\"http:\/\/www.bushido-lubwart.de\/wordpress\/wp-content\/uploads\/2023\/07\/Btro-2018-09-21.pdf\" target=\"_blank\" rel=\"noopener\">Diese Fassung jetzt downloaden<\/a><\/strong> [130 KB]<\/p>\n<p>Beitragsordnung in der ab 13.05.2016&nbsp;g\u00fcltigen Fassung: <strong><a href=\"http:\/\/www.bushido-lubwart.de\/wordpress\/wp-content\/uploads\/2008\/02\/Btro160513.pdf\" target=\"_blank\" rel=\"noopener\">Diese Fassung jetzt downloaden<\/a><\/strong> [60 KB]<\/p>\n<p>Beitragsordnung in der ab 07.03.2004 g\u00fcltigen Fassung: <strong><a href=\"http:\/\/www.bushido-lubwart.de\/wordpress\/wp-content\/uploads\/2008\/02\/btro20040307.pdf\" target=\"_blank\" rel=\"noopener\">Diese Fassung jetzt downloaden<\/a><\/strong> [117 KB]<\/p>\n<p>Beitragsordnung in der ab 16.01.2004 g\u00fcltigen Fassung: <strong><a href=\"http:\/\/www.bushido-lubwart.de\/wordpress\/wp-content\/uploads\/2008\/02\/btro20040116.pdf\" target=\"_blank\" rel=\"noopener\">Diese Fassung jetzt downloaden<\/a><\/strong> [114 KB]<\/p>\n<p>Beitragsordnung in der ab 01.01.2002 g\u00fcltigen Fassung: <a href=\"http:\/\/www.bushido-lubwart.de\/wordpress\/wp-content\/uploads\/2008\/02\/btro20020101.pdf\" target=\"_blank\" rel=\"noopener\"><strong>Diese Fassung jetzt downloaden<\/strong><\/a> [114 KB]<\/p>\n<p>Beitragsordnung des Vereins in der Fassung 2001: <strong><a href=\"http:\/\/www.bushido-lubwart.de\/wordpress\/wp-content\/uploads\/2008\/02\/btro2001.pdf\" target=\"_blank\" rel=\"noopener\">Alte Fassung downloaden<\/a><\/strong> [23 KB]<\/p>\n","protected":false},"excerpt":{"rendered":"<p>Diese Dokumente sind im PDF-Format hinterlegt. Zum Anzeigen und Ausdrucken von PDF-Dateien ist der Acrobat Reader von Adobe erforderlich, den Sie sich hier downloaden k\u00f6nnen. Beitragsordnung in der ab 30.06.2023 g\u00fcltigen Fassung: Diese Fassung jetzt downloaden [129 KB] Beitragsordnung in der bis 30.06.2023 g\u00fcltigen Fassung: Diese Fassung jetzt downloaden [130 KB] Beitragsordnung in der ab [&hellip;]<\/p>\n","protected":false},"author":2,"featured_media":0,"parent":1015,"menu_order":2,"comment_status":"open","ping_status":"open","template":"","meta":{"ngg_post_thumbnail":0,"footnotes":""},"class_list":["post-1017","page","type-page","status-publish","hentry"],"_links":{"self":[{"href":"https:\/\/www.bushido-lubwart.de\/wordpress\/wp-json\/wp\/v2\/pages\/1017"}],"collection":[{"href":"https:\/\/www.bushido-lubwart.de\/wordpress\/wp-json\/wp\/v2\/pages"}],"about":[{"href":"https:\/\/www.bushido-lubwart.de\/wordpress\/wp-json\/wp\/v2\/types\/page"}],"author":[{"embeddable":true,"href":"https:\/\/www.bushido-lubwart.de\/wordpress\/wp-json\/wp\/v2\/users\/2"}],"replies":[{"embeddable":true,"href":"https:\/\/www.bushido-lubwart.de\/wordpress\/wp-json\/wp\/v2\/comments?post=1017"}],"version-history":[{"count":3,"href":"https:\/\/www.bushido-lubwart.de\/wordpress\/wp-json\/wp\/v2\/pages\/1017\/revisions"}],"predecessor-version":[{"id":3601,"href":"https:\/\/www.bushido-lubwart.de\/wordpress\/wp-json\/wp\/v2\/pages\/1017\/revisions\/3601"}],"up":[{"embeddable":true,"href":"https:\/\/www.bushido-lubwart.de\/wordpress\/wp-json\/wp\/v2\/pages\/1015"}],"wp:attachment":[{"href":"https:\/\/www.bushido-lubwart.de\/wordpress\/wp-json\/wp\/v2\/media?parent=1017"}],"curies":[{"name":"wp","href":"https:\/\/api.w.org\/{rel}","templated":true}]}}