{"id":1016,"date":"2008-02-22T11:30:13","date_gmt":"2008-02-22T10:30:13","guid":{"rendered":"http:\/\/www.bushido-lubwart.de\/wordpress\/?page_id=1016"},"modified":"2012-06-29T09:22:34","modified_gmt":"2012-06-29T08:22:34","slug":"satzung","status":"publish","type":"page","link":"https:\/\/www.bushido-lubwart.de\/wordpress\/unser-verein\/regelwerk\/satzung\/","title":{"rendered":"Satzung"},"content":{"rendered":"<p>Diese Dokumente sind im PDF-Format hinterlegt. Zum Anzeigen und Ausdrucken von PDF-Dateien ist der Acrobat Reader von Adobe erforderlich, den Sie sich <a HREF=\"http:\/\/www.adobe.de\/products\/acrobat\/readstep.html\">hier<\/a> downloaden k\u00f6nnen.<\/p>\n<p>Satzung des Vereins in der ab 12.12.2009 g\u00fcltigen Fassung: <strong><a HREF=\"http:\/\/www.bushido-lubwart.de\/wordpress\/wp-content\/uploads\/2008\/02\/satzung0912121.pdf\" TARGET=\"_blank\">Satzung jetzt downloaden<\/a><\/strong> [52 KB]<\/p>\n<p>Satzung des Vereins in der ab 10.12.2006 g\u00fcltigen Fassung: <strong><a HREF=\"http:\/\/www.bushido-lubwart.de\/wordpress\/wp-content\/uploads\/2008\/02\/satzung061210.pdf\" TARGET=\"_blank\">Satzung jetzt downloaden<\/a><\/strong> [94 KB]<\/p>\n<p>Satzung des Vereins in der ab 07.03.2004 g\u00fcltigen Fassung: <strong><a HREF=\"http:\/\/www.bushido-lubwart.de\/wordpress\/wp-content\/uploads\/2008\/02\/satzung070304.pdf\" TARGET=\"_blank\">diese Fassung jetzt downloaden<\/a><\/strong> [125 KB]<\/p>\n<p>Satzung des Vereins in der ab 31.03.2001 g\u00fcltigen Fassung: <strong><a HREF=\"http:\/\/www.bushido-lubwart.de\/wordpress\/wp-content\/uploads\/2008\/02\/satzung310301.pdf\" TARGET=\"_blank\">diese Fassung jetzt downloaden<\/a><\/strong> [41 KB]<\/p>\n<p>Satzung des Vereins in der bis 31.03.2001 g\u00fcltigen Fassung: <a HREF=\"http:\/\/www.bushido-lubwart.de\/wordpress\/wp-content\/uploads\/2008\/02\/satzung270399.pdf\" TARGET=\"_blank\"><strong>diese Fassung jetzt downloaden<\/strong><\/a> [31 KB]<\/p>\n","protected":false},"excerpt":{"rendered":"<p>Diese Dokumente sind im PDF-Format hinterlegt. Zum Anzeigen und Ausdrucken von PDF-Dateien ist der Acrobat Reader von Adobe erforderlich, den Sie sich hier downloaden k\u00f6nnen. Satzung des Vereins in der ab 12.12.2009 g\u00fcltigen Fassung: Satzung jetzt downloaden [52 KB] Satzung des Vereins in der ab 10.12.2006 g\u00fcltigen Fassung: Satzung jetzt downloaden [94 KB] Satzung des [&hellip;]<\/p>\n","protected":false},"author":2,"featured_media":0,"parent":1015,"menu_order":1,"comment_status":"open","ping_status":"open","template":"","meta":{"ngg_post_thumbnail":0,"footnotes":""},"class_list":["post-1016","page","type-page","status-publish","hentry"],"_links":{"self":[{"href":"https:\/\/www.bushido-lubwart.de\/wordpress\/wp-json\/wp\/v2\/pages\/1016"}],"collection":[{"href":"https:\/\/www.bushido-lubwart.de\/wordpress\/wp-json\/wp\/v2\/pages"}],"about":[{"href":"https:\/\/www.bushido-lubwart.de\/wordpress\/wp-json\/wp\/v2\/types\/page"}],"author":[{"embeddable":true,"href":"https:\/\/www.bushido-lubwart.de\/wordpress\/wp-json\/wp\/v2\/users\/2"}],"replies":[{"embeddable":true,"href":"https:\/\/www.bushido-lubwart.de\/wordpress\/wp-json\/wp\/v2\/comments?post=1016"}],"version-history":[{"count":3,"href":"https:\/\/www.bushido-lubwart.de\/wordpress\/wp-json\/wp\/v2\/pages\/1016\/revisions"}],"predecessor-version":[{"id":2381,"href":"https:\/\/www.bushido-lubwart.de\/wordpress\/wp-json\/wp\/v2\/pages\/1016\/revisions\/2381"}],"up":[{"embeddable":true,"href":"https:\/\/www.bushido-lubwart.de\/wordpress\/wp-json\/wp\/v2\/pages\/1015"}],"wp:attachment":[{"href":"https:\/\/www.bushido-lubwart.de\/wordpress\/wp-json\/wp\/v2\/media?parent=1016"}],"curies":[{"name":"wp","href":"https:\/\/api.w.org\/{rel}","templated":true}]}}