{"id":1006,"date":"2008-02-22T11:06:55","date_gmt":"2008-02-22T10:06:55","guid":{"rendered":"http:\/\/www.bushido-lubwart.de\/wordpress\/?page_id=1006"},"modified":"2016-09-09T09:04:25","modified_gmt":"2016-09-09T08:04:25","slug":"geschaftsfuhrer-2-vertreter","status":"publish","type":"page","link":"https:\/\/www.bushido-lubwart.de\/wordpress\/unser-verein\/der-vorstand\/geschaftsfuhrer-2-vertreter\/","title":{"rendered":"Gesch\u00e4ftsf\u00fchrer (2. Vertreter)"},"content":{"rendered":"<p><img loading=\"lazy\" decoding=\"async\" src=\"http:\/\/www.bushido-lubwart.de\/wordpress\/wp-content\/uploads\/2008\/02\/unservereinvorstandmarco_150.jpg\" width=\"150\" height=\"199\" align=\"left\" border=\"0\" hspace=\"10\" vspace=\"10\" \/>Marco Pfitzmann (geborener Ke\u00dfler) ist bereits seit 1992 Mitglied unseres Vereins.<\/p>\n<p>Mitte der 90er Jahre war Marco bereits f\u00fcr einige Jahre im erweiterten Vereinsvorstand als Chronist t\u00e4tig. Dieses Amt legte er dann nieder, um sich voll auf die anstehenden Abschluss-Pr\u00fcfungen zu konzentrieren.<\/p>\n<p>Im Dezember 2006 wurde er erneut in den Vorstand gew\u00e4hlt. Er \u00fcbernimmt nun die Aufgaben von Dr. Anne Roeder, die dieses Amt aus beruflichen Gr\u00fcnden aufgeben musste.<\/p>\n<p>Sein Hauptaufgabengebiet liegt in der Verwaltung der Vereinsfinanzen.<\/p>\n<p>Am 27.8.2016 hat Marco Ke\u00dfler geheiratet und den Namen Marco Pfitzmann angenommen.<\/p>\n","protected":false},"excerpt":{"rendered":"<p>Marco Pfitzmann (geborener Ke\u00dfler) ist bereits seit 1992 Mitglied unseres Vereins. Mitte der 90er Jahre war Marco bereits f\u00fcr einige Jahre im erweiterten Vereinsvorstand als Chronist t\u00e4tig. Dieses Amt legte er dann nieder, um sich voll auf die anstehenden Abschluss-Pr\u00fcfungen zu konzentrieren. Im Dezember 2006 wurde er erneut in den Vorstand gew\u00e4hlt. Er \u00fcbernimmt nun [&hellip;]<\/p>\n","protected":false},"author":2,"featured_media":0,"parent":1003,"menu_order":4,"comment_status":"open","ping_status":"closed","template":"","meta":{"ngg_post_thumbnail":0,"footnotes":""},"class_list":["post-1006","page","type-page","status-publish","hentry"],"_links":{"self":[{"href":"https:\/\/www.bushido-lubwart.de\/wordpress\/wp-json\/wp\/v2\/pages\/1006"}],"collection":[{"href":"https:\/\/www.bushido-lubwart.de\/wordpress\/wp-json\/wp\/v2\/pages"}],"about":[{"href":"https:\/\/www.bushido-lubwart.de\/wordpress\/wp-json\/wp\/v2\/types\/page"}],"author":[{"embeddable":true,"href":"https:\/\/www.bushido-lubwart.de\/wordpress\/wp-json\/wp\/v2\/users\/2"}],"replies":[{"embeddable":true,"href":"https:\/\/www.bushido-lubwart.de\/wordpress\/wp-json\/wp\/v2\/comments?post=1006"}],"version-history":[{"count":4,"href":"https:\/\/www.bushido-lubwart.de\/wordpress\/wp-json\/wp\/v2\/pages\/1006\/revisions"}],"predecessor-version":[{"id":3050,"href":"https:\/\/www.bushido-lubwart.de\/wordpress\/wp-json\/wp\/v2\/pages\/1006\/revisions\/3050"}],"up":[{"embeddable":true,"href":"https:\/\/www.bushido-lubwart.de\/wordpress\/wp-json\/wp\/v2\/pages\/1003"}],"wp:attachment":[{"href":"https:\/\/www.bushido-lubwart.de\/wordpress\/wp-json\/wp\/v2\/media?parent=1006"}],"curies":[{"name":"wp","href":"https:\/\/api.w.org\/{rel}","templated":true}]}}