{"id":1004,"date":"2008-02-22T11:05:42","date_gmt":"2008-02-22T10:05:42","guid":{"rendered":"http:\/\/www.bushido-lubwart.de\/wordpress\/?page_id=1004"},"modified":"2022-06-16T07:38:25","modified_gmt":"2022-06-16T06:38:25","slug":"vorsitzender","status":"publish","type":"page","link":"https:\/\/www.bushido-lubwart.de\/wordpress\/unser-verein\/der-vorstand\/vorsitzender\/","title":{"rendered":"Vorsitzender"},"content":{"rendered":"\n<p><img decoding=\"async\" src=\"http:\/\/www.bushido-lubwart.de\/wordpress\/wp-content\/uploads\/2008\/02\/unservereinvorstandralph_150.jpg\" alt=\"unservereinvorstandralph_150.jpg\" align=\"left\">Ralph P. G\u00f6rlach wurde am 25.04.1973 geboren. Nach Beendigung seines Studiums war er bis Ende 2001 hauptberuflich in der Finanzverwaltung des Landes Brandenburg t\u00e4tig. Seit 1988 ist er Organist an der Katholischen Kirche zu Elsterwerda.<\/p>\n\n\n\n<p>Als nach dem Zusammenbruch der DDR Karate endlich ohne Beschr\u00e4nkungen offen trainiert werden konnte, gr\u00fcndete sich innerhalb des Polizeisportvereins Bad Liebenwerda die Abteilung Kampfsport \/ Karate, der auch Ralph alsbald angeh\u00f6rte.<\/p>\n\n\n\n<p>Die Aktivit\u00e4ten des Polizeisportvereins (PSV) wurden nach und nach eingestellt, weshalb Ralph anregte, einen eigenen Verein zu gr\u00fcnden. Am 30. Juni 1992 wurde dann die Gr\u00fcndung des Vereins vollzogen.<\/p>\n\n\n\n<p>Wie auch schon im PSV war Ralph auch hier zun\u00e4chst weiterhin als Gesch\u00e4ftsf\u00fchrer t\u00e4tig. Seit 1993 ist er Vorsitzender unseres Vereins.<\/p>\n","protected":false},"excerpt":{"rendered":"<p>Ralph P. G\u00f6rlach wurde am 25.04.1973 geboren. Nach Beendigung seines Studiums war er bis Ende 2001 hauptberuflich in der Finanzverwaltung des Landes Brandenburg t\u00e4tig. Seit 1988 ist er Organist an der Katholischen Kirche zu Elsterwerda. Als nach dem Zusammenbruch der DDR Karate endlich ohne Beschr\u00e4nkungen offen trainiert werden konnte, gr\u00fcndete sich innerhalb des Polizeisportvereins Bad [&hellip;]<\/p>\n","protected":false},"author":2,"featured_media":0,"parent":1003,"menu_order":2,"comment_status":"open","ping_status":"closed","template":"","meta":{"ngg_post_thumbnail":0,"footnotes":""},"class_list":["post-1004","page","type-page","status-publish","hentry"],"_links":{"self":[{"href":"https:\/\/www.bushido-lubwart.de\/wordpress\/wp-json\/wp\/v2\/pages\/1004"}],"collection":[{"href":"https:\/\/www.bushido-lubwart.de\/wordpress\/wp-json\/wp\/v2\/pages"}],"about":[{"href":"https:\/\/www.bushido-lubwart.de\/wordpress\/wp-json\/wp\/v2\/types\/page"}],"author":[{"embeddable":true,"href":"https:\/\/www.bushido-lubwart.de\/wordpress\/wp-json\/wp\/v2\/users\/2"}],"replies":[{"embeddable":true,"href":"https:\/\/www.bushido-lubwart.de\/wordpress\/wp-json\/wp\/v2\/comments?post=1004"}],"version-history":[{"count":2,"href":"https:\/\/www.bushido-lubwart.de\/wordpress\/wp-json\/wp\/v2\/pages\/1004\/revisions"}],"predecessor-version":[{"id":3562,"href":"https:\/\/www.bushido-lubwart.de\/wordpress\/wp-json\/wp\/v2\/pages\/1004\/revisions\/3562"}],"up":[{"embeddable":true,"href":"https:\/\/www.bushido-lubwart.de\/wordpress\/wp-json\/wp\/v2\/pages\/1003"}],"wp:attachment":[{"href":"https:\/\/www.bushido-lubwart.de\/wordpress\/wp-json\/wp\/v2\/media?parent=1004"}],"curies":[{"name":"wp","href":"https:\/\/api.w.org\/{rel}","templated":true}]}}