{"id":953,"date":"2008-02-21T13:33:57","date_gmt":"2008-02-21T12:33:57","guid":{"rendered":"http:\/\/www.bushido-lubwart.de\/wordpress\/?page_id=953"},"modified":"2024-10-01T12:52:54","modified_gmt":"2024-10-01T11:52:54","slug":"unser-verein","status":"publish","type":"page","link":"http:\/\/www.bushido-lubwart.de\/wordpress\/unser-verein\/","title":{"rendered":"Unser Verein"},"content":{"rendered":"<p><img loading=\"lazy\" decoding=\"async\" src=\"http:\/\/www.bushido-lubwart.de\/wordpress\/wp-content\/uploads\/2008\/02\/erfolg.jpg\" alt=\"\" width=\"150\" height=\"112\" align=\"right\" border=\"0\" hspace=\"10\" vspace=\"10\">Der Verein mit Sitz in Bad Liebenwerda wurde am 30.06.1992 gegr\u00fcndet. Er ist Mitglied im Kreissportbund Elbe-Elster, Landessportbund Brandenburg e.V., Stadtsportverband Bad Liebenwerda und Shotokan Ryu in Deutschland e.V. Sie finden uns in S\u00fcdbrandenburg, im Landkreis Elbe-Elster.<\/p>\n<p><strong>Unser Verein vertritt in erster Linie das traditionelle Shotokan Karate.<\/strong><\/p>\n<p>Weitere Bet\u00e4tigungsfelder des Vereins sind die Kinder- und Jugendf\u00fcrsorge sowie die F\u00f6rderung der internationalen Gesinnung und Toleranz:<\/p>\n<ul>\n<li>die Gestaltung von gemeinsamen Spiel- und Spa\u00dfnachmittagen<\/li>\n<li>Ausfahrten und anderen geselligen Veranstaltungen<\/li>\n<li>F\u00f6rderung internationaler Begegnungen<\/li>\n<li>Organisation, Durchf\u00fchrung und Vermittlung von Sch\u00fcleraustauschprogrammen<\/li>\n<li>Information \u00fcber Kultur, Br\u00e4uche, Traditionen und Geschichte insbesondere des s\u00fcdoastasiatischen Kulturkreises<\/li>\n<\/ul>\n<p>Der Verein hat derzeit rund 50 Mitglieder, von denen die Mehrzahl das 18. Lebensjahr noch nicht vollendet haben.<\/p>\n<p><strong>Alles rund um unseren Verein:<\/strong><\/p>\n<ul>\n<li><a href=\"http:\/\/www.bushido-lubwart.de\/wordpress\/?page_id=1002\">Die Gesch\u00e4ftsstelle<\/a><\/li>\n<li><a href=\"http:\/\/www.bushido-lubwart.de\/wordpress\/?page_id=1003\">Der Vorstand<\/a><\/li>\n<li><a href=\"http:\/\/www.bushido-lubwart.de\/wordpress\/?page_id=1010\">Die Revisionskommission<\/a><\/li>\n<li><a href=\"http:\/\/www.bushido-lubwart.de\/wordpress\/?page_id=1014\">Mitglied werden<\/a><\/li>\n<li><a href=\"http:\/\/www.bushido-lubwart.de\/wordpress\/?page_id=1015\">Regelwerk<\/a><\/li>\n<li><a href=\"http:\/\/www.bushido-lubwart.de\/wordpress\/?page_id=1026\">Beitr\u00e4ge<\/a><\/li>\n<li><a title=\"Karate im Verein\" href=\"http:\/\/www.bushido-lubwart.de\/wordpress\/?page_id=1030\">Karate im Verein<\/a><\/li>\n<\/ul>\n<p>Trainiert wird bei uns an vier Tagen die Woche an zwei <a href=\"http:\/\/www.bushido-lubwart.de\/wordpress\/?page_id=1051\">Trainingsorten<\/a>: Bad Liebenwerda und Elsterwerda.<\/p>\n<p>Hier erhalten Sie einen \u00dcberblick \u00fcber die <a href=\"http:\/\/www.bushido-lubwart.de\/wordpress\/?page_id=1031\">Trainingsm\u00f6glichkeiten in unserem Verein<\/a>.<\/p>\n<p>Der Verein verf\u00fcgt \u00fcber vom Landessportbund Brandenburg und Karatefachverband lizensierte <a href=\"http:\/\/www.bushido-lubwart.de\/wordpress\/?page_id=1032\">\u00dcbungsleiter<\/a>.<\/p>\n<p><a href=\"http:\/\/www.bushido-lubwart.de\/wordpress\/?page_id=1033\">Ralph P. G\u00f6rlach<\/a>&nbsp;und <a href=\"http:\/\/www.bushido-lubwart.de\/wordpress\/?page_id=1034\">Marco Pfitzmann (geb. Ke\u00dfler)<\/a> werden insbesondere durch&nbsp;<a href=\"http:\/\/www.bushido-lubwart.de\/wordpress\/?page_id=1032\">Sven Schr\u00f6ter<\/a> und Sophie Schulze beim Training unterst\u00fctzt.<\/p>\n<p>Die gute Arbeit unserer Trainer wird auch immer wieder durch entsprechende <a href=\"http:\/\/www.bushido-lubwart.de\/wordpress\/?page_id=1038\">Erfolge&nbsp;bei Meisterschaften<\/a> belegt.<\/p>\n","protected":false},"excerpt":{"rendered":"<p>Der Verein mit Sitz in Bad Liebenwerda wurde am 30.06.1992 gegr\u00fcndet. Er ist Mitglied im Kreissportbund Elbe-Elster, Landessportbund Brandenburg e.V., Stadtsportverband Bad Liebenwerda und Shotokan Ryu in Deutschland e.V. Sie finden uns in S\u00fcdbrandenburg, im Landkreis Elbe-Elster. Unser Verein vertritt in erster Linie das traditionelle Shotokan Karate. Weitere Bet\u00e4tigungsfelder des Vereins sind die Kinder- und [&hellip;]<\/p>\n","protected":false},"author":1,"featured_media":0,"parent":0,"menu_order":1,"comment_status":"open","ping_status":"closed","template":"","meta":{"ngg_post_thumbnail":0,"footnotes":""},"class_list":["post-953","page","type-page","status-publish","hentry"],"_links":{"self":[{"href":"http:\/\/www.bushido-lubwart.de\/wordpress\/wp-json\/wp\/v2\/pages\/953"}],"collection":[{"href":"http:\/\/www.bushido-lubwart.de\/wordpress\/wp-json\/wp\/v2\/pages"}],"about":[{"href":"http:\/\/www.bushido-lubwart.de\/wordpress\/wp-json\/wp\/v2\/types\/page"}],"author":[{"embeddable":true,"href":"http:\/\/www.bushido-lubwart.de\/wordpress\/wp-json\/wp\/v2\/users\/1"}],"replies":[{"embeddable":true,"href":"http:\/\/www.bushido-lubwart.de\/wordpress\/wp-json\/wp\/v2\/comments?post=953"}],"version-history":[{"count":11,"href":"http:\/\/www.bushido-lubwart.de\/wordpress\/wp-json\/wp\/v2\/pages\/953\/revisions"}],"predecessor-version":[{"id":3695,"href":"http:\/\/www.bushido-lubwart.de\/wordpress\/wp-json\/wp\/v2\/pages\/953\/revisions\/3695"}],"wp:attachment":[{"href":"http:\/\/www.bushido-lubwart.de\/wordpress\/wp-json\/wp\/v2\/media?parent=953"}],"curies":[{"name":"wp","href":"https:\/\/api.w.org\/{rel}","templated":true}]}}